{"id":866,"date":"2019-06-20T15:17:53","date_gmt":"2019-06-20T13:17:53","guid":{"rendered":"http:\/\/culoz.fr\/dvlpt\/?page_id=866"},"modified":"2025-12-12T12:21:10","modified_gmt":"2025-12-12T11:21:10","slug":"urbanisme-et-voirie","status":"publish","type":"page","link":"https:\/\/culoz-beon.fr\/?page_id=866","title":{"rendered":"Urbanisme et voirie"},"content":{"rendered":"\n<h1 class=\"wp-block-heading\">Urbanisme et voirie<\/h1>\n\n\n\n<div class=\"wp-block-advgb-accordions advgb-accordions-9d25501f-09d3-4e12-a4de-0d9cbba63ab6 advgb-accordion-wrapper\" data-collapsed=\"true\">\n<div class=\"wp-block-advgb-accordion-item advgb-accordion-item\" style=\"margin-bottom:15px\"><div class=\"advgb-accordion-header\" style=\"background-color:#000;color:#eee;border-style:solid;border-width:1px;border-radius:2px\"><span class=\"advgb-accordion-header-icon\"><svg fill=\"#fff\" xmlns=\"http:\/\/www.w3.org\/2000\/svg\" width=\"24\" height=\"24\" viewBox=\"0 0 24 24\"><path fill=\"none\" d=\"M0,0h24v24H0V0z\"><\/path><path d=\"M12,5.83L15.17,9l1.41-1.41L12,3L7.41,7.59L8.83,9L12,5.83z M12,18.17L8.83,15l-1.41,1.41L12,21l4.59-4.59L15.17,15 L12,18.17z\"><\/path><\/svg><\/span><h4 class=\"advgb-accordion-header-title\" style=\"color:inherit\">Quelles autorisations, pour quels travaux ?<\/h4><\/div><div class=\"advgb-accordion-body\" style=\"border-style:solid !important;border-width:1px !important;border-color:undefined !important;border-top:none !important;border-radius:2px !important\">\n<p>La d\u00e9livrance d&rsquo;une autorisation d&rsquo;urbanisme permet \u00e0 la commune de v\u00e9rifier la conformit\u00e9 des travaux par rapport aux r\u00e8gles d&rsquo;urbanisme. Selon l&rsquo;importance des travaux, il faut d\u00e9poser un permis (permis de construire, d&rsquo;am\u00e9nager&#8230;) ou une d\u00e9claration pr\u00e9alable.&nbsp;<\/p>\n\n\n\n<figure class=\"wp-block-image size-large\"><img loading=\"lazy\" decoding=\"async\" width=\"790\" height=\"1024\" src=\"https:\/\/culoz-beon.fr\/wp-content\/uploads\/2023\/01\/1666710752155-1-790x1024.jpg\" alt=\"\" class=\"wp-image-6162\" srcset=\"https:\/\/culoz-beon.fr\/wp-content\/uploads\/2023\/01\/1666710752155-1-790x1024.jpg 790w, https:\/\/culoz-beon.fr\/wp-content\/uploads\/2023\/01\/1666710752155-1-231x300.jpg 231w, https:\/\/culoz-beon.fr\/wp-content\/uploads\/2023\/01\/1666710752155-1-768x996.jpg 768w, https:\/\/culoz-beon.fr\/wp-content\/uploads\/2023\/01\/1666710752155-1-19x24.jpg 19w, https:\/\/culoz-beon.fr\/wp-content\/uploads\/2023\/01\/1666710752155-1-28x36.jpg 28w, https:\/\/culoz-beon.fr\/wp-content\/uploads\/2023\/01\/1666710752155-1-37x48.jpg 37w, https:\/\/culoz-beon.fr\/wp-content\/uploads\/2023\/01\/1666710752155-1.jpg 800w\" sizes=\"(max-width: 790px) 100vw, 790px\" \/><\/figure>\n\n\n\n<div class=\"wp-block-file bouton-bleu\"><a href=\"https:\/\/culoz-beon.fr\/wp-content\/uploads\/2023\/12\/Guide-pratique-autorisations-durbanisme.pdf\" class=\"wp-block-file__button wp-element-button\" download>Guide-pratique-autorisations-d&rsquo;urbanisme<\/a><\/div>\n\n\n\n<p><\/p>\n\n\n\n<p>Le d\u00e9lai d&rsquo;instruction figure sur le r\u00e9c\u00e9piss\u00e9 remis au demandeur lors du d\u00e9p\u00f4t de son dossier en mairie. Ce d\u00e9lai commun est de :<\/p>\n\n\n\n<ul>\n<li>1 mois pour les d\u00e9clarations pr\u00e9alables.<\/li>\n\n\n\n<li>2 mois pour les d\u00e9clarations pr\u00e9alables (projet situ\u00e9e dans un site dans les abords d\u2019un monument historique)<\/li>\n\n\n\n<li>2 mois pour les permis de construire de maisons individuelles et les permis de d\u00e9molir.<\/li>\n\n\n\n<li>3 mois pour tous les autres permis.<\/li>\n<\/ul>\n\n\n\n<p>Un d\u00e9lai diff\u00e9rent peut \u00eatre fix\u00e9 lorsque certaines consultations sont\nn\u00e9cessaires : architecte des b\u00e2timents de France, commission de s\u00e9curit\u00e9\nincendie, accessibilit\u00e9 personnes handicap\u00e9es, etc.&nbsp;<\/p>\n\n\n\n<ul>\n<li>Les imprim\u00e9s sont disponibles  sur <a aria-label=\"le&nbsp;site internet du service public (s\u2019ouvre dans un nouvel onglet)\" href=\"https:\/\/www.service-public.fr\/particuliers\/vosdroits\/N319\" target=\"_blank\" rel=\"noreferrer noopener\">le&nbsp;site internet du service public<\/a><\/li>\n<\/ul>\n\n\n\n<p>Les demandes doivent \u00eatre d\u00e9pos\u00e9es au service urbanisme de la mairie, ou \u00eatre envoy\u00e9es par courrier avec accus\u00e9 r\u00e9ception ou de mani\u00e8re d\u00e9mat\u00e9rialis\u00e9e.<\/p>\n\n\n\n<p>Ces demandes doivent \u00eatre adress\u00e9es en 2 exemplaires ou 3 exemplaires si le projet est situ\u00e9 dans les p\u00e9rim\u00e8tres prot\u00e9g\u00e9s du ch\u00e2teau ou de la gare.<\/p>\n<\/div><\/div>\n<\/div>\n\n\n\n<p><\/p>\n\n\n\n<div class=\"wp-block-advgb-accordions advgb-accordions-80fd88a5-5c43-483c-a35c-357acd92f076 advgb-accordion-wrapper\" data-collapsed=\"true\">\n<div class=\"wp-block-advgb-accordion-item advgb-accordion-item\" style=\"margin-bottom:15px\"><div class=\"advgb-accordion-header\" style=\"background-color:#000;color:#eee;border-style:solid;border-width:1px;border-radius:2px\"><span class=\"advgb-accordion-header-icon\"><svg fill=\"#fff\" xmlns=\"http:\/\/www.w3.org\/2000\/svg\" width=\"24\" height=\"24\" viewBox=\"0 0 24 24\"><path fill=\"none\" d=\"M0,0h24v24H0V0z\"><\/path><path d=\"M12,5.83L15.17,9l1.41-1.41L12,3L7.41,7.59L8.83,9L12,5.83z M12,18.17L8.83,15l-1.41,1.41L12,21l4.59-4.59L15.17,15 L12,18.17z\"><\/path><\/svg><\/span><h4 class=\"advgb-accordion-header-title\" style=\"color:inherit\">La d\u00e9mat\u00e9rialisation des demandes d&rsquo;autorisation d&rsquo;urbanisme<\/h4><\/div><div class=\"advgb-accordion-body\" style=\"border-style:solid !important;border-width:1px !important;border-color:undefined !important;border-top:none !important;border-radius:2px !important\">\n<p>Les communes de Bugey-Sud sont pr\u00eates \u00e0 recevoir vos demandes de permis de construire, de d\u00e9claration pr\u00e9alable de travaux ou de certificats d\u2019urbanisme en ligne, gratuitement, de mani\u00e8re plus simple et plus rapide.&nbsp;<\/p>\n\n\n\n<p><a href=\"https:\/\/puu.siea-sig.fr\">https:\/\/puu.siea-sig.fr<\/a><\/p>\n\n\n\n<p><\/p>\n<\/div><\/div>\n<\/div>\n\n\n\n<div class=\"wp-block-advgb-accordions advgb-accordions-b17f8ae1-6eb0-48cd-9416-dd39627ac874 advgb-accordion-wrapper\" data-collapsed=\"true\">\n<div class=\"wp-block-advgb-accordion-item advgb-accordion-item\" style=\"margin-bottom:15px\"><div class=\"advgb-accordion-header\" style=\"background-color:#000;color:#eee;border-style:solid;border-width:1px;border-radius:2px\"><span class=\"advgb-accordion-header-icon\"><svg fill=\"#fff\" xmlns=\"http:\/\/www.w3.org\/2000\/svg\" width=\"24\" height=\"24\" viewBox=\"0 0 24 24\"><path fill=\"none\" d=\"M0,0h24v24H0V0z\"><\/path><path d=\"M12,5.83L15.17,9l1.41-1.41L12,3L7.41,7.59L8.83,9L12,5.83z M12,18.17L8.83,15l-1.41,1.41L12,21l4.59-4.59L15.17,15 L12,18.17z\"><\/path><\/svg><\/span><h4 class=\"advgb-accordion-header-title\" style=\"color:inherit\">Demande d&rsquo;alignement, autorisation de voirie intercommunale<\/h4><\/div><div class=\"advgb-accordion-body\" style=\"border-style:solid !important;border-width:1px !important;border-color:undefined !important;border-top:none !important;border-radius:2px !important\">\n<p><a href=\"http:\/\/culoz-beon.fr\/old-site\/img\/Guide%20de%20gestion%20du%20domaine%20public.pdf\" target=\"_blank\" rel=\"noreferrer noopener\">Consulter le guide de la gestion du domaine public<\/a>&nbsp;\/\/&nbsp;<a href=\"http:\/\/culoz-beon.fr\/old-site\/img\/Demande%20alignement%20et%20autorisation%20voirie.pdf\" target=\"_blank\" rel=\"noreferrer noopener\">T\u00e9l\u00e9charger le document<\/a><\/p>\n<\/div><\/div>\n<\/div>\n\n\n\n<div class=\"wp-block-advgb-accordions advgb-accordions-d3ca5cf3-2afd-4a64-8887-d42d2496c231 advgb-accordion-wrapper\" data-collapsed=\"true\">\n<div class=\"wp-block-advgb-accordion-item advgb-accordion-item\" style=\"margin-bottom:15px\"><div class=\"advgb-accordion-header\" style=\"background-color:#000;color:#eee;border-style:solid;border-width:1px;border-radius:2px\"><span class=\"advgb-accordion-header-icon\"><svg fill=\"#fff\" xmlns=\"http:\/\/www.w3.org\/2000\/svg\" width=\"24\" height=\"24\" viewBox=\"0 0 24 24\"><path fill=\"none\" d=\"M0,0h24v24H0V0z\"><\/path><path d=\"M12,5.83L15.17,9l1.41-1.41L12,3L7.41,7.59L8.83,9L12,5.83z M12,18.17L8.83,15l-1.41,1.41L12,21l4.59-4.59L15.17,15 L12,18.17z\"><\/path><\/svg><\/span><h4 class=\"advgb-accordion-header-title\" style=\"color:inherit\">Demande de permission ou d&rsquo;autorisation de voirie, de permis de stationnement, ou d&rsquo;autorisation d&rsquo;entreprendre des travaux<\/h4><\/div><div class=\"advgb-accordion-body\" style=\"border-style:solid !important;border-width:1px !important;border-color:undefined !important;border-top:none !important;border-radius:2px !important\">\n<p>Il convient de faire la demande 7 jours avant.<\/p>\n\n\n\n<div data-wp-interactive=\"\" class=\"wp-block-file bouton-bleu\"><object data-wp-bind--hidden=\"!selectors.core.file.hasPdfPreview\" hidden class=\"wp-block-file__embed\" data=\"https:\/\/culoz-beon.fr\/wp-content\/uploads\/2024\/03\/cerfa_14023-01-permission-de-voirie.pdf\" type=\"application\/pdf\" style=\"width:100%;height:600px\" aria-label=\"PDF embarqu\u00e9\"><\/object><a href=\"https:\/\/culoz-beon.fr\/wp-content\/uploads\/2024\/03\/cerfa_14023-01-permission-de-voirie.pdf\" class=\"wp-block-file__button wp-element-button\" download>cerfa_14023-01-permission-de-voirie<\/a><\/div>\n<\/div><\/div>\n<\/div>\n\n\n\n<p><\/p>\n\n\n\n<p><\/p>\n\n\n\n<div class=\"wp-block-advgb-accordions advgb-accordions-4c4b6379-6d81-4ab2-aaa7-8cfd25164b46 advgb-accordion-wrapper\" data-collapsed=\"true\">\n<div class=\"wp-block-advgb-accordion-item advgb-accordion-item\" style=\"margin-bottom:15px\"><div class=\"advgb-accordion-header\" style=\"background-color:#000;color:#eee;border-style:solid;border-width:1px;border-radius:2px\"><span class=\"advgb-accordion-header-icon\"><svg fill=\"#fff\" xmlns=\"http:\/\/www.w3.org\/2000\/svg\" width=\"24\" height=\"24\" viewBox=\"0 0 24 24\"><path fill=\"none\" d=\"M0,0h24v24H0V0z\"><\/path><path d=\"M12,5.83L15.17,9l1.41-1.41L12,3L7.41,7.59L8.83,9L12,5.83z M12,18.17L8.83,15l-1.41,1.41L12,21l4.59-4.59L15.17,15 L12,18.17z\"><\/path><\/svg><\/span><h4 class=\"advgb-accordion-header-title\" style=\"color:inherit\">Culoz-B\u00e9on PPR \u00ab\u00a0Inondation du Rh\u00f4ne et du S\u00e9ran, chute de blocs et effondrement rocheux\u00a0\u00bb approuv\u00e9 le 12 d\u00e9cembre 2024<\/h4><\/div><div class=\"advgb-accordion-body\" style=\"border-style:solid !important;border-width:1px !important;border-color:undefined !important;border-top:none !important;border-radius:2px !important\">\n<p><\/p>\n\n\n\n<p><a href=\"https:\/\/www.ain.gouv.fr\/Actions-de-l-Etat\/Environnement-risques-naturels-et-technologiques\/Risques-majeurs-naturels-et-technologiques\/4.-Plans-de-Prevention-des-Risques-dans-l-Ain-PPR\/Plans-de-Prevention-des-risques-naturels\/Culoz-Beon-PPR-Inondation-chute-de-blocs-et-effondrement-rocheux-approuve-le-12-12-2024\">https:\/\/www.ain.gouv.fr\/Actions-de-l-Etat\/Environnement-risques-naturels-et-technologiques\/Risques-majeurs-naturels-et-technologiques\/4.-Plans-de-Prevention-des-Risques-dans-l-Ain-PPR\/Plans-de-Prevention-des-risques-naturels\/Culoz-Beon-PPR-Inondation-chute-de-blocs-et-effondrement-rocheux-approuve-le-12-12-2024<\/a><\/p>\n<\/div><\/div>\n<\/div>\n\n\n\n<p><\/p>\n","protected":false},"excerpt":{"rendered":"<p>Urbanisme et voirie<\/p>\n","protected":false},"author":1,"featured_media":0,"parent":0,"menu_order":4,"comment_status":"closed","ping_status":"closed","template":"","meta":{"advgb_blocks_editor_width":"","advgb_blocks_columns_visual_guide":"","footnotes":""},"coauthors":[],"author_meta":{"author_link":"https:\/\/culoz-beon.fr\/?author=1","display_name":"culozfreyoculoz"},"relative_dates":{"created":"Publi\u00e9 7 ans il y a","modified":"Mis \u00e0 jour 5 mois il y a"},"absolute_dates":{"created":"Publi\u00e9 le 20 juin 2019","modified":"Mise \u00e0 jour le 12 d\u00e9cembre 2025"},"absolute_dates_time":{"created":"Publi\u00e9 le 20 juin 2019 15 h 17 min","modified":"Mise \u00e0 jour le 12 d\u00e9cembre 2025 12 h 21 min"},"featured_img_caption":"","featured_img":false,"series_order":"","_links":{"self":[{"href":"https:\/\/culoz-beon.fr\/index.php?rest_route=\/wp\/v2\/pages\/866"}],"collection":[{"href":"https:\/\/culoz-beon.fr\/index.php?rest_route=\/wp\/v2\/pages"}],"about":[{"href":"https:\/\/culoz-beon.fr\/index.php?rest_route=\/wp\/v2\/types\/page"}],"author":[{"embeddable":true,"href":"https:\/\/culoz-beon.fr\/index.php?rest_route=\/wp\/v2\/users\/1"}],"replies":[{"embeddable":true,"href":"https:\/\/culoz-beon.fr\/index.php?rest_route=%2Fwp%2Fv2%2Fcomments&post=866"}],"version-history":[{"count":37,"href":"https:\/\/culoz-beon.fr\/index.php?rest_route=\/wp\/v2\/pages\/866\/revisions"}],"predecessor-version":[{"id":9352,"href":"https:\/\/culoz-beon.fr\/index.php?rest_route=\/wp\/v2\/pages\/866\/revisions\/9352"}],"wp:attachment":[{"href":"https:\/\/culoz-beon.fr\/index.php?rest_route=%2Fwp%2Fv2%2Fmedia&parent=866"}],"curies":[{"name":"wp","href":"https:\/\/api.w.org\/{rel}","templated":true}]}}