{"id":853,"date":"2019-06-20T15:12:44","date_gmt":"2019-06-20T13:12:44","guid":{"rendered":"http:\/\/culoz.fr\/dvlpt\/?page_id=853"},"modified":"2026-04-24T11:39:05","modified_gmt":"2026-04-24T09:39:05","slug":"offres-demploi","status":"publish","type":"page","link":"https:\/\/culoz-beon.fr\/?page_id=853","title":{"rendered":"Offres d&#8217;emploi"},"content":{"rendered":"\n<section class=\"wp-block-uagb-section uagb-section__wrap uagb-section__background-image alignfull uagb-block-fcca8929\"><div class=\"uagb-section__overlay\"><\/div><div class=\"uagb-section__inner-wrap\">\n\n<h1 class=\"titre-page-bandeau wp-block-heading\">Offres d&#8217;emploi<\/h1>\n\n\n<p><\/p>\n\n<\/div><\/section>\n\n\n\n<div data-wp-interactive=\"\" class=\"wp-block-file\"><object data-wp-bind--hidden=\"!selectors.core.file.hasPdfPreview\" hidden class=\"wp-block-file__embed\" data=\"https:\/\/culoz-beon.fr\/wp-content\/uploads\/2026\/04\/annonce-apprenti-cap-aepe.pdf\" type=\"application\/pdf\" style=\"width:100%;height:600px\" aria-label=\"Contenu embarqu\u00e9 annonce-apprenti-cap-aepe.\"><\/object><a id=\"wp-block-file--media-4b2f35c5-1138-4523-9858-5afefe5fa220\" href=\"https:\/\/culoz-beon.fr\/wp-content\/uploads\/2026\/04\/annonce-apprenti-cap-aepe.pdf\">annonce-apprenti-cap-aepe<\/a><a href=\"https:\/\/culoz-beon.fr\/wp-content\/uploads\/2026\/04\/annonce-apprenti-cap-aepe.pdf\" class=\"wp-block-file__button wp-element-button\" download aria-describedby=\"wp-block-file--media-4b2f35c5-1138-4523-9858-5afefe5fa220\">T\u00e9l\u00e9charger<\/a><\/div>\n","protected":false},"excerpt":{"rendered":"","protected":false},"author":1,"featured_media":0,"parent":0,"menu_order":5,"comment_status":"closed","ping_status":"closed","template":"","meta":{"advgb_blocks_editor_width":"","advgb_blocks_columns_visual_guide":"","footnotes":""},"coauthors":[],"author_meta":{"author_link":"https:\/\/culoz-beon.fr\/?author=1","display_name":"culozfreyoculoz"},"relative_dates":{"created":"Publi\u00e9 7 ans il y a","modified":"Mis \u00e0 jour 1 semaine il y a"},"absolute_dates":{"created":"Publi\u00e9 le 20 juin 2019","modified":"Mise \u00e0 jour le 24 avril 2026"},"absolute_dates_time":{"created":"Publi\u00e9 le 20 juin 2019 15 h 12 min","modified":"Mise \u00e0 jour le 24 avril 2026 11 h 39 min"},"featured_img_caption":"","featured_img":false,"series_order":"","_links":{"self":[{"href":"https:\/\/culoz-beon.fr\/index.php?rest_route=\/wp\/v2\/pages\/853"}],"collection":[{"href":"https:\/\/culoz-beon.fr\/index.php?rest_route=\/wp\/v2\/pages"}],"about":[{"href":"https:\/\/culoz-beon.fr\/index.php?rest_route=\/wp\/v2\/types\/page"}],"author":[{"embeddable":true,"href":"https:\/\/culoz-beon.fr\/index.php?rest_route=\/wp\/v2\/users\/1"}],"replies":[{"embeddable":true,"href":"https:\/\/culoz-beon.fr\/index.php?rest_route=%2Fwp%2Fv2%2Fcomments&post=853"}],"version-history":[{"count":69,"href":"https:\/\/culoz-beon.fr\/index.php?rest_route=\/wp\/v2\/pages\/853\/revisions"}],"predecessor-version":[{"id":10060,"href":"https:\/\/culoz-beon.fr\/index.php?rest_route=\/wp\/v2\/pages\/853\/revisions\/10060"}],"wp:attachment":[{"href":"https:\/\/culoz-beon.fr\/index.php?rest_route=%2Fwp%2Fv2%2Fmedia&parent=853"}],"curies":[{"name":"wp","href":"https:\/\/api.w.org\/{rel}","templated":true}]}}