{"id":844,"date":"2019-06-20T15:07:34","date_gmt":"2019-06-20T13:07:34","guid":{"rendered":"http:\/\/culoz.fr\/dvlpt\/?page_id=844"},"modified":"2026-03-27T08:00:06","modified_gmt":"2026-03-27T07:00:06","slug":"conseil-municipal","status":"publish","type":"page","link":"https:\/\/culoz-beon.fr\/?page_id=844","title":{"rendered":"Equipe municipale"},"content":{"rendered":"\n<p><\/p>\n\n\n\n<p><\/p>\n\n\n\n<p><br><\/p>\n\n\n\n<p><\/p>\n\n\n\n<p><\/p>\n\n\n\n<p><\/p>\n\n\n\n<p><\/p>\n\n\n\n<p><\/p>\n\n\n\n<p><\/p>\n\n\n\n<p><\/p>\n\n\n\n<p><\/p>\n\n\n\n<p><\/p>\n\n\n\n<p><\/p>\n\n\n\n<p><\/p>\n\n\n\n<p><\/p>\n\n\n\n<p><\/p>\n\n\n\n<p><\/p>\n\n\n\n<p><\/p>\n\n\n\n<p><\/p>\n\n\n\n<p><\/p>\n\n\n\n<p><\/p>\n","protected":false},"excerpt":{"rendered":"","protected":false},"author":1,"featured_media":0,"parent":0,"menu_order":1,"comment_status":"closed","ping_status":"closed","template":"","meta":{"advgb_blocks_editor_width":"","advgb_blocks_columns_visual_guide":"","footnotes":""},"coauthors":[],"author_meta":{"author_link":"https:\/\/culoz-beon.fr\/?author=1","display_name":"culozfreyoculoz"},"relative_dates":{"created":"Publi\u00e9 7 ans il y a","modified":"Mis \u00e0 jour 2 semaines il y a"},"absolute_dates":{"created":"Publi\u00e9 le 20 juin 2019","modified":"Mise \u00e0 jour le 27 mars 2026"},"absolute_dates_time":{"created":"Publi\u00e9 le 20 juin 2019 15 h 07 min","modified":"Mise \u00e0 jour le 27 mars 2026 8 h 00 min"},"featured_img_caption":"","featured_img":false,"series_order":"","_links":{"self":[{"href":"https:\/\/culoz-beon.fr\/index.php?rest_route=\/wp\/v2\/pages\/844"}],"collection":[{"href":"https:\/\/culoz-beon.fr\/index.php?rest_route=\/wp\/v2\/pages"}],"about":[{"href":"https:\/\/culoz-beon.fr\/index.php?rest_route=\/wp\/v2\/types\/page"}],"author":[{"embeddable":true,"href":"https:\/\/culoz-beon.fr\/index.php?rest_route=\/wp\/v2\/users\/1"}],"replies":[{"embeddable":true,"href":"https:\/\/culoz-beon.fr\/index.php?rest_route=%2Fwp%2Fv2%2Fcomments&post=844"}],"version-history":[{"count":33,"href":"https:\/\/culoz-beon.fr\/index.php?rest_route=\/wp\/v2\/pages\/844\/revisions"}],"predecessor-version":[{"id":10003,"href":"https:\/\/culoz-beon.fr\/index.php?rest_route=\/wp\/v2\/pages\/844\/revisions\/10003"}],"wp:attachment":[{"href":"https:\/\/culoz-beon.fr\/index.php?rest_route=%2Fwp%2Fv2%2Fmedia&parent=844"}],"curies":[{"name":"wp","href":"https:\/\/api.w.org\/{rel}","templated":true}]}}