{"id":829,"date":"2019-06-20T12:14:19","date_gmt":"2019-06-20T10:14:19","guid":{"rendered":"http:\/\/culoz.fr\/dvlpt\/?page_id=829"},"modified":"2024-04-26T11:31:21","modified_gmt":"2024-04-26T09:31:21","slug":"lieux-culturels","status":"publish","type":"page","link":"https:\/\/culoz-beon.fr\/?page_id=829","title":{"rendered":"Lieux culturels"},"content":{"rendered":"\n<div class=\"wp-block-advgb-adv-tabs advgb-tabs-wrapper advgb-tab-horz-desktop advgb-tab-vert-tablet advgb-tab-stack-mobile advgb-tabs-397dfa1a-b7e1-41e9-abd4-b69705900272\" data-tab-active=\"0\"><ul class=\"advgb-tabs-panel\"><li class=\"advgb-tab\" style=\"background-color:#abb8c3;border-style:none;border-width:1px;border-radius:10px\"><a id=\"\" href=\"#advgb-tabs-tab0\" style=\"color:#fff\"><span> Salle des f\u00eates, le Pha\u00ebton <\/span><\/a><\/li><li class=\"advgb-tab\" style=\"background-color:#abb8c3;border-style:none;border-width:1px;border-radius:10px\"><a id=\"\" href=\"#advgb-tabs-tab1\" style=\"color:#fff\"><span> M\u00e9diath\u00e8que <\/span><\/a><\/li><li class=\"advgb-tab\" style=\"background-color:#abb8c3;border-style:none;border-width:1px;border-radius:10px\"><a id=\"\" href=\"#advgb-tabs-tab2\" style=\"color:#fff\"><span> Maison du patrimoine <\/span><\/a><\/li><li class=\"advgb-tab\" style=\"background-color:#abb8c3;border-style:none;border-width:1px;border-radius:10px\"><a id=\"\" href=\"#advgb-tabs-tab3\" style=\"color:#fff\"><span>Salle des f\u00eates L\u00e9on Ponnet &#8211; B\u00e9on<\/span><\/a><\/li><\/ul><div class=\"advgb-tab-body-wrapper\" style=\"border-style:none;border-width:1px;border-radius:10px\">\n<div class=\"wp-block-advgb-tab advgb-tab-body-container\"><div class=\"advgb-tab-body-header advgb-tab-class-\"> Salle des f\u00eates, le Pha\u00ebton <\/div><div class=\"advgb-tab-_0d74f3-71 advgb-tab-body\" aria-labelledby=\"advgb-tabs-tab0\">\n<p>La salle des f\u00eates de Culoz-B\u00e9on, \u00ab\u00a0le Pha\u00ebton\u00a0\u00bb (nomm\u00e9e d&rsquo;apr\u00e8s la premi\u00e8re voiture \u00e0 vapeur invent\u00e9e par <a href=\"https:\/\/culoz-beon.fr\/index.php\/histoire-et-patrimoine\/\">les fr\u00e8res Serpollet<\/a>), est situ\u00e9e \u00e0 la sortie ouest de Culoz et accueille de multiples animations et r\u00e9unions tout au long de l&rsquo;ann\u00e9e.<\/p>\n\n\n\n<div class=\"wp-block-advgb-list\"><ul class=\"advgblist-78b119eb-d5f3-4707-be35-947a8e7a66c9 advgb-list advgb-list-controls-play\">\n<li><\/li>\n<\/ul><\/div>\n\n\n\n<figure class=\"wp-block-gallery has-nested-images columns-default is-cropped wp-block-gallery-1 is-layout-flex wp-block-gallery-is-layout-flex\">\n<figure class=\"wp-block-image size-large\"><img loading=\"lazy\" decoding=\"async\" width=\"1024\" height=\"699\" src=\"https:\/\/culoz-beon.fr\/wp-content\/uploads\/2020\/03\/DSCF4180-1024x699.jpg\" alt=\"\" class=\"wp-image-2695\" srcset=\"https:\/\/culoz-beon.fr\/wp-content\/uploads\/2020\/03\/DSCF4180-1024x699.jpg 1024w, https:\/\/culoz-beon.fr\/wp-content\/uploads\/2020\/03\/DSCF4180-300x205.jpg 300w, https:\/\/culoz-beon.fr\/wp-content\/uploads\/2020\/03\/DSCF4180-768x525.jpg 768w, https:\/\/culoz-beon.fr\/wp-content\/uploads\/2020\/03\/DSCF4180-1536x1049.jpg 1536w, https:\/\/culoz-beon.fr\/wp-content\/uploads\/2020\/03\/DSCF4180-2048x1399.jpg 2048w\" sizes=\"(max-width: 1024px) 100vw, 1024px\" \/><figcaption class=\"wp-element-caption\">Int\u00e9rieur de la salle des f\u00eates<\/figcaption><\/figure>\n\n\n\n<figure class=\"wp-block-image size-large\"><img loading=\"lazy\" decoding=\"async\" width=\"1024\" height=\"721\" src=\"https:\/\/culoz-beon.fr\/wp-content\/uploads\/2020\/03\/DSCF4189-1024x721.jpg\" alt=\"\" class=\"wp-image-2696\" srcset=\"https:\/\/culoz-beon.fr\/wp-content\/uploads\/2020\/03\/DSCF4189-1024x721.jpg 1024w, https:\/\/culoz-beon.fr\/wp-content\/uploads\/2020\/03\/DSCF4189-300x211.jpg 300w, https:\/\/culoz-beon.fr\/wp-content\/uploads\/2020\/03\/DSCF4189-768x540.jpg 768w, https:\/\/culoz-beon.fr\/wp-content\/uploads\/2020\/03\/DSCF4189-1536x1081.jpg 1536w, https:\/\/culoz-beon.fr\/wp-content\/uploads\/2020\/03\/DSCF4189-2048x1441.jpg 2048w\" sizes=\"(max-width: 1024px) 100vw, 1024px\" \/><figcaption class=\"wp-element-caption\">La salle des f\u00eates depuis l&rsquo;ext\u00e9rieur<\/figcaption><\/figure>\n\n\n\n<figure class=\"wp-block-image size-large\"><img loading=\"lazy\" decoding=\"async\" width=\"1024\" height=\"768\" src=\"https:\/\/culoz-beon.fr\/wp-content\/uploads\/2020\/03\/IMG_2788-1024x768.jpg\" alt=\"\" class=\"wp-image-2699\" srcset=\"https:\/\/culoz-beon.fr\/wp-content\/uploads\/2020\/03\/IMG_2788-1024x768.jpg 1024w, https:\/\/culoz-beon.fr\/wp-content\/uploads\/2020\/03\/IMG_2788-300x225.jpg 300w, https:\/\/culoz-beon.fr\/wp-content\/uploads\/2020\/03\/IMG_2788-768x576.jpg 768w, https:\/\/culoz-beon.fr\/wp-content\/uploads\/2020\/03\/IMG_2788-1536x1152.jpg 1536w, https:\/\/culoz-beon.fr\/wp-content\/uploads\/2020\/03\/IMG_2788-2048x1536.jpg 2048w\" sizes=\"(max-width: 1024px) 100vw, 1024px\" \/><figcaption class=\"wp-element-caption\">Entr\u00e9e de la salle des f\u00eates<\/figcaption><\/figure>\n<\/figure>\n<\/div><\/div>\n\n\n\n<div class=\"wp-block-advgb-tab advgb-tab-body-container\"><div class=\"advgb-tab-body-header advgb-tab-class-\"> M\u00e9diath\u00e8que <\/div><div class=\"advgb-tab-_9bd3d6-2c advgb-tab-body\" aria-labelledby=\"advgb-tabs-tab1\">\n<p>Ferm\u00e9e pendant une semaine durant les vacances de f\u00e9vrier pour permettre aux agents de la r\u00e9organiser, la M\u00e9diath\u00e8que a rouvert ses portes le 27 f\u00e9vrier pour pr\u00e9senter son nouveau visage aux usagers.<\/p>\n\n\n\n<p>Aboutissement d\u2019un an de travail men\u00e9 par Rapha\u00ebl Caput le responsable de la m\u00e9diath\u00e8que, en partenariat avec la Biblioth\u00e8que D\u00e9partementale et en relation avec Micka\u00ebl Moutot, \u00e9lu municipal d\u00e9l\u00e9gu\u00e9 \u00e0 la m\u00e9diath\u00e8que, le r\u00e9am\u00e9nagement a \u00e9t\u00e9 l\u2019occasion de repenser tous les espaces. En effet, face \u00e0 l\u2019\u00e9volution des usages et du public qui fr\u00e9quente la m\u00e9diath\u00e8que, l\u2019ancienne organisation avait besoin d\u2019une mise \u00e0 jour.<\/p>\n\n\n\n<p>Le fil rouge de la r\u00e9flexion a \u00e9t\u00e9 de penser la M\u00e9diath\u00e8que comme plus ouverte, plus lumineuse, avec plus d\u2019espace pour s\u2019installer et passer du temps sur place. L\u2019espace jeunesse a \u00e9t\u00e9 agrandi, pour permettre \u00e0 ce public majoritaire d\u2019\u00eatre moins \u00e0 l\u2019\u00e9troit. Cela permet aussi de mieux accueillir les \u00e9coles et les groupes qui viennent \u00e0 la m\u00e9diath\u00e8que.<br>Ce r\u00e9am\u00e9nagement a \u00e9galement \u00e9t\u00e9 l\u2019occasion de travailler sur les collections. Ainsi, certains rayons dat\u00e9s ont \u00e9t\u00e9 rafra\u00eechis pour les rendre plus attractifs, par exemple les documentaires. Pour rappel, vous pouvez aussi trouver \u00e0 la m\u00e9diath\u00e8que des bandes-dessin\u00e9es, des romans, des magazines, des DVD, des CD\u2026<\/p>\n\n\n\n<p>Un nouveau fonds a \u00e9t\u00e9 cr\u00e9\u00e9, le fonds Facile \u00e0 Lire, qui propose des livres adapt\u00e9s pour les personnes qui n\u2019ont plus ou pas l\u2019habitude de lire, des r\u00e9cits courts, simples et adapt\u00e9s.<\/p>\n\n\n\n<p>Un fonds de livres adapt\u00e9s aux Dys (troubles du langage \u00e9crit : dyslexie, dysorthographie et dysgraphie) a \u00e9galement \u00e9t\u00e9 identifi\u00e9 et sera prochainement mis en avant.<\/p>\n\n\n\n<p>Enfin, un Espace Public Num\u00e9rique compos\u00e9 de 6 ordinateurs accessibles gratuitement m\u00eame aux non adh\u00e9rents a \u00e9t\u00e9 install\u00e9. Il servira notamment pour les cours d\u2019informatique organis\u00e9s par la conseill\u00e8re num\u00e9rique.<\/p>\n\n\n\n<p>Des ajustements continueront \u00e0 \u00eatre apport\u00e9s sur les prochains mois, notamment suite aux retours des usagers. Un travail sur la signal\u00e9tique, pour permettre de mieux se rep\u00e9rer dans la m\u00e9diath\u00e8que, a \u00e9galement \u00e9t\u00e9 amorc\u00e9.<\/p>\n\n\n\n<p><a href=\"https:\/\/culoz-beon.fr\/index.php\/mediatheque\/\">Plus de d\u00e9tails sur la page du site d\u00e9di\u00e9e en cliquant ici.<\/a><\/p>\n\n\n\n<figure class=\"wp-block-image size-large is-resized\"><img loading=\"lazy\" decoding=\"async\" width=\"1024\" height=\"683\" src=\"https:\/\/culoz-beon.fr\/wp-content\/uploads\/2020\/03\/IMG_0098-1024x683.jpg\" alt=\"\" class=\"wp-image-2706\" style=\"width:667px;height:auto\" srcset=\"https:\/\/culoz-beon.fr\/wp-content\/uploads\/2020\/03\/IMG_0098-1024x683.jpg 1024w, https:\/\/culoz-beon.fr\/wp-content\/uploads\/2020\/03\/IMG_0098-300x200.jpg 300w, https:\/\/culoz-beon.fr\/wp-content\/uploads\/2020\/03\/IMG_0098-768x512.jpg 768w, https:\/\/culoz-beon.fr\/wp-content\/uploads\/2020\/03\/IMG_0098-1536x1024.jpg 1536w, https:\/\/culoz-beon.fr\/wp-content\/uploads\/2020\/03\/IMG_0098-2048x1365.jpg 2048w\" sizes=\"(max-width: 1024px) 100vw, 1024px\" \/><\/figure>\n\n\n\n<figure class=\"wp-block-image size-large is-resized\"><img loading=\"lazy\" decoding=\"async\" width=\"683\" height=\"1024\" src=\"https:\/\/culoz-beon.fr\/wp-content\/uploads\/2024\/04\/IMG_1614-683x1024.jpg\" alt=\"\" class=\"wp-image-8027\" style=\"width:443px;height:auto\" srcset=\"https:\/\/culoz-beon.fr\/wp-content\/uploads\/2024\/04\/IMG_1614-683x1024.jpg 683w, https:\/\/culoz-beon.fr\/wp-content\/uploads\/2024\/04\/IMG_1614-200x300.jpg 200w, https:\/\/culoz-beon.fr\/wp-content\/uploads\/2024\/04\/IMG_1614-768x1152.jpg 768w, https:\/\/culoz-beon.fr\/wp-content\/uploads\/2024\/04\/IMG_1614-1024x1536.jpg 1024w, https:\/\/culoz-beon.fr\/wp-content\/uploads\/2024\/04\/IMG_1614-1365x2048.jpg 1365w, https:\/\/culoz-beon.fr\/wp-content\/uploads\/2024\/04\/IMG_1614-16x24.jpg 16w, https:\/\/culoz-beon.fr\/wp-content\/uploads\/2024\/04\/IMG_1614-24x36.jpg 24w, https:\/\/culoz-beon.fr\/wp-content\/uploads\/2024\/04\/IMG_1614-32x48.jpg 32w, https:\/\/culoz-beon.fr\/wp-content\/uploads\/2024\/04\/IMG_1614-scaled.jpg 1707w\" sizes=\"(max-width: 683px) 100vw, 683px\" \/><\/figure>\n\n\n\n<figure class=\"wp-block-image size-large is-resized\"><img loading=\"lazy\" decoding=\"async\" width=\"1024\" height=\"683\" src=\"https:\/\/culoz-beon.fr\/wp-content\/uploads\/2024\/04\/IMG_1617-1024x683.jpg\" alt=\"\" class=\"wp-image-8026\" style=\"width:549px;height:auto\" srcset=\"https:\/\/culoz-beon.fr\/wp-content\/uploads\/2024\/04\/IMG_1617-1024x683.jpg 1024w, https:\/\/culoz-beon.fr\/wp-content\/uploads\/2024\/04\/IMG_1617-300x200.jpg 300w, https:\/\/culoz-beon.fr\/wp-content\/uploads\/2024\/04\/IMG_1617-768x512.jpg 768w, https:\/\/culoz-beon.fr\/wp-content\/uploads\/2024\/04\/IMG_1617-1536x1024.jpg 1536w, https:\/\/culoz-beon.fr\/wp-content\/uploads\/2024\/04\/IMG_1617-2048x1365.jpg 2048w, https:\/\/culoz-beon.fr\/wp-content\/uploads\/2024\/04\/IMG_1617-24x16.jpg 24w, https:\/\/culoz-beon.fr\/wp-content\/uploads\/2024\/04\/IMG_1617-36x24.jpg 36w, https:\/\/culoz-beon.fr\/wp-content\/uploads\/2024\/04\/IMG_1617-48x32.jpg 48w\" sizes=\"(max-width: 1024px) 100vw, 1024px\" \/><\/figure>\n<\/div><\/div>\n\n\n\n<div class=\"wp-block-advgb-tab advgb-tab-body-container\"><div class=\"advgb-tab-body-header advgb-tab-class-\"> Maison du patrimoine <\/div><div class=\"advgb-tab-_bed8e0-60 advgb-tab-body\" aria-labelledby=\"advgb-tabs-tab2\">\n<h2 class=\"wp-block-heading\" id=\"block-810ab7f4-2995-49ba-a182-0fa4602a2370\">Maison du Patrimoine<\/h2>\n\n\n\n<p><iframe style=\"border-radius:12px\" src=\"https:\/\/open.spotify.com\/embed\/episode\/6z80t5e6AnbAKz5sNc3Njo?utm_source=generator\" width=\"100%\" height=\"352\" frameborder=\"0\" allowfullscreen=\"\" allow=\"autoplay; clipboard-write; encrypted-media; fullscreen; picture-in-picture\" loading=\"lazy\"><\/iframe><\/p>\n\n\n\n<figure class=\"wp-block-image\" id=\"block-b9101aff-0a53-476d-8a8a-bca0885faaca\"><img decoding=\"async\" src=\"https:\/\/culoz-beon.fr\/wp-content\/uploads\/2023\/10\/MP-Murier-1.jpg\" alt=\"L\u2019attribut alt de cette image est vide, son nom de fichier est MP-Murier-1.jpg.\"\/><\/figure>\n\n\n\n<p id=\"block-8045544a-6d18-45bf-946c-53adefee4530\">Dans cette ancienne rectorie, diff\u00e9rentes salles \u00e9voquent l\u2019histoire de Culoz, son arch\u00e9ologie, ses<br>personnages c\u00e9l\u00e8bres et son patrimoine industriel.<\/p>\n\n\n\n<figure class=\"wp-block-image is-resized\" id=\"block-00a0e9bb-51ed-4e2d-9304-3bba49a9a204\"><img decoding=\"async\" src=\"https:\/\/culoz-beon.fr\/wp-content\/uploads\/2023\/10\/HommeCuloz-1-1024x768.jpg\" alt=\"L\u2019attribut alt de cette image est vide, son nom de fichier est HommeCuloz-1-1024x768.jpg.\" style=\"width:453px;height:auto\"\/><\/figure>\n\n\n\n<figure class=\"wp-block-image is-resized\" id=\"block-1ab51778-a26d-41bf-bd83-d1e3ef771605\"><img decoding=\"async\" src=\"https:\/\/culoz-beon.fr\/wp-content\/uploads\/2023\/10\/Culoz-musee-J-8848-1.jpg\" alt=\"L\u2019attribut alt de cette image est vide, son nom de fichier est Culoz-musee-J-8848-1.jpg.\" style=\"width:445px;height:auto\"\/><\/figure>\n\n\n\n<figure class=\"wp-block-image is-resized\" id=\"block-ff2ce9fe-4e75-41f7-b06f-99b8ad1f5cf0\"><img decoding=\"async\" src=\"https:\/\/culoz-beon.fr\/wp-content\/uploads\/2023\/10\/Serpopo.jpg\" alt=\"L\u2019attribut alt de cette image est vide, son nom de fichier est Serpopo.jpg.\" style=\"width:440px;height:auto\"\/><\/figure>\n\n\n\n<figure class=\"wp-block-image is-resized\" id=\"block-092a1733-1181-45d9-aa4d-0acaa8d467c5\"><img decoding=\"async\" src=\"https:\/\/culoz-beon.fr\/wp-content\/uploads\/2023\/10\/Culoz-J838-1.jpg\" alt=\"L\u2019attribut alt de cette image est vide, son nom de fichier est Culoz-J838-1.jpg.\" style=\"width:436px;height:auto\"\/><\/figure>\n\n\n\n<figure class=\"wp-block-image is-resized\" id=\"block-c0996344-39ad-4189-a7e6-e0696d5dece1\"><img decoding=\"async\" src=\"https:\/\/culoz-beon.fr\/wp-content\/uploads\/2023\/10\/UsineHydro-768x1024.jpg\" alt=\"L\u2019attribut alt de cette image est vide, son nom de fichier est UsineHydro-768x1024.jpg.\" style=\"width:435px;height:auto\"\/><\/figure>\n\n\n\n<p>L\u2019association continue son exploration historique de la Commune.<\/p>\n\n\n\n<p>Depuis quelques ann\u00e9es, une nouvelle \u00e9quipe s\u2019est mise en place et se donne pour objectif de valoriser au mieux les collections et les nombreux documents h\u00e9berg\u00e9s dans la Maison du Patrimoine.<\/p>\n\n\n\n<p>Apr\u00e8s avoir propos\u00e9 en 2023, des expositions et animations sur diff\u00e9rents sujets : po\u00e9sie, gastrosophie, concours de peinture, cr\u00e9ation d\u2019un jeu autour des Fr\u00e8res Serpollet, l\u2019ann\u00e9e 2024 aura comme point d\u2019orgue l\u2019organisation des Journ\u00e9es Europ\u00e9nnes de l\u2019Arch\u00e9ologie les 15 et 16 Juin<\/p>\n\n\n\n<p>en partenariat avec l\u2019APSR (Association Pr\u00e9historique Sa\u00f4ne Rh\u00f4ne), l\u2019INRAP (Institut National de Recherches Arch\u00e9ologiques Pr\u00e9ventives), la Mairie de Culoz-B\u00e9on, la Communaut\u00e9 de Communes Bugey Sud et le D\u00e9partement.<\/p>\n\n\n\n<p>Lors de ces journ\u00e9es plusieurs conf\u00e9rences traitant du patrimoine arch\u00e9ologique de Culoz allant du M\u00e9solithique \u00e0 l\u2019\u00e2ge du Bronze seront propos\u00e9es ainsi qu\u2019une exposition sur l\u2019Homme de Culoz.<\/p>\n\n\n\n<p>Des ateliers famille autour de la pr\u00e9histoire auront lieu dimanche toute la journ\u00e9e.<\/p>\n\n\n\n<p>Pour l\u2019occasion, la salle arch\u00e9ologie sera r\u00e9nov\u00e9e et orn\u00e9e de silhouettes repr\u00e9sentant une famille du M\u00e9solithique.<\/p>\n\n\n\n<p><\/p>\n\n\n\n<h2 class=\"wp-block-heading\">M\u00e9mento du week-end des JEA<\/h2>\n\n\n\n<p>Samedi 15 Juin<br>14h30: L\u2019Homme de Culoz par G\u00e9rald B\u00e9r\u00e9ziat, docteur en pr\u00e9histoire, dans la Salle Paroissiale (77<br>rue Henry Dunant)<br>17h : Expos\u00e9 par Marc Cartonnet, pr\u00e9historien, devant l\u2019Abri sous balme (Av de la gare)<\/p>\n\n\n\n<p>Dimanche 16 Juin<br>10h \u00e0 12h : ateliers famille anim\u00e9s par l\u2019APSR dans les jardins de la Maison du Patrimoine<br>14h \u00e0 17h : ateliers famille anim\u00e9s par Emilie Roumagoux (CCBS) et Florence-Audrey Bourgeat<br>(OT) dans les jardins de la Maison du Patrimoine<br>14h30 : Vivre dans la r\u00e9gion de Culoz \u00e0 la fin de l\u2019\u00e2ge du Bronze par Jean Michel Treffort, INRAP<br>dans la Salle Paroissiale<br>Dimanche , \u00e0 partir de 11h30, \u00e0 proximit\u00e9 de la Maison du Patrimoine, possibilit\u00e9 de restauration<br>avec la pr\u00e9sence d\u2019un food-truck (paninis, cr\u00eapes et galettes) et de d\u00e9gustation de vins<br>du domaine de Bel-Air<\/p>\n\n\n\n<p>Cette saison, l\u2019exposition annuelle sera consacr\u00e9e \u00e0 l\u2019univers de la photo argentique \u00e0 travers une<br>collection de pochettes photo des ann\u00e9es 20 aux ann\u00e9es 60.<br>Vous pourrez la d\u00e9couvrir les 5 Mai, 2, 15-16 Juin, 7 et 28 Juillet, 25 Ao\u00fbt et 21-22 Septembre<br>(Journ\u00e9es Europ\u00e9ennes du Patrimoine).<br>En dehors de ces dates, une visite est possible sur demande pour de petits groupes.<br>D\u00e9sormais la visite de la Maison et des expositions sera gratuite gr\u00e2ce au soutien de la mairie.<br>Cette ann\u00e9e, l\u2019association f\u00eate ses 30 ans !<\/p>\n\n\n\n<p>Pour suivre son activit\u00e9 :<br>https:\/\/www.facebook.com\/culozPatrimoine\/<br>Pour la contacter :<br>Courriel :&#99;&#x75;&#108;&#x6f;&#122;&#x2e;&#112;&#x61;t&#x72;i&#x6d;o&#x69;n&#101;&#x40;&#121;&#x61;&#104;&#x6f;&#111;&#x2e;&#102;&#x72;<br>T\u00e9l\u00e9phone : 06.03.39.27.13 (Jean Luc Giguet)<\/p>\n<\/div><\/div>\n\n\n\n<div class=\"wp-block-advgb-tab advgb-tab-body-container\"><div class=\"advgb-tab-body-header advgb-tab-class-\">Salle des f\u00eates L\u00e9on Ponnet &#8211; B\u00e9on<\/div><div class=\"advgb-tab-_8f38dc-08 advgb-tab-body\" aria-labelledby=\"advgb-tabs-tab3\">\n<p>Capacit\u00e9 d\u2019accueil du public : 60 personnes<\/p>\n\n\n\n<p>Toute demande de r\u00e9servation de la Salle Polyvalente se fera par \u00e9crit aupr\u00e8s de la Mairie de B\u00e9on au plus tard 10 jours avant la date de r\u00e9servation souhait\u00e9e.<\/p>\n\n\n\n<p>La demande devra \u00eatre accompagn\u00e9e d\u2019un ch\u00e8que de caution d\u2019un montant de 400 euros \u00e0 l\u2019ordre du&nbsp;<strong>Tr\u00e9sor Public.<\/strong><\/p>\n\n\n\n<p>Une fois la date accord\u00e9e, un rendez-vous sera fix\u00e9 pour l\u2019inventaire des locaux, la remise des cl\u00e9s ainsi que celle d\u2019une copie d\u2019attestation d\u2019assurance couvrant la location de salle.<\/p>\n\n\n\n<p>(L\u2019assureur pourra faxer cette attestation directement \u00e0 la Mairie de B\u00e9on).<\/p>\n\n\n\n<p>Le ch\u00e8que et l\u2019attestation d\u2019assurance doivent \u00eatre&nbsp;<strong>au m\u00eame nom<\/strong>.<\/p>\n\n\n\n<p>La salle peut \u00eatre lou\u00e9e pour le week-end ou pour une dur\u00e9e inf\u00e9rieure (voir d\u00e9tails dans la rubrique tarif)<\/p>\n\n\n\n<p>Il est \u00e9galement possible de&nbsp;<strong>r\u00e9server seulement l\u2019abri ext\u00e9rieur des installations sportives<\/strong>, si la salle n\u2019est pas d\u00e9j\u00e0 lou\u00e9e \u00e0 cette date, la priorit\u00e9 \u00e9tant donn\u00e9e \u00e0 la location de la salle. (Voir tarifs ci-dessous)<\/p>\n\n\n\n<p>La location de la salle polyvalente ne donne pas acc\u00e8s \u00e0 l\u2019utilisation de l\u2019abri.<\/p>\n\n\n\n<p>Un \u00e9tat des lieux avec inventaire aura lieu \u00e0 la restitution des cl\u00e9s (rendez-vous fix\u00e9 lors de la remise des cl\u00e9s)<\/p>\n\n\n\n<p><strong>Stationnement<\/strong><\/p>\n\n\n\n<p>La circulation et le stationnement de tout v\u00e9hicule \u00e0 moteur sont interdits \u00e0 l\u2019int\u00e9rieur de l\u2019enceinte.<\/p>\n\n\n\n<p><strong>Acc\u00e8s au Stade des Rousses.<\/strong><\/p>\n\n\n\n<p>L\u2019utilisation du terrain de football est autoris\u00e9e pour les enfants si aucun match n\u2019est pr\u00e9vu ce jour l\u00e0, mais l\u2019organisation de matchs est formellement interdite (sauf sur autorisation sp\u00e9ciale accord\u00e9e en mairie).<\/p>\n\n\n\n<p><strong>Attention<\/strong>&nbsp;: le stade peut \u00eatre utilis\u00e9 par le CSB les week-ends, son utilisation \u00e9tant dissoci\u00e9e de la location de la salle.<\/p>\n\n\n\n<p>Bien penser \u00e0 fermer les volets en cas de jeu de ballon\u2026.<\/p>\n\n\n\n<p>Le terrain de boules est \u00e0 la disposition des loueurs.<\/p>\n<\/div><\/div>\n<\/div><\/div>\n\n\n\n<p><\/p>\n<style class=\"advgb-styles-renderer\">.advgb-tabs-397dfa1a-b7e1-41e9-abd4-b69705900272 ul.advgb-tabs-panel li.advgb-tab.advgb-tab-active {background-color:#336799 !important;color:#fff !important;}#advgb-tabs-397dfa1a-b7e1-41e9-abd4-b69705900272 .advgb-tab-body-header.header-active, .advgb-tabs-397dfa1a-b7e1-41e9-abd4-b69705900272 .advgb-tab-body-header.header-active{background-color:#336799 !important;color:#fff !important;}.wp-block-advgb-list ul.advgblist-78b119eb-d5f3-4707-be35-947a8e7a66c9 > li{font-size:16px;}.wp-block-advgb-list ul.advgblist-78b119eb-d5f3-4707-be35-947a8e7a66c9 > li{padding-left:18px;margin-left:0;}.wp-block-advgb-list ul.advgblist-78b119eb-d5f3-4707-be35-947a8e7a66c9 > li:before{font-size:16px;color:#000;line-height:18px;margin:2px;padding:2px;margin-left:-20px}<\/style>","protected":false},"excerpt":{"rendered":"","protected":false},"author":1,"featured_media":0,"parent":0,"menu_order":3,"comment_status":"closed","ping_status":"closed","template":"","meta":{"advgb_blocks_editor_width":"","advgb_blocks_columns_visual_guide":"","footnotes":""},"coauthors":[],"author_meta":{"author_link":"https:\/\/culoz-beon.fr\/?author=1","display_name":"culozfreyoculoz"},"relative_dates":{"created":"Publi\u00e9 7 ans il y a","modified":"Mis \u00e0 jour 2 ans il y a"},"absolute_dates":{"created":"Publi\u00e9 le 20 juin 2019","modified":"Mise \u00e0 jour le 26 avril 2024"},"absolute_dates_time":{"created":"Publi\u00e9 le 20 juin 2019 12 h 14 min","modified":"Mise \u00e0 jour le 26 avril 2024 11 h 31 min"},"featured_img_caption":"","featured_img":false,"series_order":"","_links":{"self":[{"href":"https:\/\/culoz-beon.fr\/index.php?rest_route=\/wp\/v2\/pages\/829"}],"collection":[{"href":"https:\/\/culoz-beon.fr\/index.php?rest_route=\/wp\/v2\/pages"}],"about":[{"href":"https:\/\/culoz-beon.fr\/index.php?rest_route=\/wp\/v2\/types\/page"}],"author":[{"embeddable":true,"href":"https:\/\/culoz-beon.fr\/index.php?rest_route=\/wp\/v2\/users\/1"}],"replies":[{"embeddable":true,"href":"https:\/\/culoz-beon.fr\/index.php?rest_route=%2Fwp%2Fv2%2Fcomments&post=829"}],"version-history":[{"count":61,"href":"https:\/\/culoz-beon.fr\/index.php?rest_route=\/wp\/v2\/pages\/829\/revisions"}],"predecessor-version":[{"id":8144,"href":"https:\/\/culoz-beon.fr\/index.php?rest_route=\/wp\/v2\/pages\/829\/revisions\/8144"}],"wp:attachment":[{"href":"https:\/\/culoz-beon.fr\/index.php?rest_route=%2Fwp%2Fv2%2Fmedia&parent=829"}],"curies":[{"name":"wp","href":"https:\/\/api.w.org\/{rel}","templated":true}]}}