{"id":825,"date":"2019-06-20T12:13:11","date_gmt":"2019-06-20T10:13:11","guid":{"rendered":"http:\/\/culoz.fr\/dvlpt\/?page_id=825"},"modified":"2025-10-29T11:13:56","modified_gmt":"2025-10-29T10:13:56","slug":"associations","status":"publish","type":"page","link":"https:\/\/culoz-beon.fr\/?page_id=825","title":{"rendered":"Associations"},"content":{"rendered":"\n<section class=\"wp-block-uagb-section uagb-section__wrap uagb-section__background-image alignfull uagb-block-e25f0e29\"><div class=\"uagb-section__overlay\"><\/div><div class=\"uagb-section__inner-wrap\">\n\n<h1 class=\"titre-page-bandeau wp-block-heading\">Associations<\/h1>\n\n<\/div><\/section>\n\n\n\n<div data-wp-interactive=\"\" class=\"wp-block-file\"><object data-wp-bind--hidden=\"!selectors.core.file.hasPdfPreview\" hidden class=\"wp-block-file__embed\" data=\"https:\/\/culoz-beon.fr\/wp-content\/uploads\/2025\/10\/Plaquetteassociations-2025-2026.pdf\" type=\"application\/pdf\" style=\"width:100%;height:600px\" aria-label=\"Contenu embarqu\u00e9 Plaquetteassociations-2025-2026.\"><\/object><a id=\"wp-block-file--media-dcf8576b-bee1-4720-ab6f-cbeb5cc4d3c6\" href=\"https:\/\/culoz-beon.fr\/wp-content\/uploads\/2025\/10\/Plaquetteassociations-2025-2026.pdf\">Plaquetteassociations-2025-2026<\/a><a href=\"https:\/\/culoz-beon.fr\/wp-content\/uploads\/2025\/10\/Plaquetteassociations-2025-2026.pdf\" class=\"wp-block-file__button wp-element-button\" download aria-describedby=\"wp-block-file--media-dcf8576b-bee1-4720-ab6f-cbeb5cc4d3c6\">T\u00e9l\u00e9charger<\/a><\/div>\n\n\n\n<p><\/p>\n\n\n\n<div class=\"wp-block-file bouton-bleu\"><a id=\"wp-block-file--media-4c1e6e1e-fe52-4632-837b-ec226e1d9307\"><br><\/a><a href=\"https:\/\/culoz-beon.fr\/wp-content\/uploads\/2022\/11\/Dossier-prealable-a-lorganisation-dune-manifestation-inscriptible.pdf\" class=\"wp-block-file__button wp-element-button\" download aria-describedby=\"wp-block-file--media-4c1e6e1e-fe52-4632-837b-ec226e1d9307\">Dossier pr\u00e9alable \u00e0 l&rsquo;organisation d&rsquo;une manifestation<\/a><\/div>\n\n\n\n<p><\/p>\n\n\n\n<p><\/p>\n\n\n\n<p><\/p>\n\n\n\n<div class=\"wp-block-advgb-accordions advgb-accordions-b50703f8-94a2-4b41-bbf3-6d8dce9d0985 advgb-accordion-wrapper\" data-collapsed=\"true\"><\/div>\n\n\n\n<p><\/p>\n\n\n\n<div class=\"wp-block-advgb-accordions advgb-accordions-d4ab36b6-7afe-4a04-9312-3878e420265c advgb-accordion-wrapper\" data-collapsed=\"true\"><\/div>\n\n\n\n<p><\/p>\n\n\n\n<h1 class=\"wp-block-heading\">Maison du Patrimoine<\/h1>\n\n\n\n<p><\/p>\n\n\n\n<figure class=\"wp-block-image size-large\"><img loading=\"lazy\" decoding=\"async\" width=\"700\" height=\"525\" src=\"https:\/\/culoz-beon.fr\/wp-content\/uploads\/2023\/10\/MP-Murier-1.jpg\" alt=\"\" class=\"wp-image-7010\" srcset=\"https:\/\/culoz-beon.fr\/wp-content\/uploads\/2023\/10\/MP-Murier-1.jpg 700w, https:\/\/culoz-beon.fr\/wp-content\/uploads\/2023\/10\/MP-Murier-1-300x225.jpg 300w, https:\/\/culoz-beon.fr\/wp-content\/uploads\/2023\/10\/MP-Murier-1-24x18.jpg 24w, https:\/\/culoz-beon.fr\/wp-content\/uploads\/2023\/10\/MP-Murier-1-36x27.jpg 36w, https:\/\/culoz-beon.fr\/wp-content\/uploads\/2023\/10\/MP-Murier-1-48x36.jpg 48w\" sizes=\"(max-width: 700px) 100vw, 700px\" \/><\/figure>\n\n\n\n<p>Dans cette ancienne rectorie, diff\u00e9rentes salles \u00e9voquent l\u2019histoire de Culoz, son arch\u00e9ologie, ses<br>personnages c\u00e9l\u00e8bres et son patrimoine industriel.<\/p>\n\n\n\n<p><\/p>\n\n\n\n<figure class=\"wp-block-image size-large is-resized\"><img loading=\"lazy\" decoding=\"async\" width=\"1024\" height=\"768\" src=\"https:\/\/culoz-beon.fr\/wp-content\/uploads\/2023\/10\/HommeCuloz-1-1024x768.jpg\" alt=\"\" class=\"wp-image-7012\" style=\"width:521px;height:auto\" srcset=\"https:\/\/culoz-beon.fr\/wp-content\/uploads\/2023\/10\/HommeCuloz-1-1024x768.jpg 1024w, https:\/\/culoz-beon.fr\/wp-content\/uploads\/2023\/10\/HommeCuloz-1-300x225.jpg 300w, https:\/\/culoz-beon.fr\/wp-content\/uploads\/2023\/10\/HommeCuloz-1-768x576.jpg 768w, https:\/\/culoz-beon.fr\/wp-content\/uploads\/2023\/10\/HommeCuloz-1-1536x1152.jpg 1536w, https:\/\/culoz-beon.fr\/wp-content\/uploads\/2023\/10\/HommeCuloz-1-2048x1536.jpg 2048w, https:\/\/culoz-beon.fr\/wp-content\/uploads\/2023\/10\/HommeCuloz-1-24x18.jpg 24w, https:\/\/culoz-beon.fr\/wp-content\/uploads\/2023\/10\/HommeCuloz-1-36x27.jpg 36w, https:\/\/culoz-beon.fr\/wp-content\/uploads\/2023\/10\/HommeCuloz-1-48x36.jpg 48w\" sizes=\"(max-width: 1024px) 100vw, 1024px\" \/><\/figure>\n\n\n\n<p><\/p>\n\n\n\n<figure class=\"wp-block-image size-large is-resized\"><img loading=\"lazy\" decoding=\"async\" width=\"700\" height=\"467\" src=\"https:\/\/culoz-beon.fr\/wp-content\/uploads\/2023\/10\/Culoz-musee-J-8848-1.jpg\" alt=\"\" class=\"wp-image-7013\" style=\"width:519px;height:auto\" srcset=\"https:\/\/culoz-beon.fr\/wp-content\/uploads\/2023\/10\/Culoz-musee-J-8848-1.jpg 700w, https:\/\/culoz-beon.fr\/wp-content\/uploads\/2023\/10\/Culoz-musee-J-8848-1-300x200.jpg 300w, https:\/\/culoz-beon.fr\/wp-content\/uploads\/2023\/10\/Culoz-musee-J-8848-1-24x16.jpg 24w, https:\/\/culoz-beon.fr\/wp-content\/uploads\/2023\/10\/Culoz-musee-J-8848-1-36x24.jpg 36w, https:\/\/culoz-beon.fr\/wp-content\/uploads\/2023\/10\/Culoz-musee-J-8848-1-48x32.jpg 48w\" sizes=\"(max-width: 700px) 100vw, 700px\" \/><\/figure>\n\n\n\n<p><\/p>\n\n\n\n<figure class=\"wp-block-image size-large is-resized\"><img loading=\"lazy\" decoding=\"async\" width=\"640\" height=\"480\" src=\"https:\/\/culoz-beon.fr\/wp-content\/uploads\/2023\/10\/Serpopo.jpg\" alt=\"\" class=\"wp-image-7014\" style=\"width:522px;height:auto\" srcset=\"https:\/\/culoz-beon.fr\/wp-content\/uploads\/2023\/10\/Serpopo.jpg 640w, https:\/\/culoz-beon.fr\/wp-content\/uploads\/2023\/10\/Serpopo-300x225.jpg 300w, https:\/\/culoz-beon.fr\/wp-content\/uploads\/2023\/10\/Serpopo-24x18.jpg 24w, https:\/\/culoz-beon.fr\/wp-content\/uploads\/2023\/10\/Serpopo-36x27.jpg 36w, https:\/\/culoz-beon.fr\/wp-content\/uploads\/2023\/10\/Serpopo-48x36.jpg 48w\" sizes=\"(max-width: 640px) 100vw, 640px\" \/><\/figure>\n\n\n\n<p><\/p>\n\n\n\n<figure class=\"wp-block-image size-large is-resized\"><img loading=\"lazy\" decoding=\"async\" width=\"700\" height=\"467\" src=\"https:\/\/culoz-beon.fr\/wp-content\/uploads\/2023\/10\/Culoz-J838-1.jpg\" alt=\"\" class=\"wp-image-7015\" style=\"width:523px;height:auto\" srcset=\"https:\/\/culoz-beon.fr\/wp-content\/uploads\/2023\/10\/Culoz-J838-1.jpg 700w, https:\/\/culoz-beon.fr\/wp-content\/uploads\/2023\/10\/Culoz-J838-1-300x200.jpg 300w, https:\/\/culoz-beon.fr\/wp-content\/uploads\/2023\/10\/Culoz-J838-1-24x16.jpg 24w, https:\/\/culoz-beon.fr\/wp-content\/uploads\/2023\/10\/Culoz-J838-1-36x24.jpg 36w, https:\/\/culoz-beon.fr\/wp-content\/uploads\/2023\/10\/Culoz-J838-1-48x32.jpg 48w\" sizes=\"(max-width: 700px) 100vw, 700px\" \/><\/figure>\n\n\n\n<p><\/p>\n\n\n\n<figure class=\"wp-block-image size-large is-resized\"><img loading=\"lazy\" decoding=\"async\" width=\"768\" height=\"1024\" src=\"https:\/\/culoz-beon.fr\/wp-content\/uploads\/2023\/10\/UsineHydro-768x1024.jpg\" alt=\"\" class=\"wp-image-7016\" style=\"width:519px;height:auto\" srcset=\"https:\/\/culoz-beon.fr\/wp-content\/uploads\/2023\/10\/UsineHydro-768x1024.jpg 768w, https:\/\/culoz-beon.fr\/wp-content\/uploads\/2023\/10\/UsineHydro-225x300.jpg 225w, https:\/\/culoz-beon.fr\/wp-content\/uploads\/2023\/10\/UsineHydro-1152x1536.jpg 1152w, https:\/\/culoz-beon.fr\/wp-content\/uploads\/2023\/10\/UsineHydro-1536x2048.jpg 1536w, https:\/\/culoz-beon.fr\/wp-content\/uploads\/2023\/10\/UsineHydro-18x24.jpg 18w, https:\/\/culoz-beon.fr\/wp-content\/uploads\/2023\/10\/UsineHydro-27x36.jpg 27w, https:\/\/culoz-beon.fr\/wp-content\/uploads\/2023\/10\/UsineHydro-36x48.jpg 36w, https:\/\/culoz-beon.fr\/wp-content\/uploads\/2023\/10\/UsineHydro-scaled.jpg 1920w\" sizes=\"(max-width: 768px) 100vw, 768px\" \/><\/figure>\n\n\n\n<p><\/p>\n\n\n\n<div class=\"wp-block-advgb-accordions advgb-accordions-a3e75580-a5e6-46f3-aa94-6a180069a756 advgb-accordion-wrapper\" data-collapsed=\"true\"><\/div>\n\n\n\n<pre class=\"wp-block-code\"><code>\n\n<\/code><\/pre>\n","protected":false},"excerpt":{"rendered":"<p>Maison du Patrimoine Dans cette ancienne rectorie, diff\u00e9rentes salles \u00e9voquent l\u2019histoire de Culoz, son arch\u00e9ologie, sespersonnages c\u00e9l\u00e8bres et son patrimoine industriel.<\/p>\n","protected":false},"author":1,"featured_media":0,"parent":0,"menu_order":1,"comment_status":"closed","ping_status":"closed","template":"","meta":{"advgb_blocks_editor_width":"","advgb_blocks_columns_visual_guide":"","footnotes":""},"coauthors":[],"author_meta":{"author_link":"https:\/\/culoz-beon.fr\/?author=1","display_name":"culozfreyoculoz"},"relative_dates":{"created":"Publi\u00e9 7 ans il y a","modified":"Mis \u00e0 jour 5 mois il y a"},"absolute_dates":{"created":"Publi\u00e9 le 20 juin 2019","modified":"Mise \u00e0 jour le 29 octobre 2025"},"absolute_dates_time":{"created":"Publi\u00e9 le 20 juin 2019 12 h 13 min","modified":"Mise \u00e0 jour le 29 octobre 2025 11 h 13 min"},"featured_img_caption":"","featured_img":false,"series_order":"","_links":{"self":[{"href":"https:\/\/culoz-beon.fr\/index.php?rest_route=\/wp\/v2\/pages\/825"}],"collection":[{"href":"https:\/\/culoz-beon.fr\/index.php?rest_route=\/wp\/v2\/pages"}],"about":[{"href":"https:\/\/culoz-beon.fr\/index.php?rest_route=\/wp\/v2\/types\/page"}],"author":[{"embeddable":true,"href":"https:\/\/culoz-beon.fr\/index.php?rest_route=\/wp\/v2\/users\/1"}],"replies":[{"embeddable":true,"href":"https:\/\/culoz-beon.fr\/index.php?rest_route=%2Fwp%2Fv2%2Fcomments&post=825"}],"version-history":[{"count":101,"href":"https:\/\/culoz-beon.fr\/index.php?rest_route=\/wp\/v2\/pages\/825\/revisions"}],"predecessor-version":[{"id":9432,"href":"https:\/\/culoz-beon.fr\/index.php?rest_route=\/wp\/v2\/pages\/825\/revisions\/9432"}],"wp:attachment":[{"href":"https:\/\/culoz-beon.fr\/index.php?rest_route=%2Fwp%2Fv2%2Fmedia&parent=825"}],"curies":[{"name":"wp","href":"https:\/\/api.w.org\/{rel}","templated":true}]}}