{"id":811,"date":"2019-06-20T12:08:23","date_gmt":"2019-06-20T10:08:23","guid":{"rendered":"http:\/\/culoz.fr\/dvlpt\/?page_id=811"},"modified":"2024-06-11T16:33:49","modified_gmt":"2024-06-11T14:33:49","slug":"decheteries-et-poubelles","status":"publish","type":"page","link":"https:\/\/culoz-beon.fr\/?page_id=811","title":{"rendered":"D\u00e9chetterie et poubelles"},"content":{"rendered":"\n<section class=\"wp-block-uagb-section uagb-section__wrap uagb-section__background-image alignfull uagb-block-5700d112-fc30-4f72-8b12-c0f68fa00f49\"><div class=\"uagb-section__overlay\"><\/div><div class=\"uagb-section__inner-wrap\">\n\n<h1 class=\"titre-page-bandeau wp-block-heading\">D\u00e9chetterie et poubelles<\/h1>\n\n<\/div><\/section>\n\n\n\n<h2 class=\"wp-block-heading\">D\u00e9chetterie<\/h2>\n\n\n\n<p>ZI en Brachay \u2013 Rue de Luyrieux \u2013 01350 Culoz-B\u00e9on<\/p>\n\n\n\n<h4 class=\"wp-block-heading\">Fermeture le jeudi<\/h4>\n\n\n\n<ul>\n<li><strong>Horaires d\u2019\u00e9t\u00e9 (1er juillet au 31 ao\u00fbt) :<\/strong><br><strong>Lundi, mardi, mercredi, vendredi, samedi de 8h15 \u00e0 13h<\/strong><\/li>\n\n\n\n<li><strong>Annuel (1er septembre au 30 juin) :<\/strong><br><strong>Lundi, mardi, mercredi, vendredi, samedi de 8h45 \u00e0 12h30 et de 14h \u00e0 18h<\/strong><\/li>\n<\/ul>\n\n\n\n<p><\/p>\n\n\n\n<figure class=\"wp-block-image size-full\"><img loading=\"lazy\" decoding=\"async\" width=\"1001\" height=\"790\" src=\"https:\/\/culoz-beon.fr\/wp-content\/uploads\/2024\/06\/horaires-dechetterie.jpg\" alt=\"\" class=\"wp-image-8219\" srcset=\"https:\/\/culoz-beon.fr\/wp-content\/uploads\/2024\/06\/horaires-dechetterie.jpg 1001w, https:\/\/culoz-beon.fr\/wp-content\/uploads\/2024\/06\/horaires-dechetterie-300x237.jpg 300w, https:\/\/culoz-beon.fr\/wp-content\/uploads\/2024\/06\/horaires-dechetterie-768x606.jpg 768w, https:\/\/culoz-beon.fr\/wp-content\/uploads\/2024\/06\/horaires-dechetterie-24x19.jpg 24w, https:\/\/culoz-beon.fr\/wp-content\/uploads\/2024\/06\/horaires-dechetterie-36x28.jpg 36w, https:\/\/culoz-beon.fr\/wp-content\/uploads\/2024\/06\/horaires-dechetterie-48x38.jpg 48w\" sizes=\"(max-width: 1001px) 100vw, 1001px\" \/><\/figure>\n\n\n\n<p><\/p>\n\n\n\n<h2 class=\"wp-block-heading\">LES CONTR\u00d4LES&nbsp;D&rsquo;ACC\u00c8S<\/h2>\n\n\n\n<figure class=\"wp-block-image\"><img decoding=\"async\" src=\"https:\/\/www.ccbugeysud.com\/wp-content\/uploads\/2022\/10\/controle-acces-dechetteries-bugey-sud.jpg\" alt=\"Contr\u00f4le acc\u00e8s d\u00e9chetteries\" class=\"wp-image-4689\"\/><\/figure>\n\n\n\n<p>L\u2019acc\u00e8s aux d\u00e9chetteries de Belley, Culoz-B\u00e9on et Virieu-le-Grand se fait par lecture des plaques d&rsquo;immatriculation.<\/p>\n\n\n\n<p>Inscrivez vos v\u00e9hicules directement en ligne :&nbsp;<a href=\"https:\/\/portail-usagers.ccbugeysud.com\/demandebadge\" target=\"_blank\" rel=\"noreferrer noopener\"><strong>cliquez ici !<\/strong><\/a><\/p>\n\n\n\n<p><\/p>\n\n\n\n<h3 class=\"wp-block-heading\">\u21d2 Pi\u00e8ces \u00e0 fournir pour les particuliers :<\/h3>\n\n\n\n<ul>\n<li>Un justificatif de domicile dat\u00e9 de moins de 3 mois<br>(factures d\u2019eau, d\u2019\u00e9lectricit\u00e9, de gaz ou de t\u00e9l\u00e9phone)<\/li>\n\n\n\n<li>Une copie de la carte grise de chaque v\u00e9hicule.<\/li>\n<\/ul>\n\n\n\n<h3 class=\"wp-block-heading\">\u21d2 Pi\u00e8ces \u00e0 fournir pour les professionnels :<\/h3>\n\n\n\n<ul>\n<li>Un justificatif de domiciliation de moins de 3 mois<\/li>\n\n\n\n<li>Un extrait Kbis<\/li>\n\n\n\n<li>Une copie de la carte grise de chaque v\u00e9hicule.<\/li>\n<\/ul>\n\n\n\n<p><\/p>\n\n\n\n<p><strong>RENSEIGNEMENTS ET INFORMATIONS : 04 79 81 01 99<\/strong><\/p>\n","protected":false},"excerpt":{"rendered":"<p>D\u00e9chetterie ZI en Brachay \u2013 Rue de Luyrieux \u2013 01350 Culoz-B\u00e9on Fermeture le jeudi LES CONTR\u00d4LES&nbsp;D&rsquo;ACC\u00c8S L\u2019acc\u00e8s aux d\u00e9chetteries de Belley, Culoz-B\u00e9on et Virieu-le-Grand se fait par lecture des plaques d&rsquo;immatriculation. Inscrivez vos v\u00e9hicules directement en ligne :&nbsp;cliquez ici ! \u21d2 Pi\u00e8ces \u00e0 fournir pour les particuliers : \u21d2 Pi\u00e8ces \u00e0 fournir pour les professionnels [&hellip;]<\/p>\n","protected":false},"author":1,"featured_media":0,"parent":0,"menu_order":8,"comment_status":"closed","ping_status":"closed","template":"","meta":{"advgb_blocks_editor_width":"","advgb_blocks_columns_visual_guide":"","footnotes":""},"coauthors":[],"author_meta":{"author_link":"https:\/\/culoz-beon.fr\/?author=1","display_name":"culozfreyoculoz"},"relative_dates":{"created":"Publi\u00e9 7 ans il y a","modified":"Mis \u00e0 jour 2 ans il y a"},"absolute_dates":{"created":"Publi\u00e9 le 20 juin 2019","modified":"Mise \u00e0 jour le 11 juin 2024"},"absolute_dates_time":{"created":"Publi\u00e9 le 20 juin 2019 12 h 08 min","modified":"Mise \u00e0 jour le 11 juin 2024 16 h 33 min"},"featured_img_caption":"","featured_img":false,"series_order":"","_links":{"self":[{"href":"https:\/\/culoz-beon.fr\/index.php?rest_route=\/wp\/v2\/pages\/811"}],"collection":[{"href":"https:\/\/culoz-beon.fr\/index.php?rest_route=\/wp\/v2\/pages"}],"about":[{"href":"https:\/\/culoz-beon.fr\/index.php?rest_route=\/wp\/v2\/types\/page"}],"author":[{"embeddable":true,"href":"https:\/\/culoz-beon.fr\/index.php?rest_route=\/wp\/v2\/users\/1"}],"replies":[{"embeddable":true,"href":"https:\/\/culoz-beon.fr\/index.php?rest_route=%2Fwp%2Fv2%2Fcomments&post=811"}],"version-history":[{"count":17,"href":"https:\/\/culoz-beon.fr\/index.php?rest_route=\/wp\/v2\/pages\/811\/revisions"}],"predecessor-version":[{"id":8220,"href":"https:\/\/culoz-beon.fr\/index.php?rest_route=\/wp\/v2\/pages\/811\/revisions\/8220"}],"wp:attachment":[{"href":"https:\/\/culoz-beon.fr\/index.php?rest_route=%2Fwp%2Fv2%2Fmedia&parent=811"}],"curies":[{"name":"wp","href":"https:\/\/api.w.org\/{rel}","templated":true}]}}