{"id":775,"date":"2019-06-20T11:22:36","date_gmt":"2019-06-20T09:22:36","guid":{"rendered":"http:\/\/culoz.fr\/dvlpt\/?page_id=775"},"modified":"2024-03-14T16:26:27","modified_gmt":"2024-03-14T15:26:27","slug":"espace-multi-accueil","status":"publish","type":"page","link":"https:\/\/culoz-beon.fr\/?page_id=775","title":{"rendered":"Espace Petite-Enfance du Colombier"},"content":{"rendered":"\n<p><\/p>\n\n\n\n<p><\/p>\n\n\n\n<div class=\"wp-block-advgb-images-slider advgb-images-slider-block advg-images-slider-a4b1b34c-d681-49e4-a558-5d4c3dfc824c\"><div class=\"advgb-images-slider\" dir=\"ltr\"><div class=\"advgb-image-slider-item\"><img decoding=\"async\" src=\"https:\/\/culoz-beon.fr\/wp-content\/uploads\/2024\/03\/photo-multiaccueil.jpg\" class=\"advgb-image-slider-img\" alt=\"\" style=\"width:100%;height:auto\"\/><div class=\"advgb-image-slider-item-info\" style=\"justify-content:center;align-items:center\"><\/div><\/div><div class=\"advgb-image-slider-item\"><img decoding=\"async\" src=\"https:\/\/culoz-beon.fr\/wp-content\/uploads\/2024\/03\/IMG_0769-scaled.jpg\" class=\"advgb-image-slider-img\" alt=\"\" style=\"width:100%;height:auto\"\/><div class=\"advgb-image-slider-item-info\" style=\"justify-content:center;align-items:center\"><\/div><\/div><\/div><\/div>\n\n\n\n<p>Un projet p\u00e9dagogique bienveillant, une \u00e9quipe pluridisciplinaire \u00e0 l\u2019\u00e9coute et des locaux bien pens\u00e9s accueillent vos enfants d\u00e8s le plus jeune \u00e2ge. La structure met en place des projets innovants pour le bien-\u00eatre des plus petits.<\/p>\n\n\n\n<p><\/p>\n\n\n\n<h2 class=\"wp-block-heading\">Informations pratiques<\/h2>\n\n\n\n<h3 class=\"wp-block-heading\" id=\"5-tarifs\"><\/h3>\n\n\n\n<h3 class=\"wp-block-heading\" id=\"6-horaires\">Horaires<\/h3>\n\n\n\n<p>Du lundi au vendredi :<\/p>\n\n\n\n<ul>\n<li>7h &#8211; 18h accueil r\u00e9gulier,<\/li>\n\n\n\n<li>9h &#8211; 17h accueil occasionnel.<\/li>\n<\/ul>\n\n\n\n<h4 class=\"wp-block-heading\" id=\"7-p\u00e9riode-de-fermeture\">P\u00e9riode de fermeture<\/h4>\n\n\n\n<p>La structure est ferm\u00e9e de 3 semaines \u00e0 3 semaines et demi en Ao\u00fbt et 1 semaine entre No\u00ebl et jour de l&rsquo;An. <\/p>\n\n\n\n<h3 class=\"wp-block-heading\" id=\"8-comment-sinscrire-\">Comment s&rsquo;inscrire ?<\/h3>\n\n\n\n<p>L&rsquo;inscription est r\u00e9serv\u00e9e aux familles de Culoz-B\u00e9on et des communes participant financi\u00e8rement au fonctionnement : Anglefort, Ceyz\u00e9rieu, Lavours, Chavornay et Flaxieu. <\/p>\n\n\n\n<p>Pour s&rsquo;inscrire, il suffit de remplir la demande d&rsquo;inscription et de prendre rendez-vous avec la responsable de la structure pour s&rsquo;informer des d\u00e9lais en mati\u00e8re de garde (liste d&rsquo;attente fr\u00e9quente). <\/p>\n\n\n\n<p><\/p>\n\n\n\n<div class=\"wp-block-file bouton-bleu\"><a href=\"https:\/\/culoz-beon.fr\/wp-content\/uploads\/2023\/01\/Fiche-de-PRE-inscription.docx\" class=\"wp-block-file__button wp-element-button\" download>Fiche-de-PRE-inscription<\/a><\/div>\n\n\n\n<div class=\"wp-block-file bouton-bleu\"><a href=\"https:\/\/culoz-beon.fr\/wp-content\/uploads\/2023\/01\/Projet-educatif_Multi-accueil-Culoz.pdf\" class=\"wp-block-file__button wp-element-button\" download>Projet-educatif_Multi-accueil-Culoz<\/a><\/div>\n\n\n\n<div class=\"wp-block-file bouton-bleu\"><a href=\"https:\/\/culoz-beon.fr\/wp-content\/uploads\/2023\/01\/Projet-pedagogique_Multi-accueil-Culoz.pdf\" class=\"wp-block-file__button wp-element-button\" download>Projet-pedagogique_Multi-accueil-Culoz<\/a><\/div>\n\n\n\n<div class=\"wp-block-file bouton-bleu\"><a href=\"https:\/\/culoz-beon.fr\/wp-content\/uploads\/2023\/01\/Projet-social_-Multi-accueil-Culoz.pdf\" class=\"wp-block-file__button wp-element-button\" download>Projet-social_-Multi-accueil-Culoz<\/a><\/div>\n\n\n\n<div class=\"wp-block-file bouton-bleu\"><a href=\"https:\/\/culoz-beon.fr\/wp-content\/uploads\/2023\/01\/RF-avec-annexes.pdf\" class=\"wp-block-file__button wp-element-button\" download>RF-avec-annexes<\/a><\/div>\n\n\n\n<p><\/p>\n\n\n\n<div class=\"wp-block-advgb-columns advgb-columns-wrapper\" id=\"advgb-cols-f878a93e-f624-42c9-9693-cbc846fc8771\"><div class=\"advgb-columns-container\"><div class=\"advgb-columns advgb-columns-row advgb-is-mobile advgb-columns-2 layout-12-12 mbl-layout-stacked gutter-50 vgutter-10\">\n<div class=\"wp-block-advgb-column advgb-column\" id=\"advgb-col-a869fc86-354f-43f6-9da3-5ace2b869991\"><div class=\"advgb-column-inner\" style=\"border-style:dotted;border-color:#0693e3;border-width:13px\">\n<h2 class=\"wp-block-heading has-text-align-center\">Adresse<\/h2>\n\n\n\n<p class=\"has-text-align-center\">All\u00e9e du Parc<\/p>\n\n\n\n<p class=\"has-text-align-center\">Culoz<\/p>\n\n\n\n<p class=\"has-text-align-center\">01350 CULOZ-BEON<\/p>\n<\/div><\/div>\n\n\n\n<div class=\"wp-block-advgb-column advgb-column\" id=\"advgb-col-5454a864-d5d8-443d-8bdd-d8e99f144c4c\"><div class=\"advgb-column-inner\" style=\"border-style:inset;border-color:#8ed1fc;border-width:8px\">\n<h2 class=\"wp-block-heading has-text-align-center\">Contact <\/h2>\n\n\n\n<p class=\"has-text-align-center\">04 79 87 79 03<\/p>\n\n\n\n<p class=\"has-text-align-center\">&#x6d;&#x75;&#x6c;&#x74;&#x69;&#x61;&#x63;&#x63;&#x75;&#x65;&#x69;&#x6c;&#x40;&#x63;&#x75;&#x6c;&#x6f;&#x7a;&#x2d;&#x62;&#x65;&#x6f;&#110;&#46;&#102;&#114;<\/p>\n\n\n\n<p><\/p>\n\n\n\n<p><\/p>\n<\/div><\/div>\n<\/div><\/div><\/div>\n<style class=\"advgb-styles-renderer\">#advgb-cols-f878a93e-f624-42c9-9693-cbc846fc8771{}@media screen and (max-width: 1023px) {#advgb-cols-f878a93e-f624-42c9-9693-cbc846fc8771{}}@media screen and (max-width: 767px) {#advgb-cols-f878a93e-f624-42c9-9693-cbc846fc8771{}}#advgb-col-a869fc86-354f-43f6-9da3-5ace2b869991>.advgb-column-inner{padding-top:5px;padding-right:5px;padding-bottom:5px;padding-left:5px;}@media screen and (max-width: 1023px) {#advgb-col-a869fc86-354f-43f6-9da3-5ace2b869991>.advgb-column-inner{}}@media screen and (max-width: 767px) {#advgb-col-a869fc86-354f-43f6-9da3-5ace2b869991>.advgb-column-inner{text-align:center;}}#advgb-col-5454a864-d5d8-443d-8bdd-d8e99f144c4c>.advgb-column-inner{padding-top:5px;padding-right:5px;padding-bottom:5px;padding-left:5px;}@media screen and (max-width: 1023px) {#advgb-col-5454a864-d5d8-443d-8bdd-d8e99f144c4c>.advgb-column-inner{}}@media screen and (max-width: 767px) {#advgb-col-5454a864-d5d8-443d-8bdd-d8e99f144c4c>.advgb-column-inner{}}<\/style>","protected":false},"excerpt":{"rendered":"<p>Un projet p\u00e9dagogique bienveillant, une \u00e9quipe pluridisciplinaire \u00e0 l\u2019\u00e9coute et des locaux bien pens\u00e9s accueillent vos enfants d\u00e8s le plus jeune \u00e2ge. La structure met en place des projets innovants pour le bien-\u00eatre des plus petits. Informations pratiques Horaires Du lundi au vendredi : P\u00e9riode de fermeture La structure est ferm\u00e9e de 3 semaines \u00e0 [&hellip;]<\/p>\n","protected":false},"author":1,"featured_media":0,"parent":0,"menu_order":1,"comment_status":"closed","ping_status":"closed","template":"","meta":{"advgb_blocks_editor_width":"","advgb_blocks_columns_visual_guide":"","footnotes":""},"coauthors":[],"author_meta":{"author_link":"https:\/\/culoz-beon.fr\/?author=1","display_name":"culozfreyoculoz"},"relative_dates":{"created":"Publi\u00e9 7 ans il y a","modified":"Mis \u00e0 jour 2 ans il y a"},"absolute_dates":{"created":"Publi\u00e9 le 20 juin 2019","modified":"Mise \u00e0 jour le 14 mars 2024"},"absolute_dates_time":{"created":"Publi\u00e9 le 20 juin 2019 11 h 22 min","modified":"Mise \u00e0 jour le 14 mars 2024 16 h 26 min"},"featured_img_caption":"","featured_img":false,"series_order":"","_links":{"self":[{"href":"https:\/\/culoz-beon.fr\/index.php?rest_route=\/wp\/v2\/pages\/775"}],"collection":[{"href":"https:\/\/culoz-beon.fr\/index.php?rest_route=\/wp\/v2\/pages"}],"about":[{"href":"https:\/\/culoz-beon.fr\/index.php?rest_route=\/wp\/v2\/types\/page"}],"author":[{"embeddable":true,"href":"https:\/\/culoz-beon.fr\/index.php?rest_route=\/wp\/v2\/users\/1"}],"replies":[{"embeddable":true,"href":"https:\/\/culoz-beon.fr\/index.php?rest_route=%2Fwp%2Fv2%2Fcomments&post=775"}],"version-history":[{"count":160,"href":"https:\/\/culoz-beon.fr\/index.php?rest_route=\/wp\/v2\/pages\/775\/revisions"}],"predecessor-version":[{"id":7821,"href":"https:\/\/culoz-beon.fr\/index.php?rest_route=\/wp\/v2\/pages\/775\/revisions\/7821"}],"wp:attachment":[{"href":"https:\/\/culoz-beon.fr\/index.php?rest_route=%2Fwp%2Fv2%2Fmedia&parent=775"}],"curies":[{"name":"wp","href":"https:\/\/api.w.org\/{rel}","templated":true}]}}