{"id":7083,"date":"2023-11-14T14:24:54","date_gmt":"2023-11-14T13:24:54","guid":{"rendered":"https:\/\/culoz-beon.fr\/?page_id=7083"},"modified":"2026-03-09T14:52:13","modified_gmt":"2026-03-09T13:52:13","slug":"elections","status":"publish","type":"page","link":"https:\/\/culoz-beon.fr\/?page_id=7083","title":{"rendered":"Elections"},"content":{"rendered":"\n<p>Les&nbsp;<strong>demandes d\u2019inscription&nbsp;<\/strong>sur les listes \u00e9lectorales doivent \u00eatre&nbsp;<strong>d\u00e9pos\u00e9es au plus tard le 6<sup>e<\/sup>&nbsp;vendredi qui pr\u00e9c\u00e8de le 1<sup>er<\/sup>&nbsp;tour. Ce d\u00e9lai est report\u00e9 au 10<sup>e<\/sup>&nbsp;jour avant le 1<sup>er<\/sup>&nbsp;tour si vous \u00eates dans une situation particuli\u00e8re (jeune de 18&nbsp;ans sans recensement citoyen, d\u00e9m\u00e9nagement, acquisition de la nationalit\u00e9 fran\u00e7aise, droit de vote recouvr\u00e9). En Nouvelle-Cal\u00e9donie, vous devez vous inscrire durant l&rsquo;ann\u00e9e qui pr\u00e9c\u00e8de l&rsquo;\u00e9lection.<\/strong><\/p>\n\n\n\n<p>Vous pouvez le faire en ligne sur le site <a href=\"https:\/\/www.service-public.fr\/particuliers\/vosdroits\/R16396\">https:\/\/www.service-public.fr\/particuliers\/vosdroits\/R16396<\/a><\/p>\n\n\n\n<p>Ou \u00e0 l&rsquo;accueil des mairies d\u00e9l\u00e9gu\u00e9es de Culoz et B\u00e9on aux horaires d&rsquo;ouverture.<\/p>\n\n\n\n<h5 class=\"wp-block-heading\">Pi\u00e8ces justificatives<\/h5>\n\n\n\n<ul>\n<li>un formulaire de demande d\u2019inscription sur les listes \u00e9lectorales<\/li>\n\n\n\n<li>une pi\u00e8ce d\u2019identit\u00e9<\/li>\n\n\n\n<li>un justificatif de domicile<\/li>\n<\/ul>\n\n\n\n<figure class=\"wp-block-image size-large\"><img loading=\"lazy\" decoding=\"async\" width=\"724\" height=\"1024\" src=\"https:\/\/culoz-beon.fr\/wp-content\/uploads\/2025\/10\/inscription-sur-les-listes-1-724x1024.jpg\" alt=\"\" class=\"wp-image-9227\" srcset=\"https:\/\/culoz-beon.fr\/wp-content\/uploads\/2025\/10\/inscription-sur-les-listes-1-724x1024.jpg 724w, https:\/\/culoz-beon.fr\/wp-content\/uploads\/2025\/10\/inscription-sur-les-listes-1-212x300.jpg 212w, https:\/\/culoz-beon.fr\/wp-content\/uploads\/2025\/10\/inscription-sur-les-listes-1-768x1086.jpg 768w, https:\/\/culoz-beon.fr\/wp-content\/uploads\/2025\/10\/inscription-sur-les-listes-1-1086x1536.jpg 1086w, https:\/\/culoz-beon.fr\/wp-content\/uploads\/2025\/10\/inscription-sur-les-listes-1-1448x2048.jpg 1448w, https:\/\/culoz-beon.fr\/wp-content\/uploads\/2025\/10\/inscription-sur-les-listes-1-17x24.jpg 17w, https:\/\/culoz-beon.fr\/wp-content\/uploads\/2025\/10\/inscription-sur-les-listes-1-25x36.jpg 25w, https:\/\/culoz-beon.fr\/wp-content\/uploads\/2025\/10\/inscription-sur-les-listes-1-34x48.jpg 34w, https:\/\/culoz-beon.fr\/wp-content\/uploads\/2025\/10\/inscription-sur-les-listes-1-scaled.jpg 1810w\" sizes=\"(max-width: 724px) 100vw, 724px\" \/><\/figure>\n\n\n\n<p><\/p>\n\n\n\n<h1 class=\"wp-block-heading\">PROCURATION DE VOTE<\/h1>\n\n\n\n<p>NOUVEAU ! Faites votre demande de procuration en ligne :&nbsp;<a href=\"https:\/\/www.maprocuration.gouv.fr\/\" target=\"_blank\" rel=\"noreferrer noopener\">cliquer ici.<\/a><\/p>\n\n\n\n<p>Depuis le 6 avril 2021, le Minist\u00e8re de l\u2019Int\u00e9rieur a mis en place une t\u00e9l\u00e9proc\u00e9dure&nbsp;<strong>partiellement d\u00e9mat\u00e9rialis\u00e9e<\/strong>&nbsp;sur le portail citoyen&nbsp;<a href=\"http:\/\/maprocuration.gouv.fr\/\">maprocuration.gouv.fr.<\/a><\/p>\n\n\n<div class=\"wp-block-image\">\n<figure class=\"aligncenter\"><img decoding=\"async\" src=\"https:\/\/www.mairie-rumilly74.fr\/wp-content\/uploads\/2020\/02\/01-procuration-4-etapes-2021-1-e1619683429863.jpg\" alt=\"\" class=\"wp-image-57522\"\/><\/figure><\/div>\n\n\n<ul>\n<li>Rendez-vous sur&nbsp;<a href=\"http:\/\/maprocuration.gouv.fr\/\">maprocuration.gouv.fr,<\/a><\/li>\n\n\n\n<li>connectez-vous avec France Connect,<\/li>\n\n\n\n<li>remplissez le formulaire en ligne,<\/li>\n\n\n\n<li>pr\u00e9sentez-vous dans une gendarmerie ou au commissariat de police de votre choix avec la r\u00e9f\u00e9rence d\u2019enregistrement de votre procuration ainsi qu\u2019une pi\u00e8ce d\u2019identit\u00e9.<\/li>\n\n\n\n<li>Une fois valid\u00e9e, votre procuration est transmise par d\u00e9mat\u00e9rialisation \u00e0 la mairie concern\u00e9e, qui se chargera de l\u2019enregistrer et de vous envoyer un mail de confirmation.<\/li>\n<\/ul>\n\n\n\n<p>Toutes les informations compl\u00e8tes et utiles&nbsp;<a href=\"https:\/\/www.demarches.interieur.gouv.fr\/particuliers\/vote-procuration\" target=\"_blank\" rel=\"noreferrer noopener\">en cliquant ici<\/a>.<\/p>\n\n\n\n<p>Vous pouvez \u00e9galement t\u00e9l\u00e9charger et imprimer le<strong><a href=\"https:\/\/www.service-public.fr\/particuliers\/vosdroits\/R12675\" target=\"_blank\" rel=\"noreferrer noopener\">&nbsp;formulaire de demande de vote par procuration<\/a>&nbsp;<\/strong>en ligne. Une fois compl\u00e9t\u00e9, vous devrez&nbsp;<strong>le remettre soit \u00e0 la Gendarmerie nationale (<\/strong>Rue Claudius Richard 01350 CULOZ-BEON<strong>) soit au tribunal d\u2019instance du domicile ou du lieu de travail.<\/strong><\/p>\n\n\n\n<p>A noter : pour le vote en France, l\u2019\u00e9lecteur d\u00e9sign\u00e9 peut \u00eatre inscrit sur la liste \u00e9lectorale d\u2019une autre commune mais&nbsp;<strong>devra venir voter dans votre bureau de vote<\/strong>. L\u2018\u00e9lecteur d\u00e9sign\u00e9 ne doit pas avoir plus de 3 procurations, et&nbsp;<strong>1 seule d\u2019entre elles peut avoir \u00e9t\u00e9 faite en France<\/strong><strong>.<\/strong><\/p>\n\n\n\n<p>Il peut donc&nbsp;:<\/p>\n\n\n\n<ul>\n<li>Soit 1 ou 2 ou 3 procurations \u00e9tablies \u00e0 l\u2019\u00e9tranger<\/li>\n\n\n\n<li>Soit 1 procuration \u00e9tablie en France<\/li>\n\n\n\n<li>Soit 1 procuration \u00e9tablie en France et 1 procuration \u00e9tablie \u00e0 l\u2019\u00e9tranger<\/li>\n\n\n\n<li>Soit 1 procuration \u00e9tablie en France et 2 procurations \u00e9tablies \u00e0 l\u2019\u00e9tranger<\/li>\n<\/ul>\n\n\n\n<p><\/p>\n\n\n\n<h2 class=\"wp-block-heading\">TABLEAU DES 20 JOURS<\/h2>\n\n\n\n<p><\/p>\n\n\n\n<div data-wp-interactive=\"\" class=\"wp-block-file\"><object data-wp-bind--hidden=\"!selectors.core.file.hasPdfPreview\" hidden class=\"wp-block-file__embed\" data=\"https:\/\/culoz-beon.fr\/wp-content\/uploads\/2026\/02\/scan05573020260220082102.pdf\" type=\"application\/pdf\" style=\"width:100%;height:600px\" aria-label=\"Contenu embarqu\u00e9 scan05573020260220082102.\"><\/object><a id=\"wp-block-file--media-53b27dde-326e-435f-a1ce-30971c14c68e\" href=\"https:\/\/culoz-beon.fr\/wp-content\/uploads\/2026\/02\/scan05573020260220082102.pdf\">scan05573020260220082102<\/a><a href=\"https:\/\/culoz-beon.fr\/wp-content\/uploads\/2026\/02\/scan05573020260220082102.pdf\" class=\"wp-block-file__button wp-element-button\" download aria-describedby=\"wp-block-file--media-53b27dde-326e-435f-a1ce-30971c14c68e\">T\u00e9l\u00e9charger<\/a><\/div>\n\n\n\n<div data-wp-interactive=\"\" class=\"wp-block-file\"><object data-wp-bind--hidden=\"!selectors.core.file.hasPdfPreview\" hidden class=\"wp-block-file__embed\" data=\"https:\/\/culoz-beon.fr\/wp-content\/uploads\/2026\/02\/scan05573120260220082125.pdf\" type=\"application\/pdf\" style=\"width:100%;height:600px\" aria-label=\"Contenu embarqu\u00e9 scan05573120260220082125.\"><\/object><a id=\"wp-block-file--media-34d10a16-cd0c-42be-add8-36cd5ea70541\" href=\"https:\/\/culoz-beon.fr\/wp-content\/uploads\/2026\/02\/scan05573120260220082125.pdf\">scan05573120260220082125<\/a><a href=\"https:\/\/culoz-beon.fr\/wp-content\/uploads\/2026\/02\/scan05573120260220082125.pdf\" class=\"wp-block-file__button wp-element-button\" download aria-describedby=\"wp-block-file--media-34d10a16-cd0c-42be-add8-36cd5ea70541\">T\u00e9l\u00e9charger<\/a><\/div>\n\n\n\n<h1 class=\"wp-block-heading\">TABLEAU DES 5 JOURS<\/h1>\n\n\n\n<div data-wp-interactive=\"\" class=\"wp-block-file\"><object data-wp-bind--hidden=\"!selectors.core.file.hasPdfPreview\" hidden class=\"wp-block-file__embed\" data=\"https:\/\/culoz-beon.fr\/wp-content\/uploads\/2026\/03\/scan05698320260309130005.pdf\" type=\"application\/pdf\" style=\"width:100%;height:600px\" aria-label=\"Contenu embarqu\u00e9 scan05698320260309130005.\"><\/object><a id=\"wp-block-file--media-2457cb22-8b4f-4a3b-8d4f-b05c36baecfb\" href=\"https:\/\/culoz-beon.fr\/wp-content\/uploads\/2026\/03\/scan05698320260309130005.pdf\">scan05698320260309130005<\/a><a href=\"https:\/\/culoz-beon.fr\/wp-content\/uploads\/2026\/03\/scan05698320260309130005.pdf\" class=\"wp-block-file__button wp-element-button\" download aria-describedby=\"wp-block-file--media-2457cb22-8b4f-4a3b-8d4f-b05c36baecfb\">T\u00e9l\u00e9charger<\/a><\/div>\n","protected":false},"excerpt":{"rendered":"<p>Les&nbsp;demandes d\u2019inscription&nbsp;sur les listes \u00e9lectorales doivent \u00eatre&nbsp;d\u00e9pos\u00e9es au plus tard le 6e&nbsp;vendredi qui pr\u00e9c\u00e8de le 1er&nbsp;tour. Ce d\u00e9lai est report\u00e9 au 10e&nbsp;jour avant le 1er&nbsp;tour si vous \u00eates dans une situation particuli\u00e8re (jeune de 18&nbsp;ans sans recensement citoyen, d\u00e9m\u00e9nagement, acquisition de la nationalit\u00e9 fran\u00e7aise, droit de vote recouvr\u00e9). En Nouvelle-Cal\u00e9donie, vous devez vous inscrire durant [&hellip;]<\/p>\n","protected":false},"author":3,"featured_media":0,"parent":0,"menu_order":0,"comment_status":"closed","ping_status":"closed","template":"","meta":{"advgb_blocks_editor_width":"","advgb_blocks_columns_visual_guide":"","footnotes":""},"coauthors":[],"author_meta":{"author_link":"https:\/\/culoz-beon.fr\/?author=3","display_name":"Sophie Rubin-Delanchy"},"relative_dates":{"created":"Publi\u00e9 2 ans il y a","modified":"Mis \u00e0 jour 2 mois il y a"},"absolute_dates":{"created":"Publi\u00e9 le 14 novembre 2023","modified":"Mise \u00e0 jour le 9 mars 2026"},"absolute_dates_time":{"created":"Publi\u00e9 le 14 novembre 2023 14 h 24 min","modified":"Mise \u00e0 jour le 9 mars 2026 14 h 52 min"},"featured_img_caption":"","featured_img":false,"series_order":"","_links":{"self":[{"href":"https:\/\/culoz-beon.fr\/index.php?rest_route=\/wp\/v2\/pages\/7083"}],"collection":[{"href":"https:\/\/culoz-beon.fr\/index.php?rest_route=\/wp\/v2\/pages"}],"about":[{"href":"https:\/\/culoz-beon.fr\/index.php?rest_route=\/wp\/v2\/types\/page"}],"author":[{"embeddable":true,"href":"https:\/\/culoz-beon.fr\/index.php?rest_route=\/wp\/v2\/users\/3"}],"replies":[{"embeddable":true,"href":"https:\/\/culoz-beon.fr\/index.php?rest_route=%2Fwp%2Fv2%2Fcomments&post=7083"}],"version-history":[{"count":11,"href":"https:\/\/culoz-beon.fr\/index.php?rest_route=\/wp\/v2\/pages\/7083\/revisions"}],"predecessor-version":[{"id":10004,"href":"https:\/\/culoz-beon.fr\/index.php?rest_route=\/wp\/v2\/pages\/7083\/revisions\/10004"}],"wp:attachment":[{"href":"https:\/\/culoz-beon.fr\/index.php?rest_route=%2Fwp%2Fv2%2Fmedia&parent=7083"}],"curies":[{"name":"wp","href":"https:\/\/api.w.org\/{rel}","templated":true}]}}