{"id":6332,"date":"2023-01-26T10:55:10","date_gmt":"2023-01-26T09:55:10","guid":{"rendered":"https:\/\/culoz-beon.fr\/?page_id=6332"},"modified":"2023-01-26T10:59:52","modified_gmt":"2023-01-26T09:59:52","slug":"liste-des-assistantes-maternelles","status":"publish","type":"page","link":"https:\/\/culoz-beon.fr\/?page_id=6332","title":{"rendered":"Liste des assistantes maternelles"},"content":{"rendered":"\n<h2 class=\"wp-block-heading\">Commune d\u00e9l\u00e9gu\u00e9e de Culoz<\/h2>\n\n\n\n<div class=\"wp-block-file bouton-bleu\"><a href=\"https:\/\/culoz-beon.fr\/wp-content\/uploads\/2023\/01\/Liste-AM.pdf\" class=\"wp-block-file__button\" download>Liste des assistantes maternelles<\/a><\/div>\n\n\n\n<p><\/p>\n\n\n\n<h2 class=\"wp-block-heading\">Commune d\u00e9l\u00e9gu\u00e9e de B\u00e9on<\/h2>\n\n\n\n<p><\/p>\n\n\n\n<h4 class=\"wp-block-heading\">GOUTTEBELLE Nathalie<\/h4>\n\n\n\n<p>4 rue de la Roche Perc\u00e9e<br>01350 B\u00e9on<br>Tel : 04 79 87 01 99<br>Mobile : 06 67 73 52 77<\/p>\n\n\n\n<h4 class=\"wp-block-heading\">MASSINON Patricia<\/h4>\n\n\n\n<p>20 route des Savoie<br>01350 B\u00e9on<br>Tel : 04 79 87 49 37<br>Mobile : 07 84 98 08 04<\/p>\n\n\n\n<h4 class=\"wp-block-heading\">BEGUIN Ang\u00e9lique<\/h4>\n\n\n\n<p>3 rue du Clusy<br>01350 B\u00e9on<br>Mobile : 06 58 01 70 48<\/p>\n\n\n\n<h4 class=\"wp-block-heading\">LOMET Helo\u00efse<\/h4>\n\n\n\n<p>3 route des Savoie<br>01350 B\u00e9on<\/p>\n\n\n\n<h4 class=\"wp-block-heading\">GUILLAUME Laura<\/h4>\n\n\n\n<p>20 rue du Clusy<br>01350 B\u00e9on<br>Mobile : 07 81 59 34 81<\/p>\n","protected":false},"excerpt":{"rendered":"<p>Commune d\u00e9l\u00e9gu\u00e9e de Culoz Commune d\u00e9l\u00e9gu\u00e9e de B\u00e9on GOUTTEBELLE Nathalie 4 rue de la Roche Perc\u00e9e01350 B\u00e9onTel : 04 79 87 01 99Mobile : 06 67 73 52 77 MASSINON Patricia 20 route des Savoie01350 B\u00e9onTel : 04 79 87 49 37Mobile : 07 84 98 08 04 BEGUIN Ang\u00e9lique 3 rue du Clusy01350 B\u00e9onMobile [&hellip;]<\/p>\n","protected":false},"author":3,"featured_media":0,"parent":0,"menu_order":0,"comment_status":"closed","ping_status":"closed","template":"","meta":{"advgb_blocks_editor_width":"","advgb_blocks_columns_visual_guide":"","footnotes":""},"coauthors":[],"author_meta":{"author_link":"https:\/\/culoz-beon.fr\/?author=3","display_name":"Sophie Rubin-Delanchy"},"relative_dates":{"created":"Publi\u00e9 3 ans il y a","modified":"Mis \u00e0 jour 3 ans il y a"},"absolute_dates":{"created":"Publi\u00e9 le 26 janvier 2023","modified":"Mise \u00e0 jour le 26 janvier 2023"},"absolute_dates_time":{"created":"Publi\u00e9 le 26 janvier 2023 10 h 55 min","modified":"Mise \u00e0 jour le 26 janvier 2023 10 h 59 min"},"featured_img_caption":"","featured_img":false,"series_order":"","_links":{"self":[{"href":"https:\/\/culoz-beon.fr\/index.php?rest_route=\/wp\/v2\/pages\/6332"}],"collection":[{"href":"https:\/\/culoz-beon.fr\/index.php?rest_route=\/wp\/v2\/pages"}],"about":[{"href":"https:\/\/culoz-beon.fr\/index.php?rest_route=\/wp\/v2\/types\/page"}],"author":[{"embeddable":true,"href":"https:\/\/culoz-beon.fr\/index.php?rest_route=\/wp\/v2\/users\/3"}],"replies":[{"embeddable":true,"href":"https:\/\/culoz-beon.fr\/index.php?rest_route=%2Fwp%2Fv2%2Fcomments&post=6332"}],"version-history":[{"count":3,"href":"https:\/\/culoz-beon.fr\/index.php?rest_route=\/wp\/v2\/pages\/6332\/revisions"}],"predecessor-version":[{"id":6339,"href":"https:\/\/culoz-beon.fr\/index.php?rest_route=\/wp\/v2\/pages\/6332\/revisions\/6339"}],"wp:attachment":[{"href":"https:\/\/culoz-beon.fr\/index.php?rest_route=%2Fwp%2Fv2%2Fmedia&parent=6332"}],"curies":[{"name":"wp","href":"https:\/\/api.w.org\/{rel}","templated":true}]}}