{"id":508,"date":"2019-03-22T15:12:32","date_gmt":"2019-03-22T14:12:32","guid":{"rendered":"http:\/\/culoz.fr\/dvlpt\/?page_id=508"},"modified":"2024-04-18T15:11:44","modified_gmt":"2024-04-18T13:11:44","slug":"protection-de-l-environnement","status":"publish","type":"page","link":"https:\/\/culoz-beon.fr\/?page_id=508","title":{"rendered":"Protection de l&rsquo;environnement"},"content":{"rendered":"\n<section class=\"wp-block-uagb-section uagb-section__wrap uagb-section__background-image alignfull uagb-block-0fe44ea7\"><div class=\"uagb-section__overlay\"><\/div><div class=\"uagb-section__inner-wrap\">\n\n<h1 class=\"titre-page-bandeau wp-block-heading\">Protection de l&rsquo;environnement<\/h1>\n\n<\/div><\/section>\n\n\n\n<h2 class=\"wp-block-heading\">Espaces Naturels Sensibles<\/h2>\n\n\n\n<p><\/p>\n\n\n\n<p>Les espaces naturels sensibles (ENS) visent \u00e0 pr\u00e9server la qualit\u00e9 des sites, des paysages, des milieux et habitats naturels et les champs naturels d\u2019expansion des crues.<\/p>\n\n\n\n<p>Cr\u00e9\u00e9s par le d\u00e9partement, ils permettent \u00e0 celui-ci d\u2019\u00e9laborer et de mettre en \u0153uvre une politique de protection, de gestion et d\u2019ouverture au public de ces espaces naturels.<\/p>\n\n\n\n<p>Pour r\u00e9pondre aux enjeux paysagers, \u00e9cologiques et de pr\u00e9vention des risques d\u2019inondation rep\u00e9r\u00e9s sur ces espaces, le d\u00e9partement peut en particulier -sous certaines conditions pr\u00e9vues par le code de l\u2019urbanisme&nbsp;:<\/p>\n\n\n\n<ul>\n<li>cr\u00e9er des zones de pr\u00e9emption et mettre en place un droit de pr\u00e9emption sur les ENS (<a href=\"https:\/\/outil2amenagement.cerema.fr\/outils\/droit-preemption-dans-les-espaces-naturels-sensibles-dpens\">DPENS<\/a>),<\/li>\n\n\n\n<li>instituer une part d\u00e9partementale de la taxe d\u2019am\u00e9nagement (<a href=\"https:\/\/outil2amenagement.cerema.fr\/taxe-d-amenagement-ta-r497.html\">TA<\/a>) pour le financement des ENS,<\/li>\n\n\n\n<li>et appliquer le r\u00e9gime des espaces bois\u00e9s class\u00e9s (EBC) en l\u2019absence de plan local d\u2019urbanisme (<a href=\"https:\/\/outil2amenagement.cerema.fr\/outils\/plan-local-durbanisme-plu-plui\">PLU, PLUi<\/a>) pour pr\u00e9server les bois, for\u00eats et parcs en ENS.<\/li>\n<\/ul>\n\n\n\n<p>De nombreux espaces de la commune sont classifi\u00e9s en tant qu&rsquo;Espaces Naturels Sensibles (ENS).<\/p>\n\n\n\n<p><\/p>\n\n\n\n<div class=\"wp-block-advgb-accordions advgb-accordions-8347bed1-47db-4e77-a391-c19d7c095427 advgb-accordion-wrapper\" data-collapsed=\"true\">\n<div class=\"wp-block-advgb-accordion-item advgb-accordion-item\" style=\"margin-bottom:15px\"><div class=\"advgb-accordion-header\" style=\"background-color:#000;color:#eee;border-style:solid;border-width:1px;border-radius:2px\"><span class=\"advgb-accordion-header-icon\"><svg fill=\"#fff\" xmlns=\"http:\/\/www.w3.org\/2000\/svg\" width=\"24\" height=\"24\" viewBox=\"0 0 24 24\"><path fill=\"none\" d=\"M0,0h24v24H0V0z\"><\/path><path d=\"M12,5.83L15.17,9l1.41-1.41L12,3L7.41,7.59L8.83,9L12,5.83z M12,18.17L8.83,15l-1.41,1.41L12,21l4.59-4.59L15.17,15 L12,18.17z\"><\/path><\/svg><\/span><h4 class=\"advgb-accordion-header-title\" style=\"color:inherit\">Le Grand Colombier<\/h4><\/div><div class=\"advgb-accordion-body\" style=\"border-style:solid !important;border-width:1px !important;border-color:undefined !important;border-top:none !important;border-radius:2px !important\">\n<p>Le grand Colombier labellis\u00e9 en 2017 fait partie de l&rsquo;entit\u00e9 g\u00e9ographique du&nbsp;Bugey-Valromey.<\/p>\n\n\n\n<p><strong>Superficie<\/strong>&nbsp;:&nbsp; 1819 ha<\/p>\n\n\n\n<p>Le p\u00e9rim\u00e8tre ENS se situe sur les communes de Br\u00e9naz, Corbonod, Lochieu, Virieu-le-Petit, Anglefort, Chavornay, Culoz-B\u00e9on. Le p\u00e9rim\u00e8tre int\u00e8gre les pelouses d\u2019altitude du Grand Colombier depuis le point de vue du Fenestr\u00e9 au Sud jusqu\u2019\u00e0 Sur Lyand au nord, ainsi que le chalet d\u2019Arvi\u00e8re et la for\u00eat domaniale attenante. Le b\u00e2ti est exclu de l\u2019ENS.<\/p>\n\n\n\n<p>Outre le rep\u00e8re paysager, le site regroupe divers milieux d&rsquo;int\u00e9r\u00eat : prairies d\u2019altitude, pelouses s\u00e8ches, boisements.<\/p>\n\n\n\n<p>Haut-lieu du cyclisme, l&rsquo;ascension du grand Colombier est en passe de devenir un incontournable du Tour de France ; de son sommet, \u00e0 1 534 m de haut, la vue sur la chaine du Mont-Blanc et le vignoble du Bugey est imprenable et justifie \u00e0 elle seule les efforts fournis pour le gravir.<\/p>\n\n\n\n<p><\/p>\n\n\n\n<p><strong>Faune :&nbsp;<\/strong>Grande diversit\u00e9 d\u2019esp\u00e8ces : lynx, chamois, oiseaux (circa\u00e8te Jean-le-Blanc, Faucon p\u00e8lerin, Alouette lulu, Pouillot de Bonelli, Pic noir, g\u00e9linotte des bois\u2026), triton alpestre, cr\u00eat\u00e9, l\u00e9zard vivipare, libellule Aeschne des joncs, Papillon Apollon\u2026<\/p>\n\n\n\n<p><strong>Flore :&nbsp;<\/strong>Grande diversit\u00e9 d\u2019esp\u00e8ces dont orchid\u00e9es : Orchid\u00e9e \u00e0 fleur de Sureau, Nigritelle noir\u00e2tre, Epipactis \u00e0 petites feuilles, Narcisse \u00e0 fleurs radiantes, Trolle d\u2019Europe, Tulipe de Gaule, Gentiane jaune, Lis martagon\u2026<\/p>\n\n\n\n<p><strong>Paysage :&nbsp;<\/strong>Point culminant du Bugey (1531 m), points de vue sur les alpes, la vall\u00e9e du Rh\u00f4ne\u2026<\/p>\n\n\n\n<p><strong>Habitats &#8211;&nbsp; Fonctionnement \u00e9cologique :&nbsp;<\/strong>Pelouses s\u00e8ches remarquables, diff\u00e9rents habitats d\u2019int\u00e9r\u00eat europ\u00e9en&nbsp;&nbsp;&nbsp;<\/p>\n\n\n\n<p><strong>Fr\u00e9quentation-P\u00e9dagogie :&nbsp;<\/strong>site fr\u00e9quent\u00e9 pour diverses activit\u00e9s sportives de pleine nature (randonn\u00e9e p\u00e9destre, VTT, activit\u00e9s hivernales, cyclotourisme sur route)<br><br><strong>Fragilit\u00e9s\/menaces<\/strong>&nbsp;: au regard des enjeux touristiques du site, enjeu de sensibiliser sur la richesse et la pr\u00e9servation des milieux<\/p>\n\n\n\n<p><\/p>\n\n\n\n<figure class=\"wp-block-image size-full\"><img loading=\"lazy\" decoding=\"async\" width=\"848\" height=\"565\" src=\"https:\/\/culoz-beon.fr\/wp-content\/uploads\/2024\/04\/panneau_bugey_sud_charte_grand_colombier.jpg\" alt=\"\" class=\"wp-image-8062\" srcset=\"https:\/\/culoz-beon.fr\/wp-content\/uploads\/2024\/04\/panneau_bugey_sud_charte_grand_colombier.jpg 848w, https:\/\/culoz-beon.fr\/wp-content\/uploads\/2024\/04\/panneau_bugey_sud_charte_grand_colombier-300x200.jpg 300w, https:\/\/culoz-beon.fr\/wp-content\/uploads\/2024\/04\/panneau_bugey_sud_charte_grand_colombier-768x512.jpg 768w, https:\/\/culoz-beon.fr\/wp-content\/uploads\/2024\/04\/panneau_bugey_sud_charte_grand_colombier-24x16.jpg 24w, https:\/\/culoz-beon.fr\/wp-content\/uploads\/2024\/04\/panneau_bugey_sud_charte_grand_colombier-36x24.jpg 36w, https:\/\/culoz-beon.fr\/wp-content\/uploads\/2024\/04\/panneau_bugey_sud_charte_grand_colombier-48x32.jpg 48w\" sizes=\"(max-width: 848px) 100vw, 848px\" \/><\/figure>\n\n\n\n<section class=\"wp-block-uagb-columns uagb-columns__wrap uagb-columns__background-undefined uagb-columns__stack-mobile uagb-columns__valign-undefined uagb-columns__gap-10 alignundefined uagb-block-734008cf\"><div class=\"uagb-columns__overlay\"><\/div><div class=\"uagb-columns__inner-wrap uagb-columns__columns-2\">\n\n<div class=\"wp-block-uagb-column uagb-column__wrap uagb-column__background-undefined uagb-block-74ea5c02\"><div class=\"uagb-column__overlay\"><\/div><div class=\"uagb-column__inner-wrap\">\n\n<div class=\"wp-block-file bouton-bleu\"><a href=\"https:\/\/culoz-beon.fr\/wp-content\/uploads\/2020\/07\/charte-cohabitation-ens-grand-colombier.pdf\" class=\"wp-block-file__button\" download=\"\">T\u00e9l\u00e9chargez le guide des bonnes pratiques \u00e0 respecter sur le Grand Colombier<\/a><\/div>\n\n<\/div><\/div>\n\n\n<div class=\"wp-block-uagb-column uagb-column__wrap uagb-column__background-undefined uagb-block-544520b3\"><div class=\"uagb-column__overlay\"><\/div><div class=\"uagb-column__inner-wrap\">\n\n<div class=\"wp-block-file bouton-bleu\"><a href=\"https:\/\/culoz-beon.fr\/wp-content\/uploads\/2020\/07\/charte-organisation-manifestations-ens-grand-colombier.pdf\" class=\"wp-block-file__button\" download=\"\">T\u00e9l\u00e9chargez le guide des pratiques \u00e0 respecter lors d&rsquo;organisation de manifestations<\/a><\/div>\n\n<\/div><\/div>\n\n<\/div><\/section>\n<\/div><\/div>\n<\/div>\n\n\n\n<p><\/p>\n\n\n\n<div class=\"wp-block-advgb-accordions advgb-accordions-c23851d8-5b67-4329-b68f-4b158d5ba8c3 advgb-accordion-wrapper\" data-collapsed=\"true\">\n<div class=\"wp-block-advgb-accordion-item advgb-accordion-item\" style=\"margin-bottom:15px\"><div class=\"advgb-accordion-header\" style=\"background-color:#000;color:#eee;border-style:solid;border-width:1px;border-radius:2px\"><span class=\"advgb-accordion-header-icon\"><svg fill=\"#fff\" xmlns=\"http:\/\/www.w3.org\/2000\/svg\" width=\"24\" height=\"24\" viewBox=\"0 0 24 24\"><path fill=\"none\" d=\"M0,0h24v24H0V0z\"><\/path><path d=\"M12,5.83L15.17,9l1.41-1.41L12,3L7.41,7.59L8.83,9L12,5.83z M12,18.17L8.83,15l-1.41,1.41L12,21l4.59-4.59L15.17,15 L12,18.17z\"><\/path><\/svg><\/span><h4 class=\"advgb-accordion-header-title\" style=\"color:inherit\">GROTTES ET ANCIENNES CARRI\u00c8RES DE LA SABLA \u00c0 B\u00c9ON<\/h4><\/div><div class=\"advgb-accordion-body\" style=\"border-style:solid !important;border-width:1px !important;border-color:undefined !important;border-top:none !important;border-radius:2px !important\">\n<p>L&rsquo;ancienne carri\u00e8re de pierre \u00e0 ciment de la Sabla sur la commune de B\u00e9on est d\u00e9sormais un Espace Naturel Sensible. Le r\u00e9seau de grottes et de galeries souterraines en font un site majeur pour les chauves-souris \u00e0 l&rsquo;\u00e9chelle r\u00e9gionale.<\/p>\n\n\n\n<p><\/p>\n\n\n\n<p><br>Grand Rhinolophe<\/p>\n\n\n\n<p>\u00a9 D\u00e9partement de l&rsquo;Ain \/ S. Tournier<\/p>\n\n\n\n<p>Situ\u00e9 dans le sud du Bugey, le site de la Sabla concerne une ancienne carri\u00e8re de ciment abandonn\u00e9e.<\/p>\n\n\n\n<p>Le p\u00e9rim\u00e8tre du site int\u00e8gre les diff\u00e9rentes parcelles concern\u00e9es par les galeries souterraines, qui servent de lieu d&rsquo;hibernation \u00e0 de nombreuses chauves-souris. Seul un b\u00e2timent de l&rsquo;ancienne cimenterie est int\u00e9gr\u00e9e dans le p\u00e9rim\u00e8tre du site, qui accueille une importante population de chauves-souris en p\u00e9riode estivale.<\/p>\n\n\n\n<p>Une partie du site en surface concerne des pelouses s\u00e8ches sur les pentes du Grand Colombier, class\u00e9es en Zones Naturelles d&rsquo;Int\u00e9r\u00eat Ecologique, Faunistique et Floristique de type 2.<\/p>\n\n\n\n<p><\/p>\n\n\n\n<p>L\u2019int\u00e9r\u00eat environnemental du site r\u00e9side dans sa fonction d\u2019accueil d\u2019importante populations de Chauve-souris, qui sont des esp\u00e8ces prot\u00e9g\u00e9es aux niveaux national et europ\u00e9en.<br><br>Sont en effet pr\u00e9sentes des colonies majeures en milieu b\u00e2ti et en milieu souterrain :<br>&#8211;&nbsp;&nbsp; &nbsp;la carri\u00e8re souterraine accueille en p\u00e9riode hivernale une importante population de grands rhinolophes : plus de 250, soit environ 45% de l\u2019effectif hivernant dans l\u2019Ain et 25% de la population hivernante recens\u00e9e en Rh\u00f4ne-Alpes ; elle accueille \u00e9galement le petit rhinolophe et d\u2019autres esp\u00e8ces ont \u00e9t\u00e9 recens\u00e9es.<\/p>\n\n\n\n<p>&#8211;&nbsp;&nbsp;&nbsp; un b\u00e2timent accueille en \u00e9t\u00e9 une colonie de reproduction mixte de grands rhinolophes et murins \u00e0 oreilles \u00e9chancr\u00e9es. Il accueille \u00e9galement le rhinolophe euryale, esp\u00e8ce tr\u00e8s rare.<\/p>\n\n\n\n<p><strong>Sur ce site, c\u2019est la Ligue pour la Protection des Oiseaux (LPO) qui est le gestionnaire du site ENS, et qui effectue r\u00e9guli\u00e8rement des op\u00e9rations de comptage des chauves-souris avec l\u2019accord du propri\u00e9taire.<\/strong><\/p>\n\n\n\n<p><\/p>\n\n\n\n<p><strong>Les b\u00e2timents sont interdits d\u2019acc\u00e8s, abandonn\u00e9s, le site \u00e9tant clos avec un portail ferm\u00e9 par cadenas.<\/strong><\/p>\n\n\n\n<p>L\u2019enjeu principal de maintien de ces populations de chauves-souris passe par la limitation du d\u00e9rangement de ces esp\u00e8ces, en hiver dans les galeries souterraines et en \u00e9t\u00e9 dans le b\u00e2timent.<\/p>\n\n\n\n<p><\/p>\n\n\n\n<figure class=\"wp-block-image size-full is-resized\"><img loading=\"lazy\" decoding=\"async\" width=\"800\" height=\"534\" src=\"https:\/\/culoz-beon.fr\/wp-content\/uploads\/2024\/04\/img_0415.jpg\" alt=\"\" class=\"wp-image-8067\" style=\"width:647px;height:auto\" srcset=\"https:\/\/culoz-beon.fr\/wp-content\/uploads\/2024\/04\/img_0415.jpg 800w, https:\/\/culoz-beon.fr\/wp-content\/uploads\/2024\/04\/img_0415-300x200.jpg 300w, https:\/\/culoz-beon.fr\/wp-content\/uploads\/2024\/04\/img_0415-768x513.jpg 768w, https:\/\/culoz-beon.fr\/wp-content\/uploads\/2024\/04\/img_0415-24x16.jpg 24w, https:\/\/culoz-beon.fr\/wp-content\/uploads\/2024\/04\/img_0415-36x24.jpg 36w, https:\/\/culoz-beon.fr\/wp-content\/uploads\/2024\/04\/img_0415-48x32.jpg 48w\" sizes=\"(max-width: 800px) 100vw, 800px\" \/><\/figure>\n\n\n\n<figure class=\"wp-block-image size-full is-resized\"><img loading=\"lazy\" decoding=\"async\" width=\"1000\" height=\"667\" src=\"https:\/\/culoz-beon.fr\/wp-content\/uploads\/2024\/04\/20150214204434-b77b5c98.jpg\" alt=\"\" class=\"wp-image-8068\" style=\"width:651px;height:auto\" srcset=\"https:\/\/culoz-beon.fr\/wp-content\/uploads\/2024\/04\/20150214204434-b77b5c98.jpg 1000w, https:\/\/culoz-beon.fr\/wp-content\/uploads\/2024\/04\/20150214204434-b77b5c98-300x200.jpg 300w, https:\/\/culoz-beon.fr\/wp-content\/uploads\/2024\/04\/20150214204434-b77b5c98-768x512.jpg 768w, https:\/\/culoz-beon.fr\/wp-content\/uploads\/2024\/04\/20150214204434-b77b5c98-24x16.jpg 24w, https:\/\/culoz-beon.fr\/wp-content\/uploads\/2024\/04\/20150214204434-b77b5c98-36x24.jpg 36w, https:\/\/culoz-beon.fr\/wp-content\/uploads\/2024\/04\/20150214204434-b77b5c98-48x32.jpg 48w\" sizes=\"(max-width: 1000px) 100vw, 1000px\" \/><\/figure>\n<\/div><\/div>\n<\/div>\n\n\n\n<p><\/p>\n\n\n\n<div class=\"wp-block-advgb-accordions advgb-accordions-aa2c07ae-63fe-4908-ad12-4ecc3d9be715 advgb-accordion-wrapper\" data-collapsed=\"true\">\n<div class=\"wp-block-advgb-accordion-item advgb-accordion-item\" style=\"margin-bottom:15px\"><div class=\"advgb-accordion-header\" style=\"background-color:#000;color:#eee;border-style:solid;border-width:1px;border-radius:2px\"><span class=\"advgb-accordion-header-icon\"><svg fill=\"#fff\" xmlns=\"http:\/\/www.w3.org\/2000\/svg\" width=\"24\" height=\"24\" viewBox=\"0 0 24 24\"><path fill=\"none\" d=\"M0,0h24v24H0V0z\"><\/path><path d=\"M12,5.83L15.17,9l1.41-1.41L12,3L7.41,7.59L8.83,9L12,5.83z M12,18.17L8.83,15l-1.41,1.41L12,21l4.59-4.59L15.17,15 L12,18.17z\"><\/path><\/svg><\/span><h4 class=\"advgb-accordion-header-title\" style=\"color:inherit\">R\u00e9serve naturelle nationale du marais de Lavours<\/h4><\/div><div class=\"advgb-accordion-body\" style=\"border-style:solid !important;border-width:1px !important;border-color:undefined !important;border-top:none !important;border-radius:2px !important\">\n<p>Ce site ENS constitue une zone naturelle coh\u00e9rente du point de vue \u00e9cologique, tant du point de vue hydraulique que pour les habitats et les esp\u00e8ces qui s\u2019y d\u00e9veloppent.<\/p>\n\n\n\n<p>Avec plus de 4500 esp\u00e8ces identifi\u00e9es, le marais de Lavours est l\u2019un des sites les mieux inventori\u00e9s de France.<\/p>\n\n\n\n<p><strong>FAUNE<\/strong>&nbsp;:<\/p>\n\n\n\n<p>Escargot&nbsp;: maillot de Desmoulins<br>Les papillons&nbsp;: Azur\u00e9 de la Sanguisorbe, Azur\u00e9 des mouill\u00e8res, Azur\u00e9 des Paluds, Fadet des La\u00eeches, Cuivr\u00e9 des marais, \u2026<br>Amphibiens&nbsp;: Rainette verte, Crapaud sonneur \u00e0 ventre jaune, Grenouille agile, Triton palm\u00e9<br>Poissons&nbsp;: Ombre commun, Lamproie de Planer, Chabot.<br>Mammif\u00e8res&nbsp;: Rat des moissons, Castor d\u2019Europe, Crossope aquatique, Barbastelle d\u2019Europe, Grand rhinolophe, Vesp\u00e8re de Savi\u2026<br>Oiseaux&nbsp;: R\u00e2le des gen\u00eats, Courlis cendr\u00e9, B\u00e9cassine des marais, Gorgebleue \u00e0 miroir, Locustelle luscinio\u00efde, Rousserolle turdo\u00efde, butor \u00e9toil\u00e9 \u2026<\/p>\n\n\n\n<p><strong>FLORE<\/strong>&nbsp;:<\/p>\n\n\n\n<p>Plantes&nbsp;: Ophioglosse Vulgaire, Th\u00e9lypt\u00e9ris des marais, Liparis de Loesel, Gratiole officinale, Gentiane pneumonanthe, Fritillaire pintade,&nbsp; Dros\u00e9ra \u00e0 longues feuilles, Grande douve\u2026<br>Champignons&nbsp;: Bolet livide, Coprin des joncs\u2026<\/p>\n\n\n\n<p><strong>HABITATS<\/strong>&nbsp;:<\/p>\n\n\n\n<p>Ce milieu comprend une mosa\u00efque d\u2019habitats (14 habitats) dont&nbsp;:<\/p>\n\n\n\n<ul>\n<li>Prairies \u00e0 marisque<\/li>\n\n\n\n<li>Prairies \u00e0 molinie<\/li>\n\n\n\n<li>Phragmitaie semi-aquatique<\/li>\n\n\n\n<li>Cari\u00e7aies<\/li>\n\n\n\n<li>Aulnaies<\/li>\n\n\n\n<li>For\u00eat alluviale<\/li>\n\n\n\n<li>Sources et r\u00e9surgences<\/li>\n\n\n\n<li>Rivi\u00e8res et ruisseaux<\/li>\n<\/ul>\n\n\n\n<p><strong>GEOLOGIE&nbsp;<\/strong>:<\/p>\n\n\n\n<p>A la fin de la derni\u00e8re glaciation qui a entra\u00een\u00e9 la fonte du glacier du Rh\u00f4ne, un immense lac s&rsquo;est form\u00e9, qui recouvrait toute la vall\u00e9e. En quelques milliers d\u2019ann\u00e9es, le niveau du lac a baiss\u00e9 et a laiss\u00e9 place aux marais de Lavours et de Chautagne&nbsp;; il ne reste aujourd&rsquo;hui que le lac du Bourget, situ\u00e9 dans une cuvette plus profonde. Les inondations du Rh\u00f4ne et du S\u00e9ran, en se d\u00e9versant dans le marais de Lavours depuis 9 000 ans, ont permis la formation de pr\u00e8s de 10 m\u00e8tres de tourbe.<\/p>\n\n\n\n<p>Au nord du marais de Lavours, de nombreuses r\u00e9surgences jalonnent la base du Grand Colombier, sur une ligne allant de Talissieu \u00e0 Culoz. Cette montagne pr\u00e9sente un karst qui favorise les \u00e9coulements souterrains et la formation de r\u00e9surgences. Ces sources (il en existe pr\u00e8s de 200) peuvent se rassembler pour donner naissance \u00e0 des ruisseaux phr\u00e9atiques comme les Vouards (situ\u00e9s \u00e0 Talissieu et \u00e0 B\u00e9on), qui eux-m\u00eames se r\u00e9unissent pour former le ruisseau Les Rousses, qui borde la r\u00e9serve naturelle.<\/p>\n\n\n\n<p><strong>FRAGILITES \/ MENACES<\/strong>&nbsp;:<\/p>\n\n\n\n<p>La conservation des esp\u00e8ces et des habitats de cette zone humide est directement li\u00e9e au bon fonctionnement hydraulique du marais de Lavours, et en particulier au niveau de la nappe phr\u00e9atique sup\u00e9rieure et au r\u00e9gime des inondations. Si les contraintes hydriques ne sont pas suffisantes, les habitats herbac\u00e9s \u00e9voluent spontan\u00e9ment vers les stades bois\u00e9s, entra\u00eenant la fermeture du milieu et la disparition d\u2019esp\u00e8ces embl\u00e9matiques des prairies. La fauche et p\u00e2turage extensif ont \u00e9t\u00e9 mis en place sur le secteur de la r\u00e9serve pour limiter cette dynamique de fermeture et maintenir les milieux ouverts.<\/p>\n\n\n\n<p><\/p>\n\n\n\n<p><strong>Un sentier sur pilotis de pr\u00e8s 1,5km<\/strong><strong>, en acc\u00e8s libre toute l\u2019ann\u00e9e, permet d\u2019acc\u00e9der au c\u0153ur du marais.<\/strong><\/p>\n\n\n\n<p>Le visiteur peut ainsi appr\u00e9hender les richesses de la r\u00e9serve naturelle gr\u00e2ce aux panneaux p\u00e9dagogiques dispos\u00e9s le long du sentier et \u00e0 l&rsquo;int\u00e9rieur des observatoires.<\/p>\n\n\n\n<p>Les personnes en fauteuils ont acc\u00e8s aux observatoires dispos\u00e9s le long du circuit. Des informations en braille permettent \u00e9galement aux personnes d\u00e9ficientes visuelles de s&rsquo;informer sur la faune et la flore du marais de Lavours.<\/p>\n\n\n\n<p>Vous pourrez \u00e9galement visiter les expositions de la Maison du Marais qui propose aussi un programme d&rsquo;animations vari\u00e9es, destin\u00e9es \u00e0 faire d\u00e9couvrir au grand public, la faune, la flore ainsi que le patrimoine li\u00e9 au marais (histoire, artisanat, etc.).<\/p>\n\n\n\n<p>Parking \u00e0 l\u2019entr\u00e9e du hameau d\u2019Aignioz (commune de Ceyz\u00e9rieu).<\/p>\n<\/div><\/div>\n<\/div>\n\n\n\n<h3 class=\"wp-block-heading\"><\/h3>\n","protected":false},"excerpt":{"rendered":"<p>Espaces Naturels Sensibles Les espaces naturels sensibles (ENS) visent \u00e0 pr\u00e9server la qualit\u00e9 des sites, des paysages, des milieux et habitats naturels et les champs naturels d\u2019expansion des crues. Cr\u00e9\u00e9s par le d\u00e9partement, ils permettent \u00e0 celui-ci d\u2019\u00e9laborer et de mettre en \u0153uvre une politique de protection, de gestion et d\u2019ouverture au public de ces [&hellip;]<\/p>\n","protected":false},"author":1,"featured_media":0,"parent":0,"menu_order":0,"comment_status":"closed","ping_status":"closed","template":"","meta":{"advgb_blocks_editor_width":"","advgb_blocks_columns_visual_guide":"","footnotes":""},"coauthors":[],"author_meta":{"author_link":"https:\/\/culoz-beon.fr\/?author=1","display_name":"culozfreyoculoz"},"relative_dates":{"created":"Publi\u00e9 7 ans il y a","modified":"Mis \u00e0 jour 2 ans il y a"},"absolute_dates":{"created":"Publi\u00e9 le 22 mars 2019","modified":"Mise \u00e0 jour le 18 avril 2024"},"absolute_dates_time":{"created":"Publi\u00e9 le 22 mars 2019 15 h 12 min","modified":"Mise \u00e0 jour le 18 avril 2024 15 h 11 min"},"featured_img_caption":"","featured_img":false,"series_order":"","_links":{"self":[{"href":"https:\/\/culoz-beon.fr\/index.php?rest_route=\/wp\/v2\/pages\/508"}],"collection":[{"href":"https:\/\/culoz-beon.fr\/index.php?rest_route=\/wp\/v2\/pages"}],"about":[{"href":"https:\/\/culoz-beon.fr\/index.php?rest_route=\/wp\/v2\/types\/page"}],"author":[{"embeddable":true,"href":"https:\/\/culoz-beon.fr\/index.php?rest_route=\/wp\/v2\/users\/1"}],"replies":[{"embeddable":true,"href":"https:\/\/culoz-beon.fr\/index.php?rest_route=%2Fwp%2Fv2%2Fcomments&post=508"}],"version-history":[{"count":44,"href":"https:\/\/culoz-beon.fr\/index.php?rest_route=\/wp\/v2\/pages\/508\/revisions"}],"predecessor-version":[{"id":8074,"href":"https:\/\/culoz-beon.fr\/index.php?rest_route=\/wp\/v2\/pages\/508\/revisions\/8074"}],"wp:attachment":[{"href":"https:\/\/culoz-beon.fr\/index.php?rest_route=%2Fwp%2Fv2%2Fmedia&parent=508"}],"curies":[{"name":"wp","href":"https:\/\/api.w.org\/{rel}","templated":true}]}}