{"id":504,"date":"2019-03-22T15:11:26","date_gmt":"2019-03-22T14:11:26","guid":{"rendered":"http:\/\/culoz.fr\/dvlpt\/?page_id=504"},"modified":"2024-04-18T14:33:48","modified_gmt":"2024-04-18T12:33:48","slug":"le-marais-de-lavours","status":"publish","type":"page","link":"https:\/\/culoz-beon.fr\/?page_id=504","title":{"rendered":"Le marais de Lavours"},"content":{"rendered":"\n<section class=\"wp-block-uagb-section uagb-section__wrap uagb-section__background-image alignfull uagb-block-82c4c7a9-6e25-4e2e-8f20-076d889213e0\"><div class=\"uagb-section__overlay\"><\/div><div class=\"uagb-section__inner-wrap\">\n\n<h1 class=\"titre-page-bandeau wp-block-heading\">Le marais de Lavours<\/h1>\n\n<\/div><\/section>\n\n\n\n<p>Le Marais de Lavours est une r\u00e9serve naturelle nationale de 500 ha situ\u00e9e au pied du massif du Grand Colombier, sur la commune de Ceyz\u00e9rieu. Un sentier sur pilotis de plus d&rsquo;un kilom\u00e8tre de long permet de d\u00e9couvrir des milieux naturels d&rsquo;exception.<\/p>\n\n\n\n<p>Pour aller plus loin visiter le site internet du marais <a href=\"https:\/\/www.reserve-lavours.com\/\">ici<\/a> <\/p>\n\n\n\n<p><\/p>\n\n\n\n<figure class=\"wp-block-image size-full\"><img loading=\"lazy\" decoding=\"async\" width=\"1024\" height=\"512\" src=\"https:\/\/culoz-beon.fr\/wp-content\/uploads\/2024\/04\/marais-de-lavours-grand-colombier-10.jpg\" alt=\"\" class=\"wp-image-8053\" srcset=\"https:\/\/culoz-beon.fr\/wp-content\/uploads\/2024\/04\/marais-de-lavours-grand-colombier-10.jpg 1024w, https:\/\/culoz-beon.fr\/wp-content\/uploads\/2024\/04\/marais-de-lavours-grand-colombier-10-300x150.jpg 300w, https:\/\/culoz-beon.fr\/wp-content\/uploads\/2024\/04\/marais-de-lavours-grand-colombier-10-768x384.jpg 768w, https:\/\/culoz-beon.fr\/wp-content\/uploads\/2024\/04\/marais-de-lavours-grand-colombier-10-24x12.jpg 24w, https:\/\/culoz-beon.fr\/wp-content\/uploads\/2024\/04\/marais-de-lavours-grand-colombier-10-36x18.jpg 36w, https:\/\/culoz-beon.fr\/wp-content\/uploads\/2024\/04\/marais-de-lavours-grand-colombier-10-48x24.jpg 48w\" sizes=\"(max-width: 1024px) 100vw, 1024px\" \/><\/figure>\n\n\n\n<p><\/p>\n\n\n\n<div class=\"wp-block-advgb-accordions advgb-accordions-5e8218d3-ce52-4d1d-a640-bd6edede9a8a advgb-accordion-wrapper\" data-collapsed=\"true\">\n<div class=\"wp-block-advgb-accordion-item advgb-accordion-item\" style=\"margin-bottom:15px\"><div class=\"advgb-accordion-header\" style=\"background-color:#000;color:#eee;border-style:solid;border-width:1px;border-radius:2px\"><span class=\"advgb-accordion-header-icon\"><svg fill=\"#fff\" xmlns=\"http:\/\/www.w3.org\/2000\/svg\" width=\"24\" height=\"24\" viewBox=\"0 0 24 24\"><path fill=\"none\" d=\"M0,0h24v24H0V0z\"><\/path><path d=\"M12,5.83L15.17,9l1.41-1.41L12,3L7.41,7.59L8.83,9L12,5.83z M12,18.17L8.83,15l-1.41,1.41L12,21l4.59-4.59L15.17,15 L12,18.17z\"><\/path><\/svg><\/span><h4 class=\"advgb-accordion-header-title\" style=\"color:inherit\">UN DES DERNIERS GRANDS MARAIS CONTINENTAUX D&rsquo;EUROPE DE L&rsquo;OUEST<\/h4><\/div><div class=\"advgb-accordion-body\" style=\"border-style:solid !important;border-width:1px !important;border-color:undefined !important;border-top:none !important;border-radius:2px !important\">\n<p>Le territoire de la r\u00e9serve naturelle du Marais de Lavours se situe dans l&rsquo;est du d\u00e9partement, sur les communes de B\u00e9on, Ceyz\u00e9rieu, Culoz, Flaxieu et Pollieu. D&rsquo;une superficie de 474 ha, il s&rsquo;\u00e9tend sur les derni\u00e8res zones mar\u00e9cageuses restantes \u00e0 proximit\u00e9 du haut-Rh\u00f4ne qui constituaient les marais de Chautagne et l&rsquo;ancien lit du Rh\u00f4ne au nord du lac du Bourget. La fonte du glacier du Rh\u00f4ne, il y a 15 000 ans, a entrain\u00e9 la cr\u00e9ation d&rsquo;un lac immense aliment\u00e9 par le S\u00e9ran et le Rh\u00f4ne, qui s&rsquo;est progressivement combl\u00e9 et a laiss\u00e9 place au lac du Bourget situ\u00e9 dans une cuvette plus profonde et aux marais de Lavours et de Chautagne.<\/p>\n\n\n\n<p>La lente transformation des d\u00e9bris v\u00e9g\u00e9taux dans le sol inond\u00e9 du Marais a cr\u00e9e de la Tourbe, au rythme d&rsquo;un m\u00e8tre par mill\u00e9naire. Cette tourbe est exploit\u00e9e \u00e0 partir du douzi\u00e8me si\u00e8cle, en compl\u00e9ment de la pratique de l&rsquo;\u00e9levage et de la r\u00e9colte de foin. Au dix-neuvi\u00e8me si\u00e8cle, ces pratiques sont abandonn\u00e9es, ce qui entraine un boisement progressif du marais. Une grande partie des prairies est labour\u00e9e et drain\u00e9e dans les ann\u00e9es 1970 pour permettre la culture de c\u00e9r\u00e9ales et la plantation de peupliers.<\/p>\n\n\n\n<p><\/p>\n\n\n\n<figure class=\"wp-block-image size-full\"><img loading=\"lazy\" decoding=\"async\" width=\"512\" height=\"384\" src=\"https:\/\/culoz-beon.fr\/wp-content\/uploads\/2024\/04\/unnamed.jpg\" alt=\"\" class=\"wp-image-8054\" srcset=\"https:\/\/culoz-beon.fr\/wp-content\/uploads\/2024\/04\/unnamed.jpg 512w, https:\/\/culoz-beon.fr\/wp-content\/uploads\/2024\/04\/unnamed-300x225.jpg 300w, https:\/\/culoz-beon.fr\/wp-content\/uploads\/2024\/04\/unnamed-510x384.jpg 510w, https:\/\/culoz-beon.fr\/wp-content\/uploads\/2024\/04\/unnamed-24x18.jpg 24w, https:\/\/culoz-beon.fr\/wp-content\/uploads\/2024\/04\/unnamed-36x27.jpg 36w, https:\/\/culoz-beon.fr\/wp-content\/uploads\/2024\/04\/unnamed-48x36.jpg 48w\" sizes=\"(max-width: 512px) 100vw, 512px\" \/><\/figure>\n<\/div><\/div>\n<\/div>\n\n\n\n<p><\/p>\n\n\n\n<div class=\"wp-block-advgb-accordions advgb-accordions-172e9709-cb7d-4191-a0b3-37b4e6af3be9 advgb-accordion-wrapper\" data-collapsed=\"true\">\n<div class=\"wp-block-advgb-accordion-item advgb-accordion-item\" style=\"margin-bottom:15px\"><div class=\"advgb-accordion-header\" style=\"background-color:#000;color:#eee;border-style:solid;border-width:1px;border-radius:2px\"><span class=\"advgb-accordion-header-icon\"><svg fill=\"#fff\" xmlns=\"http:\/\/www.w3.org\/2000\/svg\" width=\"24\" height=\"24\" viewBox=\"0 0 24 24\"><path fill=\"none\" d=\"M0,0h24v24H0V0z\"><\/path><path d=\"M12,5.83L15.17,9l1.41-1.41L12,3L7.41,7.59L8.83,9L12,5.83z M12,18.17L8.83,15l-1.41,1.41L12,21l4.59-4.59L15.17,15 L12,18.17z\"><\/path><\/svg><\/span><h4 class=\"advgb-accordion-header-title\" style=\"color:inherit\">LA CR\u00c9ATION DE LA R\u00c9SERVE NATURELLE<\/h4><\/div><div class=\"advgb-accordion-body\" style=\"border-style:solid !important;border-width:1px !important;border-color:undefined !important;border-top:none !important;border-radius:2px !important\">\n<p>En 1984, une R\u00e9serve Naturelle Nationale est cr\u00e9e pour pr\u00e9server le marais, riche d&rsquo;une faune et d&rsquo;une flore remarquable. C&rsquo;est l&rsquo;EID (Entente Interd\u00e9partementale pour la D\u00e9moustication) qui est d\u00e9sign\u00e9e par l&rsquo;Etat pour \u00eatre gestionnaire.<\/p>\n\n\n\n<p>371 esp\u00e8ces de plantes ont d\u00e9j\u00e0 \u00e9t\u00e9 recens\u00e9es et de nouvelles d\u00e9couvertes sont effectu\u00e9es chaque ann\u00e9e. On observe notamment dans le marais une plante carnivore : le Rossolis \u00e0 longue feuille. Plus de 400 esp\u00e8ces de champignons ont \u00e9t\u00e9 inventori\u00e9es et l&rsquo;\u00e9tude des algues, des lichens, des foug\u00e8res et des mousses est en cours.&nbsp;<\/p>\n\n\n\n<p>En terme de faune, le territoire de la r\u00e9serve accueille de nombreux oiseaux dont le courlis cendr\u00e9, le busard des roseaux ou encore la Gorge-bleue \u00e0 miroir. Les mammif\u00e8res sont \u00e9galement bien repr\u00e9sent\u00e9e avec la pr\u00e9sence r\u00e9guli\u00e8re des sangliers, chevreuils, castors, cerfs, rats des moissons ou encore putois. A noter les amphibiens tr\u00e8s pr\u00e9sents avec la grenouille rousse, le Triton Palm\u00e9, la Grenouille agile et le Crapaud sonneur \u00e0 ventre jaune.<\/p>\n\n\n\n<p><\/p>\n\n\n\n<figure class=\"wp-block-image size-large is-resized\"><img loading=\"lazy\" decoding=\"async\" width=\"1024\" height=\"576\" src=\"https:\/\/culoz-beon.fr\/wp-content\/uploads\/2024\/04\/maison_du_marais_petit-1024x576.png\" alt=\"\" class=\"wp-image-8057\" style=\"width:675px;height:auto\" srcset=\"https:\/\/culoz-beon.fr\/wp-content\/uploads\/2024\/04\/maison_du_marais_petit-1024x576.png 1024w, https:\/\/culoz-beon.fr\/wp-content\/uploads\/2024\/04\/maison_du_marais_petit-300x169.png 300w, https:\/\/culoz-beon.fr\/wp-content\/uploads\/2024\/04\/maison_du_marais_petit-768x432.png 768w, https:\/\/culoz-beon.fr\/wp-content\/uploads\/2024\/04\/maison_du_marais_petit-1110x624.png 1110w, https:\/\/culoz-beon.fr\/wp-content\/uploads\/2024\/04\/maison_du_marais_petit-528x297.png 528w, https:\/\/culoz-beon.fr\/wp-content\/uploads\/2024\/04\/maison_du_marais_petit-24x14.png 24w, https:\/\/culoz-beon.fr\/wp-content\/uploads\/2024\/04\/maison_du_marais_petit-36x20.png 36w, https:\/\/culoz-beon.fr\/wp-content\/uploads\/2024\/04\/maison_du_marais_petit-48x27.png 48w, https:\/\/culoz-beon.fr\/wp-content\/uploads\/2024\/04\/maison_du_marais_petit.png 1280w\" sizes=\"(max-width: 1024px) 100vw, 1024px\" \/><\/figure>\n<\/div><\/div>\n<\/div>\n\n\n\n<div class=\"wp-block-advgb-accordions advgb-accordions-ce08691b-3cef-4a83-94fa-fb7435816876 advgb-accordion-wrapper\" data-collapsed=\"true\">\n<div class=\"wp-block-advgb-accordion-item advgb-accordion-item\" style=\"margin-bottom:15px\"><div class=\"advgb-accordion-header\" style=\"background-color:#000;color:#eee;border-style:solid;border-width:1px;border-radius:2px\"><span class=\"advgb-accordion-header-icon\"><svg fill=\"#fff\" xmlns=\"http:\/\/www.w3.org\/2000\/svg\" width=\"24\" height=\"24\" viewBox=\"0 0 24 24\"><path fill=\"none\" d=\"M0,0h24v24H0V0z\"><\/path><path d=\"M12,5.83L15.17,9l1.41-1.41L12,3L7.41,7.59L8.83,9L12,5.83z M12,18.17L8.83,15l-1.41,1.41L12,21l4.59-4.59L15.17,15 L12,18.17z\"><\/path><\/svg><\/span><h4 class=\"advgb-accordion-header-title\" style=\"color:inherit\">UNE IMMERSION AU COEUR DU MARAIS<\/h4><\/div><div class=\"advgb-accordion-body\" style=\"border-style:solid !important;border-width:1px !important;border-color:undefined !important;border-top:none !important;border-radius:2px !important\">\n<p>Venez d\u00e9couvrir le fonctionnement du marais et ses richesses, des films, des expositions permanentes et temporaires ou encore une boutique.<\/p>\n\n\n\n<p>Suivez ensuite le nouveau sentier sur pilotis, accessible toute l&rsquo;ann\u00e9e, qui vous conduira au c\u0153ur du Marais sur plus d&rsquo;un kilom\u00e8tre (environ 1h30 de promenade au d\u00e9part du hameau d&rsquo;Aignoz). Des panneaux p\u00e9dagogiques ainsi que des observatoires vous permettront d&rsquo;en apprendre davantage sur les richesses du Marais de Lavours.<\/p>\n\n\n\n<p>Informations pratiques :<br>Les cars de plus de 14 m\u00e8tres acc\u00e8dent difficilement au site. Une aire de pique-nique am\u00e9nag\u00e9e est \u00e0 disposition \u00e0 proximit\u00e9 du parking. Les chiens m\u00eame tenus en laisse sont interdits sur le site.<\/p>\n<\/div><\/div>\n<\/div>\n\n\n\n<p><\/p>\n\n\n\n<p><\/p>\n","protected":false},"excerpt":{"rendered":"<p>Le Marais de Lavours est une r\u00e9serve naturelle nationale de 500 ha situ\u00e9e au pied du massif du Grand Colombier, sur la commune de Ceyz\u00e9rieu. Un sentier sur pilotis de plus d&rsquo;un kilom\u00e8tre de long permet de d\u00e9couvrir des milieux naturels d&rsquo;exception. Pour aller plus loin visiter le site internet du marais ici<\/p>\n","protected":false},"author":1,"featured_media":0,"parent":0,"menu_order":0,"comment_status":"closed","ping_status":"closed","template":"","meta":{"advgb_blocks_editor_width":"","advgb_blocks_columns_visual_guide":"","footnotes":""},"coauthors":[],"author_meta":{"author_link":"https:\/\/culoz-beon.fr\/?author=1","display_name":"culozfreyoculoz"},"relative_dates":{"created":"Publi\u00e9 7 ans il y a","modified":"Mis \u00e0 jour 2 ans il y a"},"absolute_dates":{"created":"Publi\u00e9 le 22 mars 2019","modified":"Mise \u00e0 jour le 18 avril 2024"},"absolute_dates_time":{"created":"Publi\u00e9 le 22 mars 2019 15 h 11 min","modified":"Mise \u00e0 jour le 18 avril 2024 14 h 33 min"},"featured_img_caption":"","featured_img":false,"series_order":"","_links":{"self":[{"href":"https:\/\/culoz-beon.fr\/index.php?rest_route=\/wp\/v2\/pages\/504"}],"collection":[{"href":"https:\/\/culoz-beon.fr\/index.php?rest_route=\/wp\/v2\/pages"}],"about":[{"href":"https:\/\/culoz-beon.fr\/index.php?rest_route=\/wp\/v2\/types\/page"}],"author":[{"embeddable":true,"href":"https:\/\/culoz-beon.fr\/index.php?rest_route=\/wp\/v2\/users\/1"}],"replies":[{"embeddable":true,"href":"https:\/\/culoz-beon.fr\/index.php?rest_route=%2Fwp%2Fv2%2Fcomments&post=504"}],"version-history":[{"count":33,"href":"https:\/\/culoz-beon.fr\/index.php?rest_route=\/wp\/v2\/pages\/504\/revisions"}],"predecessor-version":[{"id":8060,"href":"https:\/\/culoz-beon.fr\/index.php?rest_route=\/wp\/v2\/pages\/504\/revisions\/8060"}],"wp:attachment":[{"href":"https:\/\/culoz-beon.fr\/index.php?rest_route=%2Fwp%2Fv2%2Fmedia&parent=504"}],"curies":[{"name":"wp","href":"https:\/\/api.w.org\/{rel}","templated":true}]}}