{"id":502,"date":"2019-03-22T15:11:10","date_gmt":"2019-03-22T14:11:10","guid":{"rendered":"http:\/\/culoz.fr\/dvlpt\/?page_id=502"},"modified":"2024-04-18T14:05:15","modified_gmt":"2024-04-18T12:05:15","slug":"le-grand-colombier","status":"publish","type":"page","link":"https:\/\/culoz-beon.fr\/?page_id=502","title":{"rendered":"Le Grand Colombier"},"content":{"rendered":"\n<section class=\"wp-block-uagb-section uagb-section__wrap uagb-section__background-image alignfull uagb-block-9524efa1-4e3a-4102-9d78-3565ce4285ba\"><div class=\"uagb-section__overlay\"><\/div><div class=\"uagb-section__inner-wrap\">\n\n<h1 class=\"titre-page-bandeau wp-block-heading\">Le Grand Colombier<\/h1>\n\n<\/div><\/section>\n\n\n\n<h2 class=\"wp-block-heading\">G\u00e9ographie et environnement<\/h2>\n\n\n\n<div class=\"wp-block-advgb-accordions advgb-accordions-d88626b9-f5c7-4e6a-a978-2a2eaa1746da advgb-accordion-wrapper\" data-collapsed=\"true\">\n<div class=\"wp-block-advgb-accordion-item advgb-accordion-item\" style=\"margin-bottom:15px\"><div class=\"advgb-accordion-header\" style=\"background-color:#000;color:#eee;border-style:solid;border-width:1px;border-radius:2px\"><span class=\"advgb-accordion-header-icon\"><svg fill=\"#fff\" xmlns=\"http:\/\/www.w3.org\/2000\/svg\" width=\"24\" height=\"24\" viewBox=\"0 0 24 24\"><path fill=\"none\" d=\"M0,0h24v24H0V0z\"><\/path><path d=\"M12,5.83L15.17,9l1.41-1.41L12,3L7.41,7.59L8.83,9L12,5.83z M12,18.17L8.83,15l-1.41,1.41L12,21l4.59-4.59L15.17,15 L12,18.17z\"><\/path><\/svg><\/span><h4 class=\"advgb-accordion-header-title\" style=\"color:inherit\">Le Grand Colombier<\/h4><\/div><div class=\"advgb-accordion-body\" style=\"border-style:solid !important;border-width:1px !important;border-color:undefined !important;border-top:none !important;border-radius:2px !important\">\n<figure class=\"wp-block-image size-large is-resized\"><img loading=\"lazy\" decoding=\"async\" width=\"1024\" height=\"768\" src=\"https:\/\/culoz-beon.fr\/wp-content\/uploads\/2024\/04\/20210904_161545-1024x768.jpg\" alt=\"\" class=\"wp-image-8038\" style=\"width:668px;height:auto\" srcset=\"https:\/\/culoz-beon.fr\/wp-content\/uploads\/2024\/04\/20210904_161545-1024x768.jpg 1024w, https:\/\/culoz-beon.fr\/wp-content\/uploads\/2024\/04\/20210904_161545-300x225.jpg 300w, https:\/\/culoz-beon.fr\/wp-content\/uploads\/2024\/04\/20210904_161545-768x576.jpg 768w, https:\/\/culoz-beon.fr\/wp-content\/uploads\/2024\/04\/20210904_161545-1536x1152.jpg 1536w, https:\/\/culoz-beon.fr\/wp-content\/uploads\/2024\/04\/20210904_161545-2048x1536.jpg 2048w, https:\/\/culoz-beon.fr\/wp-content\/uploads\/2024\/04\/20210904_161545-24x18.jpg 24w, https:\/\/culoz-beon.fr\/wp-content\/uploads\/2024\/04\/20210904_161545-36x27.jpg 36w, https:\/\/culoz-beon.fr\/wp-content\/uploads\/2024\/04\/20210904_161545-48x36.jpg 48w\" sizes=\"(max-width: 1024px) 100vw, 1024px\" \/><\/figure>\n\n\n\n<p>Point culminant du Bugey, le Grand Colombier est un massif sur lesquels les prairies d\u2019alpage en altitude repr\u00e9sentent des enjeux naturels tr\u00e8s forts. Esp\u00e8ces floristiques et faunistiques diversifi\u00e9es (orchid\u00e9es, oiseaux\u2026) cohabitent gr\u00e2ce au maintien de milieux ouverts. Partez \u00e0 la d\u00e9couverte de ces milieux en randonnant sur les nombreux chemins balis\u00e9s ! Les points de vue sont remarquables.<\/p>\n\n\n\n<p><\/p>\n\n\n\n<p>Le grand Colombier labellis\u00e9 en 2017 fait partie de l&rsquo;entit\u00e9 g\u00e9ographique du\u00a0Bugey-Valromey.<\/p>\n\n\n\n<p><strong>Superficie<\/strong>&nbsp;:&nbsp; 1819 ha<\/p>\n\n\n\n<p>Le p\u00e9rim\u00e8tre ENS se situe sur les communes de Br\u00e9naz, Corbonod, Lochieu, Virieu-le-Petit, Anglefort, Chavornay, B\u00e9on et Culoz-B\u00e9on. Le p\u00e9rim\u00e8tre int\u00e8gre les pelouses d\u2019altitude du Grand Colombier depuis le point de vue du Fenestr\u00e9 au Sud jusqu\u2019\u00e0 Sur Lyand au nord, ainsi que le chalet d\u2019Arvi\u00e8re et la for\u00eat domaniale attenante. Le b\u00e2ti est exclu de l\u2019ENS.<\/p>\n\n\n\n<p>Outre le rep\u00e8re paysager, le site regroupe divers milieux d&rsquo;int\u00e9r\u00eat : prairies d\u2019altitude, pelouses s\u00e8ches, boisements.<\/p>\n\n\n\n<p>Haut-lieu du cyclisme, l&rsquo;ascension du grand Colombier est en passe de devenir un incontournable du Tour de France ; de son sommet, \u00e0 1 534 m de haut, la vue sur la chaine du Mont-Blanc et le vignoble du Bugey est imprenable et justifie \u00e0 elle seule les efforts fournis pour le gravir.<\/p>\n\n\n\n<p><\/p>\n\n\n\n<div data-wp-interactive=\"\" class=\"wp-block-file bouton-bleu\"><object data-wp-bind--hidden=\"!selectors.core.file.hasPdfPreview\" hidden class=\"wp-block-file__embed\" data=\"https:\/\/culoz-beon.fr\/wp-content\/uploads\/2024\/04\/g_colombier_bd.pdf\" type=\"application\/pdf\" style=\"width:100%;height:370px\" aria-label=\"PDF embarqu\u00e9\"><\/object><a href=\"https:\/\/culoz-beon.fr\/wp-content\/uploads\/2024\/04\/g_colombier_bd.pdf\" class=\"wp-block-file__button wp-element-button\" download>Le massif du Grand Colombier<\/a><\/div>\n<\/div><\/div>\n<\/div>\n\n\n\n<p><\/p>\n\n\n\n<h1 class=\"wp-block-heading\">Cyclisme<\/h1>\n\n\n\n<div class=\"wp-block-advgb-accordions advgb-accordions-faea880d-e794-417a-bd11-84234b5b398c advgb-accordion-wrapper\" data-collapsed=\"true\">\n<div class=\"wp-block-advgb-accordion-item advgb-accordion-item\" style=\"margin-bottom:15px\"><div class=\"advgb-accordion-header\" style=\"background-color:#000;color:#eee;border-style:solid;border-width:1px;border-radius:2px\"><span class=\"advgb-accordion-header-icon\"><svg fill=\"#fff\" xmlns=\"http:\/\/www.w3.org\/2000\/svg\" width=\"24\" height=\"24\" viewBox=\"0 0 24 24\"><path fill=\"none\" d=\"M0,0h24v24H0V0z\"><\/path><path d=\"M12,5.83L15.17,9l1.41-1.41L12,3L7.41,7.59L8.83,9L12,5.83z M12,18.17L8.83,15l-1.41,1.41L12,21l4.59-4.59L15.17,15 L12,18.17z\"><\/path><\/svg><\/span><h4 class=\"advgb-accordion-header-title\" style=\"color:inherit\">Un col de l\u00e9gende<\/h4><\/div><div class=\"advgb-accordion-body\" style=\"border-style:solid !important;border-width:1px !important;border-color:undefined !important;border-top:none !important;border-radius:2px !important\">\n<p>Etape m\u00e9morable du Tour de France 2012, 2016, 2017, 2020 et 2023, le col du Grand Colombier et ses 4 faces est un col de l\u00e9gende et un vrai d\u00e9fi pour les coureurs cyclistes avec 18 km de route depuis Culoz (versant sud du Grand-Colombier), 1 262 m de d\u00e9nivel\u00e9 et des passages \u00e0 14 %.<\/p>\n\n\n\n<p>Situ\u00e9 \u00e0 30 min d\u2019Aix-les-Bains, 1h d\u2019Annecy et Gen\u00e8ve et 1h30 de Lyon, le Grand Colombier et ses lacets sont une \u00e9tape obligatoire pour tous les cyclistes souhaitant se mesurer \u00e0 un col tr\u00e8s difficile offrant une vue incomparable sur les alentours.<\/p>\n\n\n\n<p>Vous r\u00eavez de vous attaquer \u00e0 un des cols les plus durs de France ?<br>Vous n\u2019avez pas peur d\u2019encha\u00eener 2, 3 ou 4 ascensions aller-retour du Grand Colombier par des faces diff\u00e9rentes dans la m\u00eame journ\u00e9e ?<br>Vous \u00eates pr\u00eats pour rejoindre la confr\u00e9rie des F\u00eal\u00e9s du Grand Colombier.<\/p>\n\n\n\n<p><\/p>\n\n\n\n<figure class=\"wp-block-image size-large is-resized\"><img loading=\"lazy\" decoding=\"async\" width=\"1024\" height=\"683\" src=\"https:\/\/culoz-beon.fr\/wp-content\/uploads\/2024\/04\/20230714TDF2038-A.S.O.-Aurelien-Vialatte-1024x683.jpg\" alt=\"\" class=\"wp-image-8044\" style=\"width:641px;height:auto\" srcset=\"https:\/\/culoz-beon.fr\/wp-content\/uploads\/2024\/04\/20230714TDF2038-A.S.O.-Aurelien-Vialatte-1024x683.jpg 1024w, https:\/\/culoz-beon.fr\/wp-content\/uploads\/2024\/04\/20230714TDF2038-A.S.O.-Aurelien-Vialatte-300x200.jpg 300w, https:\/\/culoz-beon.fr\/wp-content\/uploads\/2024\/04\/20230714TDF2038-A.S.O.-Aurelien-Vialatte-768x512.jpg 768w, https:\/\/culoz-beon.fr\/wp-content\/uploads\/2024\/04\/20230714TDF2038-A.S.O.-Aurelien-Vialatte-1536x1024.jpg 1536w, https:\/\/culoz-beon.fr\/wp-content\/uploads\/2024\/04\/20230714TDF2038-A.S.O.-Aurelien-Vialatte-2048x1365.jpg 2048w, https:\/\/culoz-beon.fr\/wp-content\/uploads\/2024\/04\/20230714TDF2038-A.S.O.-Aurelien-Vialatte-24x16.jpg 24w, https:\/\/culoz-beon.fr\/wp-content\/uploads\/2024\/04\/20230714TDF2038-A.S.O.-Aurelien-Vialatte-36x24.jpg 36w, https:\/\/culoz-beon.fr\/wp-content\/uploads\/2024\/04\/20230714TDF2038-A.S.O.-Aurelien-Vialatte-48x32.jpg 48w\" sizes=\"(max-width: 1024px) 100vw, 1024px\" \/><figcaption class=\"wp-element-caption\">14\/07\/2023 &#8211; Tour de France 2023 &#8211; Etape 13 &#8211; Ch\u00e2tillon-sur-Chalaronne \/ Grand Colombier (137,8 km) &#8211; KWIATKOWSKI Michal (INEOS GRENADIERS)<\/figcaption><\/figure>\n<\/div><\/div>\n<\/div>\n\n\n\n<div class=\"wp-block-advgb-accordions advgb-accordions-25dbcf76-35b9-4f3e-b086-5194d211a5e7 advgb-accordion-wrapper\" data-collapsed=\"true\">\n<div class=\"wp-block-advgb-accordion-item advgb-accordion-item\" style=\"margin-bottom:15px\"><div class=\"advgb-accordion-header\" style=\"background-color:#000;color:#eee;border-style:solid;border-width:1px;border-radius:2px\"><span class=\"advgb-accordion-header-icon\"><svg fill=\"#fff\" xmlns=\"http:\/\/www.w3.org\/2000\/svg\" width=\"24\" height=\"24\" viewBox=\"0 0 24 24\"><path fill=\"none\" d=\"M0,0h24v24H0V0z\"><\/path><path d=\"M12,5.83L15.17,9l1.41-1.41L12,3L7.41,7.59L8.83,9L12,5.83z M12,18.17L8.83,15l-1.41,1.41L12,21l4.59-4.59L15.17,15 L12,18.17z\"><\/path><\/svg><\/span><h4 class=\"advgb-accordion-header-title\" style=\"color:inherit\">4 faces \u00e0 d\u00e9couvrir<\/h4><\/div><div class=\"advgb-accordion-body\" style=\"border-style:solid !important;border-width:1px !important;border-color:undefined !important;border-top:none !important;border-radius:2px !important\">\n<p><strong>Depuis Culoz<\/strong>\u00a0: 18,3 km. D+ : 1262 m.<br>Sans aucun doute la plus belle des faces avec ces lacets spectaculaires et un panorama remarquable qui se d\u00e9couvre au fil des premiers hectom\u00e8tres. Cette face est irr\u00e9guli\u00e8re et promet des chaleurs importantes dans les 7 premiers kilom\u00e8tres entre vignobles et falaises. A mi-parcours, des pentes plus faibles en for\u00eat permettent de se reposer un peu \u00e0 l\u2019abri du soleil avant d\u2019attaquer une deuxi\u00e8me partie tout aussi difficile que la premi\u00e8re. Un conseil, gardez un peu de forces pour la fin.<br><strong>Depuis Artemare, via Virieu-le-Petit :<\/strong>\u00a015,9 km. D+ : 1251 m.<br>La mont\u00e9e du Grand Colombier depuis Artemare (via Virieu-Le-Petit) est appel\u00e9e la \u00ab directissime \u00bb. Elle doit ce surnom \u00e9vocateur \u00e0 sa route qui serpente tr\u00e8s peu. Ainsi, on trouve un passage \u00e0 22% au-dessus de Virieu-le-Petit\u2026<br><strong>Depuis Anglefort<\/strong>\u00a0: 15,7 km. D+ : 1251 m.<br>La mont\u00e9e du Grand Colombier par Anglefort est peut-\u00eatre la moins connue mais reste n\u00e9anmoins redoutable !<br><strong>Depuis Champagne-en-Valromey par Lochieu :<\/strong>\u00a012,3 km. D+ : 900 m.<br>Cette mont\u00e9e du Grand Colombier est r\u00e9put\u00e9e pour \u00eatre la moins difficile des quatre faces. L\u2019ascension est compos\u00e9e de plusieurs replats entre ses rampes \u00e0 plus de 10% tout de m\u00eame. Les deux derniers km n\u2019offrent cependant aucun r\u00e9pit, la derni\u00e8re rampe est raide et souvent vent\u00e9e.<\/p>\n\n\n\n<figure class=\"wp-block-image size-large\"><img loading=\"lazy\" decoding=\"async\" width=\"1024\" height=\"654\" src=\"https:\/\/culoz-beon.fr\/wp-content\/uploads\/2024\/04\/pano-culoz-001-1024x654.jpg\" alt=\"\" class=\"wp-image-8045\" srcset=\"https:\/\/culoz-beon.fr\/wp-content\/uploads\/2024\/04\/pano-culoz-001-1024x654.jpg 1024w, https:\/\/culoz-beon.fr\/wp-content\/uploads\/2024\/04\/pano-culoz-001-300x192.jpg 300w, https:\/\/culoz-beon.fr\/wp-content\/uploads\/2024\/04\/pano-culoz-001-768x491.jpg 768w, https:\/\/culoz-beon.fr\/wp-content\/uploads\/2024\/04\/pano-culoz-001-1536x981.jpg 1536w, https:\/\/culoz-beon.fr\/wp-content\/uploads\/2024\/04\/pano-culoz-001-2048x1308.jpg 2048w, https:\/\/culoz-beon.fr\/wp-content\/uploads\/2024\/04\/pano-culoz-001-24x15.jpg 24w, https:\/\/culoz-beon.fr\/wp-content\/uploads\/2024\/04\/pano-culoz-001-36x23.jpg 36w, https:\/\/culoz-beon.fr\/wp-content\/uploads\/2024\/04\/pano-culoz-001-48x31.jpg 48w\" sizes=\"(max-width: 1024px) 100vw, 1024px\" \/><figcaption class=\"wp-element-caption\">lacets du grand colombier<\/figcaption><\/figure>\n\n\n\n<p><\/p>\n<\/div><\/div>\n<\/div>\n\n\n\n<p><\/p>\n\n\n\n<div class=\"wp-block-advgb-accordions advgb-accordions-29bd9daa-8f9d-4a60-beff-cd5634198cde advgb-accordion-wrapper\" data-collapsed=\"true\">\n<div class=\"wp-block-advgb-accordion-item advgb-accordion-item\" style=\"margin-bottom:15px\"><div class=\"advgb-accordion-header\" style=\"background-color:#000;color:#eee;border-style:solid;border-width:1px;border-radius:2px\"><span class=\"advgb-accordion-header-icon\"><svg fill=\"#fff\" xmlns=\"http:\/\/www.w3.org\/2000\/svg\" width=\"24\" height=\"24\" viewBox=\"0 0 24 24\"><path fill=\"none\" d=\"M0,0h24v24H0V0z\"><\/path><path d=\"M12,5.83L15.17,9l1.41-1.41L12,3L7.41,7.59L8.83,9L12,5.83z M12,18.17L8.83,15l-1.41,1.41L12,21l4.59-4.59L15.17,15 L12,18.17z\"><\/path><\/svg><\/span><h4 class=\"advgb-accordion-header-title\" style=\"color:inherit\">Les journ\u00e9es cyclo<\/h4><\/div><div class=\"advgb-accordion-body\" style=\"border-style:solid !important;border-width:1px !important;border-color:undefined !important;border-top:none !important;border-radius:2px !important\">\n<p><strong>Roulez sur une routes ferm\u00e9e aux voitures<\/strong>&nbsp;les deuxi\u00e8mes samedis des mois de juin, juillet, ao\u00fbt et septembre<strong>. En 2024, les journ\u00e9es cyclo auront lieu les 8 juin, 13 juillet, 10 ao\u00fbt, 14 septembre.<\/strong><\/p>\n\n\n\n<p>V\u00e9ritables f\u00eates du v\u00e9lo, moment convivial accessible \u00e0 tous les amoureux de la petite reine, les quatre journ\u00e9es sont des \u00e9v\u00e9nements&nbsp;<strong>gratuits<\/strong>&nbsp;et&nbsp;<strong>sans inscription<\/strong>.<\/p>\n\n\n\n<p>Un ravitaillement vous sera offert par le D\u00e9partement de l\u2019Ain, en collaboration avec les\u00a0F\u00eal\u00e9s du Grand Colombier\u00a0au sommet du col, un accueil caf\u00e9 est organis\u00e9 par l\u2019Office de Tourisme \u00e0 la Maison du v\u00e9lo de Culoz.<\/p>\n\n\n\n<figure class=\"wp-block-image size-large is-resized\"><img loading=\"lazy\" decoding=\"async\" width=\"1024\" height=\"648\" src=\"https:\/\/culoz-beon.fr\/wp-content\/uploads\/2024\/04\/journee-cyclo-1024x648.jpg\" alt=\"\" class=\"wp-image-8048\" style=\"width:597px;height:auto\" srcset=\"https:\/\/culoz-beon.fr\/wp-content\/uploads\/2024\/04\/journee-cyclo-1024x648.jpg 1024w, https:\/\/culoz-beon.fr\/wp-content\/uploads\/2024\/04\/journee-cyclo-300x190.jpg 300w, https:\/\/culoz-beon.fr\/wp-content\/uploads\/2024\/04\/journee-cyclo-768x486.jpg 768w, https:\/\/culoz-beon.fr\/wp-content\/uploads\/2024\/04\/journee-cyclo-24x15.jpg 24w, https:\/\/culoz-beon.fr\/wp-content\/uploads\/2024\/04\/journee-cyclo-36x23.jpg 36w, https:\/\/culoz-beon.fr\/wp-content\/uploads\/2024\/04\/journee-cyclo-48x30.jpg 48w, https:\/\/culoz-beon.fr\/wp-content\/uploads\/2024\/04\/journee-cyclo.jpg 1196w\" sizes=\"(max-width: 1024px) 100vw, 1024px\" \/><\/figure>\n<\/div><\/div>\n<\/div>\n\n\n\n<p><\/p>\n","protected":false},"excerpt":{"rendered":"<p>G\u00e9ographie et environnement Cyclisme<\/p>\n","protected":false},"author":1,"featured_media":0,"parent":0,"menu_order":0,"comment_status":"closed","ping_status":"closed","template":"","meta":{"advgb_blocks_editor_width":"","advgb_blocks_columns_visual_guide":"","footnotes":""},"coauthors":[],"author_meta":{"author_link":"https:\/\/culoz-beon.fr\/?author=1","display_name":"culozfreyoculoz"},"relative_dates":{"created":"Publi\u00e9 7 ans il y a","modified":"Mis \u00e0 jour 2 ans il y a"},"absolute_dates":{"created":"Publi\u00e9 le 22 mars 2019","modified":"Mise \u00e0 jour le 18 avril 2024"},"absolute_dates_time":{"created":"Publi\u00e9 le 22 mars 2019 15 h 11 min","modified":"Mise \u00e0 jour le 18 avril 2024 14 h 05 min"},"featured_img_caption":"","featured_img":false,"series_order":"","_links":{"self":[{"href":"https:\/\/culoz-beon.fr\/index.php?rest_route=\/wp\/v2\/pages\/502"}],"collection":[{"href":"https:\/\/culoz-beon.fr\/index.php?rest_route=\/wp\/v2\/pages"}],"about":[{"href":"https:\/\/culoz-beon.fr\/index.php?rest_route=\/wp\/v2\/types\/page"}],"author":[{"embeddable":true,"href":"https:\/\/culoz-beon.fr\/index.php?rest_route=\/wp\/v2\/users\/1"}],"replies":[{"embeddable":true,"href":"https:\/\/culoz-beon.fr\/index.php?rest_route=%2Fwp%2Fv2%2Fcomments&post=502"}],"version-history":[{"count":48,"href":"https:\/\/culoz-beon.fr\/index.php?rest_route=\/wp\/v2\/pages\/502\/revisions"}],"predecessor-version":[{"id":8051,"href":"https:\/\/culoz-beon.fr\/index.php?rest_route=\/wp\/v2\/pages\/502\/revisions\/8051"}],"wp:attachment":[{"href":"https:\/\/culoz-beon.fr\/index.php?rest_route=%2Fwp%2Fv2%2Fmedia&parent=502"}],"curies":[{"name":"wp","href":"https:\/\/api.w.org\/{rel}","templated":true}]}}