{"id":245,"date":"2019-03-07T16:03:44","date_gmt":"2019-03-07T15:03:44","guid":{"rendered":"http:\/\/culoz.fr\/dvlpt\/?page_id=245"},"modified":"2023-01-24T15:58:11","modified_gmt":"2023-01-24T14:58:11","slug":"college","status":"publish","type":"page","link":"https:\/\/culoz-beon.fr\/?page_id=245","title":{"rendered":"Coll\u00e8ge"},"content":{"rendered":"\n<h2 class=\"wp-block-heading\">Commune d\u00e9l\u00e9gu\u00e9e de Culoz<\/h2>\n\n\n\n<section class=\"wp-block-uagb-section uagb-section__wrap uagb-section__background-image alignfull uagb-block-b6d3ef87\"><div class=\"uagb-section__overlay\"><\/div><div class=\"uagb-section__inner-wrap\">\n\n<h1 class=\"titre-page-bandeau wp-block-heading\">Coll\u00e8ge<\/h1>\n\n<\/div><\/section>\n\n\n\n<p>Principal : Blaise ROUQUETTE<\/p>\n\n\n\n<p>200 Rue Claudius Richard &#8211; CULOZ &#8211; 01350 CULOZ-BEON<\/p>\n\n\n\n<p><a href=\"https:\/\/www.google.com\/search?q=college+henry+dunant+culoz&amp;rlz=1C1GCEU_frFR823FR832&amp;oq=COLLEGE+HENRY+DUN&amp;aqs=chrome.0.0i20i263i355i512j46i20i175i199i263i457i512j69i57j46i175i199i512j46i10i175i199i512l2j0i10i512l2j46i10i175i199i512l2.5831j0j15&amp;sourceid=chrome&amp;ie=UTF-8#\">04 79 87 00 24<\/a><\/p>\n\n\n\n<p><\/p>\n\n\n\n<h2 class=\"wp-block-heading\">Points forts du projet d&rsquo;\u00e9tablissement:<\/h2>\n\n\n\n<section class=\"wp-block-uagb-columns uagb-columns__wrap uagb-columns__background-undefined uagb-columns__stack-mobile uagb-columns__valign-center uagb-columns__gap-10 alignundefined uagb-block-428739ed\"><div class=\"uagb-columns__overlay\"><\/div><div class=\"uagb-columns__inner-wrap uagb-columns__columns-2\">\n\n<div class=\"wp-block-uagb-column uagb-column__wrap uagb-column__background-undefined uagb-block-0966d84f\"><div class=\"uagb-column__overlay\"><\/div><div class=\"uagb-column__inner-wrap\">\n\n<div class=\"wp-block-group\"><div class=\"wp-block-group__inner-container is-layout-flow wp-block-group-is-layout-flow\">\n\n<ul><li>Axe n\u00b01 : Promouvoir le vivre-ensemble<\/li><li>Axe n\u00b02 : Permettre la r\u00e9ussite individuelle et collective<\/li><li>Axe n\u00b03 : Favoriser l\u2019acc\u00e8s \u00e0 la culture\u00a0\u00bb<\/li><\/ul>\n\n<\/div><\/div>\n\n<\/div><\/div>\n\n\n<div class=\"wp-block-uagb-column uagb-column__wrap uagb-column__background-undefined uagb-block-b7f016f4\"><div class=\"uagb-column__overlay\"><\/div><div class=\"uagb-column__inner-wrap\">\n\n<figure class=\"wp-block-image size-large\"><img loading=\"lazy\" decoding=\"async\" width=\"1024\" height=\"683\" src=\"https:\/\/culoz-beon.fr\/wp-content\/uploads\/2020\/04\/IMG_0941-1024x683.jpg\" alt=\"\" class=\"wp-image-3260\" srcset=\"https:\/\/culoz-beon.fr\/wp-content\/uploads\/2020\/04\/IMG_0941-1024x683.jpg 1024w, https:\/\/culoz-beon.fr\/wp-content\/uploads\/2020\/04\/IMG_0941-300x200.jpg 300w, https:\/\/culoz-beon.fr\/wp-content\/uploads\/2020\/04\/IMG_0941-768x512.jpg 768w, https:\/\/culoz-beon.fr\/wp-content\/uploads\/2020\/04\/IMG_0941-1536x1024.jpg 1536w, https:\/\/culoz-beon.fr\/wp-content\/uploads\/2020\/04\/IMG_0941-2048x1365.jpg 2048w\" sizes=\"(max-width: 1024px) 100vw, 1024px\" \/><\/figure>\n\n<\/div><\/div>\n\n<\/div><\/section>\n\n\n\n<h2 class=\"wp-block-heading\">Plus d&rsquo;informations sur le site du coll\u00e8ge :<\/h2>\n\n\n\n<section class=\"wp-block-uagb-columns uagb-columns__wrap uagb-columns__background-undefined uagb-columns__stack-mobile uagb-columns__valign-center uagb-columns__gap-0 alignundefined uagb-block-8cb7b3ac\"><div class=\"uagb-columns__overlay\"><\/div><div class=\"uagb-columns__inner-wrap uagb-columns__columns-2\">\n\n<div class=\"wp-block-uagb-column uagb-column__wrap uagb-column__background-undefined uagb-block-31c2d64b\"><div class=\"uagb-column__overlay\"><\/div><div class=\"uagb-column__inner-wrap\">\n\n<figure class=\"wp-block-image size-large\"><img loading=\"lazy\" decoding=\"async\" width=\"1024\" height=\"683\" src=\"https:\/\/culoz-beon.fr\/wp-content\/uploads\/2020\/04\/IMG_0937-1024x683.jpg\" alt=\"\" class=\"wp-image-3259\" srcset=\"https:\/\/culoz-beon.fr\/wp-content\/uploads\/2020\/04\/IMG_0937-1024x683.jpg 1024w, https:\/\/culoz-beon.fr\/wp-content\/uploads\/2020\/04\/IMG_0937-300x200.jpg 300w, https:\/\/culoz-beon.fr\/wp-content\/uploads\/2020\/04\/IMG_0937-768x512.jpg 768w, https:\/\/culoz-beon.fr\/wp-content\/uploads\/2020\/04\/IMG_0937-1536x1024.jpg 1536w, https:\/\/culoz-beon.fr\/wp-content\/uploads\/2020\/04\/IMG_0937-2048x1365.jpg 2048w\" sizes=\"(max-width: 1024px) 100vw, 1024px\" \/><\/figure>\n\n<\/div><\/div>\n\n\n<div class=\"wp-block-uagb-column uagb-column__wrap uagb-column__background-undefined uagb-block-180ee16d\"><div class=\"uagb-column__overlay\"><\/div><div class=\"uagb-column__inner-wrap\">\n\n<p><a href=\"https:\/\/henrydunant.ent.auvergnerhonealpes.fr\">https:\/\/henrydunant.ent.auvergnerhonealpes.fr<\/a><\/p>\n\n\n<p><\/p>\n\n<\/div><\/div>\n\n<\/div><\/section>\n","protected":false},"excerpt":{"rendered":"<p>Commune d\u00e9l\u00e9gu\u00e9e de Culoz Principal : Blaise ROUQUETTE 200 Rue Claudius Richard &#8211; CULOZ &#8211; 01350 CULOZ-BEON 04 79 87 00 24 Points forts du projet d&rsquo;\u00e9tablissement: Plus d&rsquo;informations sur le site du coll\u00e8ge :<\/p>\n","protected":false},"author":1,"featured_media":0,"parent":0,"menu_order":2,"comment_status":"closed","ping_status":"closed","template":"","meta":{"advgb_blocks_editor_width":"","advgb_blocks_columns_visual_guide":"","footnotes":""},"coauthors":[],"author_meta":{"author_link":"https:\/\/culoz-beon.fr\/?author=1","display_name":"culozfreyoculoz"},"relative_dates":{"created":"Publi\u00e9 7 ans il y a","modified":"Mis \u00e0 jour 3 ans il y a"},"absolute_dates":{"created":"Publi\u00e9 le 7 mars 2019","modified":"Mise \u00e0 jour le 24 janvier 2023"},"absolute_dates_time":{"created":"Publi\u00e9 le 7 mars 2019 16 h 03 min","modified":"Mise \u00e0 jour le 24 janvier 2023 15 h 58 min"},"featured_img_caption":"","featured_img":false,"series_order":"","_links":{"self":[{"href":"https:\/\/culoz-beon.fr\/index.php?rest_route=\/wp\/v2\/pages\/245"}],"collection":[{"href":"https:\/\/culoz-beon.fr\/index.php?rest_route=\/wp\/v2\/pages"}],"about":[{"href":"https:\/\/culoz-beon.fr\/index.php?rest_route=\/wp\/v2\/types\/page"}],"author":[{"embeddable":true,"href":"https:\/\/culoz-beon.fr\/index.php?rest_route=\/wp\/v2\/users\/1"}],"replies":[{"embeddable":true,"href":"https:\/\/culoz-beon.fr\/index.php?rest_route=%2Fwp%2Fv2%2Fcomments&post=245"}],"version-history":[{"count":19,"href":"https:\/\/culoz-beon.fr\/index.php?rest_route=\/wp\/v2\/pages\/245\/revisions"}],"predecessor-version":[{"id":6291,"href":"https:\/\/culoz-beon.fr\/index.php?rest_route=\/wp\/v2\/pages\/245\/revisions\/6291"}],"wp:attachment":[{"href":"https:\/\/culoz-beon.fr\/index.php?rest_route=%2Fwp%2Fv2%2Fmedia&parent=245"}],"curies":[{"name":"wp","href":"https:\/\/api.w.org\/{rel}","templated":true}]}}