{"id":240,"date":"2019-03-07T16:03:10","date_gmt":"2019-03-07T15:03:10","guid":{"rendered":"http:\/\/culoz.fr\/dvlpt\/?page_id=240"},"modified":"2024-03-15T11:21:36","modified_gmt":"2024-03-15T10:21:36","slug":"maternelle","status":"publish","type":"page","link":"https:\/\/culoz-beon.fr\/?page_id=240","title":{"rendered":"Maternelle"},"content":{"rendered":"\n<h2 class=\"wp-block-heading\">Commune d\u00e9l\u00e9gu\u00e9e de Culoz<\/h2>\n\n\n\n<p>Directrice : Fabienne GENS (d\u00e9charg\u00e9e le jeudi)<\/p>\n\n\n\n<p>100 rue de l&rsquo;Eglise &#8211; CULOZ &#8211; 01350 CULOZ-BEON<\/p>\n\n\n\n<p><a href=\"https:\/\/www.google.com\/search?q=%C3%A9cole%20maternelle%20culoz&amp;rlz=1C1GCEU_frFR823FR832&amp;oq=%C3%A9cole+matern&amp;aqs=chrome.1.69i57j35i39j0i131i433i512j0i512l7.3166j0j15&amp;sourceid=chrome&amp;ie=UTF-8&amp;tbs=lf:1,lf_ui:2&amp;tbm=lcl&amp;sxsrf=AJOqlzUiPS1StC7Ln7XeYEkMjiA0vECPrQ:1674570696462&amp;rflfq=1&amp;num=10&amp;rldimm=17111343817668951491&amp;lqi=ChfDqWNvbGUgbWF0ZXJuZWxsZSBjdWxvekjr1MD85YCAgAhaKxAAEAEYABgBGAIiF8OpY29sZSBtYXRlcm5lbGxlIGN1bG96KgYIAhAAEAGSAQ5wcmltYXJ5X3NjaG9vbA&amp;ved=2ahUKEwi_wI38teD8AhUYVKQEHdjXDqgQvS56BAgSEAE&amp;sa=X&amp;rlst=f#\">04 79 87 04 21<\/a><\/p>\n\n\n\n<p><\/p>\n\n\n\n<h3 class=\"wp-block-heading\">Documents n\u00e9cessaires \u00e0 l\u2019admission \u00e0 l\u2019\u00e9cole maternelle&nbsp;<\/h3>\n\n\n\n<ul>\n<li>Certificat d\u2019inscription d\u00e9livr\u00e9 par la Mairie de Culoz<\/li>\n\n\n\n<li>Carnet de sant\u00e9<\/li>\n\n\n\n<li>Livret de famille<\/li>\n\n\n\n<li>Certificat de radiation, le cas \u00e9ch\u00e9ant<\/li>\n<\/ul>\n\n\n\n<h3 class=\"wp-block-heading\">Horaires&nbsp;<\/h3>\n\n\n\n<p>Lundi, mardi, jeudi, vendredi&nbsp;:<\/p>\n\n\n\n<ul>\n<li>8h35-11h35<\/li>\n\n\n\n<li>13h25-16h25<\/li>\n<\/ul>\n\n\n\n<p>Ouvertures des portes 10 minutes avant pour l\u2019entr\u00e9e en classe<\/p>\n\n\n\n<h2 class=\"wp-block-heading\">Commune d\u00e9l\u00e9gu\u00e9e de B\u00e9on<\/h2>\n\n\n\n<p>Chef lieu &#8211; BEON &#8211; 01350 CULOZ-BEON<\/p>\n\n\n\n<p><a href=\"https:\/\/www.google.com\/search?q=%C3%A9cole+maternelle+b%C3%A9on&amp;rlz=1C1GCEU_frFR823FR832&amp;sxsrf=AJOqlzUiPS1StC7Ln7XeYEkMjiA0vECPrQ%3A1674570696462&amp;ei=yOvPY7-8G5iokdUP2K-7wAo&amp;ved=0ahUKEwi_wI38teD8AhUYVKQEHdjXDqgQ4dUDCA8&amp;uact=5&amp;oq=%C3%A9cole+maternelle+b%C3%A9on&amp;gs_lcp=Cgxnd3Mtd2l6LXNlcnAQAzIECCMQJzoKCAAQRxDWBBCwAzoFCAAQgAQ6BggAEBYQHkoECEEYAEoECEYYAFCiDFiVEGCMEmgCcAF4AIABQ4gB5gGSAQE0mAEAoAEByAEDwAEB&amp;sclient=gws-wiz-serp#\">04 79 87 10 31<\/a><\/p>\n\n\n\n<p>L\u2019\u00e9cole primaire de B\u00e9on comprend deux classes. La premi\u00e8re, conduite par la directrice Claudia GIL, regroupe les \u00e9l\u00e8ves de la Petite Section de maternelle au CP. Martine DORVILLIERS la seconde pendant le temps scolaire, en qualit\u00e9 d\u2019ATSEM. Cette derni\u00e8re s\u2019occupe \u00e9galement de la garderie du matin et du soir. <\/p>\n\n\n\n<p>La deuxi\u00e8me classe r\u00e9unit les \u00e9l\u00e8ves du CE1 au CM2, dirig\u00e9e par Sandrine MAURIN.<\/p>\n\n\n\n<p>Les \u00e9l\u00e8ves \u00e9tudient dans des locaux mis \u00e0 leur disposition depuis janvier 2012 et financ\u00e9s par la Communaut\u00e9 de Communes BUGEY SUD.<\/p>\n\n\n\n<p><\/p>\n\n\n\n<p><\/p>\n","protected":false},"excerpt":{"rendered":"<p>Commune d\u00e9l\u00e9gu\u00e9e de Culoz Directrice : Fabienne GENS (d\u00e9charg\u00e9e le jeudi) 100 rue de l&rsquo;Eglise &#8211; CULOZ &#8211; 01350 CULOZ-BEON 04 79 87 04 21 Documents n\u00e9cessaires \u00e0 l\u2019admission \u00e0 l\u2019\u00e9cole maternelle&nbsp; Horaires&nbsp; Lundi, mardi, jeudi, vendredi&nbsp;: Ouvertures des portes 10 minutes avant pour l\u2019entr\u00e9e en classe Commune d\u00e9l\u00e9gu\u00e9e de B\u00e9on Chef lieu &#8211; BEON [&hellip;]<\/p>\n","protected":false},"author":1,"featured_media":0,"parent":0,"menu_order":0,"comment_status":"closed","ping_status":"closed","template":"","meta":{"advgb_blocks_editor_width":"","advgb_blocks_columns_visual_guide":"","footnotes":""},"coauthors":[],"author_meta":{"author_link":"https:\/\/culoz-beon.fr\/?author=1","display_name":"culozfreyoculoz"},"relative_dates":{"created":"Publi\u00e9 7 ans il y a","modified":"Mis \u00e0 jour 2 ans il y a"},"absolute_dates":{"created":"Publi\u00e9 le 7 mars 2019","modified":"Mise \u00e0 jour le 15 mars 2024"},"absolute_dates_time":{"created":"Publi\u00e9 le 7 mars 2019 16 h 03 min","modified":"Mise \u00e0 jour le 15 mars 2024 11 h 21 min"},"featured_img_caption":"","featured_img":false,"series_order":"","_links":{"self":[{"href":"https:\/\/culoz-beon.fr\/index.php?rest_route=\/wp\/v2\/pages\/240"}],"collection":[{"href":"https:\/\/culoz-beon.fr\/index.php?rest_route=\/wp\/v2\/pages"}],"about":[{"href":"https:\/\/culoz-beon.fr\/index.php?rest_route=\/wp\/v2\/types\/page"}],"author":[{"embeddable":true,"href":"https:\/\/culoz-beon.fr\/index.php?rest_route=\/wp\/v2\/users\/1"}],"replies":[{"embeddable":true,"href":"https:\/\/culoz-beon.fr\/index.php?rest_route=%2Fwp%2Fv2%2Fcomments&post=240"}],"version-history":[{"count":39,"href":"https:\/\/culoz-beon.fr\/index.php?rest_route=\/wp\/v2\/pages\/240\/revisions"}],"predecessor-version":[{"id":7837,"href":"https:\/\/culoz-beon.fr\/index.php?rest_route=\/wp\/v2\/pages\/240\/revisions\/7837"}],"wp:attachment":[{"href":"https:\/\/culoz-beon.fr\/index.php?rest_route=%2Fwp%2Fv2%2Fmedia&parent=240"}],"curies":[{"name":"wp","href":"https:\/\/api.w.org\/{rel}","templated":true}]}}