{"id":2350,"date":"2020-01-16T16:21:15","date_gmt":"2020-01-16T15:21:15","guid":{"rendered":"https:\/\/culoz.fr\/?page_id=2350"},"modified":"2025-03-13T10:52:56","modified_gmt":"2025-03-13T09:52:56","slug":"mentions-legales","status":"publish","type":"page","link":"https:\/\/culoz-beon.fr\/?page_id=2350","title":{"rendered":"Mentions l\u00e9gales"},"content":{"rendered":"\n<p>Site de la Mairie de Culoz-B\u00e9on<br>46 rue de la mairie<br>01350 Culoz-B\u00e9on \u2013 France<\/p>\n\n\n\n<p>Directeur de la publication : Franck Andr\u00e9-Masse, Maire de Culoz-B\u00e9on<br>Gestionnaire de site : Rapha\u00ebl Caput, Sophie Rubin-Delanchy service communication<br>Conception \u2013 r\u00e9alisation : Rapha\u00ebl Caput, service communication<br>H\u00e9bergement : OVH  (SAS OVH, 2 rue Kellermann \u2013 59100 Roubaix \u2013 France SAS au capital de 10 174 560 \u20ac RCS Lille M\u00e9tropole 424 761 419 00045 Code APE 2620Z  )<\/p>\n","protected":false},"excerpt":{"rendered":"<p>Site de la Mairie de Culoz-B\u00e9on46 rue de la mairie01350 Culoz-B\u00e9on \u2013 France Directeur de la publication : Franck Andr\u00e9-Masse, Maire de Culoz-B\u00e9onGestionnaire de site : Rapha\u00ebl Caput, Sophie Rubin-Delanchy service communicationConception \u2013 r\u00e9alisation : Rapha\u00ebl Caput, service communicationH\u00e9bergement : OVH (SAS OVH, 2 rue Kellermann \u2013 59100 Roubaix \u2013 France SAS au capital de [&hellip;]<\/p>\n","protected":false},"author":1,"featured_media":0,"parent":0,"menu_order":0,"comment_status":"closed","ping_status":"closed","template":"","meta":{"advgb_blocks_editor_width":"","advgb_blocks_columns_visual_guide":"","footnotes":""},"coauthors":[],"author_meta":{"author_link":"https:\/\/culoz-beon.fr\/?author=1","display_name":"culozfreyoculoz"},"relative_dates":{"created":"Publi\u00e9 6 ans il y a","modified":"Mis \u00e0 jour 1 an il y a"},"absolute_dates":{"created":"Publi\u00e9 le 16 janvier 2020","modified":"Mise \u00e0 jour le 13 mars 2025"},"absolute_dates_time":{"created":"Publi\u00e9 le 16 janvier 2020 16 h 21 min","modified":"Mise \u00e0 jour le 13 mars 2025 10 h 52 min"},"featured_img_caption":"","featured_img":false,"series_order":"","_links":{"self":[{"href":"https:\/\/culoz-beon.fr\/index.php?rest_route=\/wp\/v2\/pages\/2350"}],"collection":[{"href":"https:\/\/culoz-beon.fr\/index.php?rest_route=\/wp\/v2\/pages"}],"about":[{"href":"https:\/\/culoz-beon.fr\/index.php?rest_route=\/wp\/v2\/types\/page"}],"author":[{"embeddable":true,"href":"https:\/\/culoz-beon.fr\/index.php?rest_route=\/wp\/v2\/users\/1"}],"replies":[{"embeddable":true,"href":"https:\/\/culoz-beon.fr\/index.php?rest_route=%2Fwp%2Fv2%2Fcomments&post=2350"}],"version-history":[{"count":3,"href":"https:\/\/culoz-beon.fr\/index.php?rest_route=\/wp\/v2\/pages\/2350\/revisions"}],"predecessor-version":[{"id":8728,"href":"https:\/\/culoz-beon.fr\/index.php?rest_route=\/wp\/v2\/pages\/2350\/revisions\/8728"}],"wp:attachment":[{"href":"https:\/\/culoz-beon.fr\/index.php?rest_route=%2Fwp%2Fv2%2Fmedia&parent=2350"}],"curies":[{"name":"wp","href":"https:\/\/api.w.org\/{rel}","templated":true}]}}