{"id":1395,"date":"2019-10-15T09:53:32","date_gmt":"2019-10-15T07:53:32","guid":{"rendered":"http:\/\/culoz.fr\/dvlpt\/?page_id=1395"},"modified":"2023-12-05T11:50:46","modified_gmt":"2023-12-05T10:50:46","slug":"organisation-devenement","status":"publish","type":"page","link":"https:\/\/culoz-beon.fr\/?page_id=1395","title":{"rendered":"Organisation de manifestations"},"content":{"rendered":"\n<section class=\"wp-block-uagb-section uagb-section__wrap uagb-section__background-image alignfull uagb-block-604c9a68\"><div class=\"uagb-section__overlay\"><\/div><div class=\"uagb-section__inner-wrap\">\n\n<h1 class=\"has-text-align-center titre-page-bandeau wp-block-heading\">Organisation de manifestation<\/h1>\n\n<\/div><\/section>\n\n\n\n<p><\/p>\n\n\n\n<div class=\"wp-block-file bouton-bleu\"><a href=\"https:\/\/culoz-beon.fr\/wp-content\/uploads\/2023\/12\/Dossier-prealable-a-lorganisation-dune-manifestation.docx\" class=\"wp-block-file__button\" download>Dossier-pr\u00e9alable-a-l&rsquo;organisation-dune-manifestation<\/a><\/div>\n\n\n\n<p><\/p>\n","protected":false},"excerpt":{"rendered":"","protected":false},"author":1,"featured_media":0,"parent":0,"menu_order":0,"comment_status":"closed","ping_status":"closed","template":"","meta":{"advgb_blocks_editor_width":"","advgb_blocks_columns_visual_guide":"","footnotes":""},"coauthors":[],"author_meta":{"author_link":"https:\/\/culoz-beon.fr\/?author=1","display_name":"culozfreyoculoz"},"relative_dates":{"created":"Publi\u00e9 7 ans il y a","modified":"Mis \u00e0 jour 2 ans il y a"},"absolute_dates":{"created":"Publi\u00e9 le 15 octobre 2019","modified":"Mise \u00e0 jour le 5 d\u00e9cembre 2023"},"absolute_dates_time":{"created":"Publi\u00e9 le 15 octobre 2019 9 h 53 min","modified":"Mise \u00e0 jour le 5 d\u00e9cembre 2023 11 h 50 min"},"featured_img_caption":"","featured_img":false,"series_order":"","_links":{"self":[{"href":"https:\/\/culoz-beon.fr\/index.php?rest_route=\/wp\/v2\/pages\/1395"}],"collection":[{"href":"https:\/\/culoz-beon.fr\/index.php?rest_route=\/wp\/v2\/pages"}],"about":[{"href":"https:\/\/culoz-beon.fr\/index.php?rest_route=\/wp\/v2\/types\/page"}],"author":[{"embeddable":true,"href":"https:\/\/culoz-beon.fr\/index.php?rest_route=\/wp\/v2\/users\/1"}],"replies":[{"embeddable":true,"href":"https:\/\/culoz-beon.fr\/index.php?rest_route=%2Fwp%2Fv2%2Fcomments&post=1395"}],"version-history":[{"count":67,"href":"https:\/\/culoz-beon.fr\/index.php?rest_route=\/wp\/v2\/pages\/1395\/revisions"}],"predecessor-version":[{"id":7426,"href":"https:\/\/culoz-beon.fr\/index.php?rest_route=\/wp\/v2\/pages\/1395\/revisions\/7426"}],"wp:attachment":[{"href":"https:\/\/culoz-beon.fr\/index.php?rest_route=%2Fwp%2Fv2%2Fmedia&parent=1395"}],"curies":[{"name":"wp","href":"https:\/\/api.w.org\/{rel}","templated":true}]}}